{"id":4476,"date":"2025-11-17T05:52:26","date_gmt":"2025-11-17T05:52:26","guid":{"rendered":"https:\/\/mountlaser.com\/?post_type=product&#038;p=4476"},"modified":"2025-11-26T09:02:54","modified_gmt":"2025-11-26T09:02:54","slug":"ltp02-laser-target-plate","status":"publish","type":"product","link":"https:\/\/mountlaser.com\/pl\/produkt\/ltp02-laser-target-plate\/","title":{"rendered":"P\u0142ytka celownicza laserowa LTP02"},"content":{"rendered":"<p>Ten <a href=\"https:\/\/mountlaser.com\/pl\/products\/\"><strong>P\u0142ytka celownicza laserowa LTP02<\/strong><\/a> jest o wysokiej widoczno\u015bci <a href=\"https:\/\/mountlaser.com\/pl\/\"><strong>P\u0142ytka z celownikiem laserowym<\/strong><\/a> Zaprojektowana w celu zwi\u0119kszenia przejrzysto\u015bci i dok\u0142adno\u015bci linii laserowych podczas prac poziomowania i ustawiania. Zaprojektowana z odblaskow\u0105, wysokokontrastow\u0105 powierzchni\u0105, tarcza celownicza LTP02 poprawia widoczno\u015b\u0107 wi\u0105zki laserowej z du\u017cej odleg\u0142o\u015bci i w jasnym otoczeniu, dzi\u0119ki czemu idealnie nadaje si\u0119 zar\u00f3wno do zastosowa\u0144 wewn\u0119trznych, jak i zewn\u0119trznych.<\/p>\n<p><img fetchpriority=\"high\" decoding=\"async\" class=\"aligncenter wp-image-4478\" src=\"https:\/\/mountlaser.com\/wp-content\/uploads\/2025\/11\/LTP022.webp\" alt=\"LTP02 laser target plate\" width=\"500\" height=\"500\" srcset=\"https:\/\/mountlaser.com\/wp-content\/uploads\/2025\/11\/LTP022.webp 1000w, https:\/\/mountlaser.com\/wp-content\/uploads\/2025\/11\/LTP022-300x300.webp 300w, https:\/\/mountlaser.com\/wp-content\/uploads\/2025\/11\/LTP022-400x400.webp 400w, https:\/\/mountlaser.com\/wp-content\/uploads\/2025\/11\/LTP022-800x800.webp 800w, https:\/\/mountlaser.com\/wp-content\/uploads\/2025\/11\/LTP022-600x600.webp 600w, https:\/\/mountlaser.com\/wp-content\/uploads\/2025\/11\/LTP022-150x150.webp 150w, https:\/\/mountlaser.com\/wp-content\/uploads\/2025\/11\/LTP022-768x768.webp 768w, https:\/\/mountlaser.com\/wp-content\/uploads\/2025\/11\/LTP022-12x12.webp 12w\" sizes=\"(max-width: 500px) 100vw, 500px\" \/><\/p>\n<p>Aby sprosta\u0107 r\u00f3\u017cnym potrzebom operacyjnym, <a href=\"https:\/\/mountlaser.com\/pl\/contact-us\/\">P\u0142ytka celownicza laserowa LTP02<\/a> Dost\u0119pna w dw\u00f3ch kolorach: czerwonym dla czerwonych linii laserowych i zielonym dla zielonych linii laserowych, co zapewnia optymalny kontrast i \u0142atwe wykrywanie wi\u0105zki laserowej. Ta trwa\u0142a p\u0142ytka z celownikiem laserowym posiada wyra\u017ane oznaczenia skali, stabilne podparcie i solidn\u0105 konstrukcj\u0119, dzi\u0119ki czemu idealnie nadaje si\u0119 dla profesjonalist\u00f3w z bran\u017cy budowlanej, remontowej i projektowej, kt\u00f3rzy wymagaj\u0105 precyzji.<\/p>","protected":false},"excerpt":{"rendered":"<ul>\n<li>Poprawia widoczno\u015b\u0107 linii laserowej na du\u017ce odleg\u0142o\u015bci lub w jasnych warunkach pracy<\/li>\n<li>Odblaskowa powierzchnia poprawia kontrast w przypadku narz\u0119dzi laserowych emituj\u0105cych \u015bwiat\u0142o czerwone i zielone<\/li>\n<li>Dost\u0119pne w kolorze czerwonym (dla czerwonych linii laserowych) i zielonym (dla zielonych linii laserowych)<\/li>\n<li>Wyra\u017ane oznaczenia pomiarowe zapewniaj\u0105ce precyzyjne ustawienie<\/li>\n<li>Trwa\u0142a i stabilna konstrukcja do r\u00f3\u017cnych \u015brodowisk pracy<\/li>\n<li>Idealny do zada\u0144 zwi\u0105zanych z poziomowaniem, uk\u0142adem, pomiarami i wyr\u00f3wnywaniem<\/li>\n<\/ul>","protected":false},"featured_media":4477,"comment_status":"open","ping_status":"closed","template":"","meta":[],"product_brand":[],"product_cat":[94,127],"product_tag":[],"class_list":{"0":"post-4476","1":"product","2":"type-product","3":"status-publish","4":"has-post-thumbnail","6":"product_cat-laser-level-accessory","7":"product_cat-laser-target","9":"first","10":"instock","11":"shipping-taxable","12":"product-type-simple"},"_links":{"self":[{"href":"https:\/\/mountlaser.com\/pl\/wp-json\/wp\/v2\/product\/4476","targetHints":{"allow":["GET"]}}],"collection":[{"href":"https:\/\/mountlaser.com\/pl\/wp-json\/wp\/v2\/product"}],"about":[{"href":"https:\/\/mountlaser.com\/pl\/wp-json\/wp\/v2\/types\/product"}],"replies":[{"embeddable":true,"href":"https:\/\/mountlaser.com\/pl\/wp-json\/wp\/v2\/comments?post=4476"}],"wp:featuredmedia":[{"embeddable":true,"href":"https:\/\/mountlaser.com\/pl\/wp-json\/wp\/v2\/media\/4477"}],"wp:attachment":[{"href":"https:\/\/mountlaser.com\/pl\/wp-json\/wp\/v2\/media?parent=4476"}],"wp:term":[{"taxonomy":"product_brand","embeddable":true,"href":"https:\/\/mountlaser.com\/pl\/wp-json\/wp\/v2\/product_brand?post=4476"},{"taxonomy":"product_cat","embeddable":true,"href":"https:\/\/mountlaser.com\/pl\/wp-json\/wp\/v2\/product_cat?post=4476"},{"taxonomy":"product_tag","embeddable":true,"href":"https:\/\/mountlaser.com\/pl\/wp-json\/wp\/v2\/product_tag?post=4476"}],"curies":[{"name":"wp","href":"https:\/\/api.w.org\/{rel}","templated":true}]}}