{"id":4475,"date":"2025-11-17T05:34:16","date_gmt":"2025-11-17T05:34:16","guid":{"rendered":"https:\/\/mountlaser.com\/?post_type=product&#038;p=4475"},"modified":"2025-11-26T09:03:55","modified_gmt":"2025-11-26T09:03:55","slug":"ltp01-laser-target-plate","status":"publish","type":"product","link":"https:\/\/mountlaser.com\/pl\/produkt\/ltp01-laser-target-plate\/","title":{"rendered":"P\u0142ytka celownicza laserowa LTP01"},"content":{"rendered":"<p>Ten <a href=\"https:\/\/mountlaser.com\/pl\/products\/\"><strong>P\u0142ytka celownicza laserowa LTP01<\/strong><\/a> jest profesjonalist\u0105 <a href=\"https:\/\/mountlaser.com\/pl\/\"><strong>cel poziomu laserowego<\/strong><\/a> Zaprojektowana w celu poprawy widoczno\u015bci lasera i dok\u0142adno\u015bci pomiar\u00f3w w r\u00f3\u017cnych warunkach panuj\u0105cych na budowie. Ta trwa\u0142a tarcza celownicza LTP01 charakteryzuje si\u0119 odblaskow\u0105 powierzchni\u0105 o wysokim kontra\u015bcie, kt\u00f3ra wyra\u017anie rejestruje linie laserowe, u\u0142atwiaj\u0105c i zwi\u0119kszaj\u0105c precyzj\u0119 poziomowania i ustawiania z du\u017cej odleg\u0142o\u015bci.<\/p>\n<p>Aby sprosta\u0107 r\u00f3\u017cnym potrzebom, tarcza celownicza LTP01 jest dost\u0119pna w dw\u00f3ch wersjach kolorystycznych: czerwonej dla czerwonych linii laserowych i zielonej dla zielonych linii laserowych. Niezale\u017cnie od tego, czy jest u\u017cywana wewn\u0105trz, czy na zewn\u0105trz, tarcza celownicza zapewnia doskona\u0142\u0105 przejrzysto\u015b\u0107 poprzez popraw\u0119 kontrastu wi\u0105zki laserowej, szczeg\u00f3lnie w jasnym otoczeniu lub przy du\u017cym zasi\u0119gu.<\/p>\n<p><img fetchpriority=\"high\" decoding=\"async\" class=\"aligncenter wp-image-4470\" src=\"https:\/\/mountlaser.com\/wp-content\/uploads\/2025\/11\/LTP013.webp\" alt=\"LTP01 laser target plate\" width=\"500\" height=\"500\" srcset=\"https:\/\/mountlaser.com\/wp-content\/uploads\/2025\/11\/LTP013.webp 1000w, https:\/\/mountlaser.com\/wp-content\/uploads\/2025\/11\/LTP013-300x300.webp 300w, https:\/\/mountlaser.com\/wp-content\/uploads\/2025\/11\/LTP013-400x400.webp 400w, https:\/\/mountlaser.com\/wp-content\/uploads\/2025\/11\/LTP013-800x800.webp 800w, https:\/\/mountlaser.com\/wp-content\/uploads\/2025\/11\/LTP013-600x600.webp 600w, https:\/\/mountlaser.com\/wp-content\/uploads\/2025\/11\/LTP013-150x150.webp 150w, https:\/\/mountlaser.com\/wp-content\/uploads\/2025\/11\/LTP013-768x768.webp 768w, https:\/\/mountlaser.com\/wp-content\/uploads\/2025\/11\/LTP013-12x12.webp 12w\" sizes=\"(max-width: 500px) 100vw, 500px\" \/><\/p>\n<p>Zaprojektowany do prac budowlanych, aran\u017cacji wn\u0119trz i prac geodezyjnych, <a href=\"https:\/\/mountlaser.com\/pl\/contact-us\/\">cel poziomu laserowego<\/a> zapewnia stabilne pozycjonowanie, \u0142atwe do odczytania oznaczenia i stabiln\u0105 wydajno\u015b\u0107 \u2014 co czyni go niezb\u0119dnym akcesorium dla profesjonalist\u00f3w, kt\u00f3rzy polegaj\u0105 na dok\u0142adnych pomiarach laserowych.<\/p>","protected":false},"excerpt":{"rendered":"<ul>\n<li>Poprawia widoczno\u015b\u0107 linii laserowych w \u015brodowiskach o du\u017cym zasi\u0119gu lub jasnym o\u015bwietleniu<\/li>\n<li>Odblaskowa powierzchnia poprawia kontrast zar\u00f3wno w przypadku narz\u0119dzi laserowych emituj\u0105cych \u015bwiat\u0142o czerwone, jak i zielone<\/li>\n<li>Dost\u0119pne w kolorze czerwonym (dla czerwonych linii laserowych) i zielonym (dla zielonych linii laserowych)<\/li>\n<li>Wyra\u017ane oznaczenia skali umo\u017cliwiaj\u0105ce precyzyjne ustawienie i odniesienie<\/li>\n<li>Stabilna konstrukcja do u\u017cytku wewn\u0105trz i na zewn\u0105trz<\/li>\n<li>Idealny do zada\u0144 zwi\u0105zanych z poziomowaniem, uk\u0142adem i wyr\u00f3wnywaniem<\/li>\n<\/ul>","protected":false},"featured_media":4469,"comment_status":"open","ping_status":"closed","template":"","meta":[],"product_brand":[],"product_cat":[127,94],"product_tag":[],"class_list":{"0":"post-4475","1":"product","2":"type-product","3":"status-publish","4":"has-post-thumbnail","6":"product_cat-laser-target","7":"product_cat-laser-level-accessory","9":"first","10":"instock","11":"shipping-taxable","12":"product-type-simple"},"_links":{"self":[{"href":"https:\/\/mountlaser.com\/pl\/wp-json\/wp\/v2\/product\/4475","targetHints":{"allow":["GET"]}}],"collection":[{"href":"https:\/\/mountlaser.com\/pl\/wp-json\/wp\/v2\/product"}],"about":[{"href":"https:\/\/mountlaser.com\/pl\/wp-json\/wp\/v2\/types\/product"}],"replies":[{"embeddable":true,"href":"https:\/\/mountlaser.com\/pl\/wp-json\/wp\/v2\/comments?post=4475"}],"wp:featuredmedia":[{"embeddable":true,"href":"https:\/\/mountlaser.com\/pl\/wp-json\/wp\/v2\/media\/4469"}],"wp:attachment":[{"href":"https:\/\/mountlaser.com\/pl\/wp-json\/wp\/v2\/media?parent=4475"}],"wp:term":[{"taxonomy":"product_brand","embeddable":true,"href":"https:\/\/mountlaser.com\/pl\/wp-json\/wp\/v2\/product_brand?post=4475"},{"taxonomy":"product_cat","embeddable":true,"href":"https:\/\/mountlaser.com\/pl\/wp-json\/wp\/v2\/product_cat?post=4475"},{"taxonomy":"product_tag","embeddable":true,"href":"https:\/\/mountlaser.com\/pl\/wp-json\/wp\/v2\/product_tag?post=4475"}],"curies":[{"name":"wp","href":"https:\/\/api.w.org\/{rel}","templated":true}]}}