{"id":4466,"date":"2025-11-17T04:56:35","date_gmt":"2025-11-17T04:56:35","guid":{"rendered":"https:\/\/mountlaser.com\/?post_type=product&#038;p=4466"},"modified":"2025-11-26T09:04:52","modified_gmt":"2025-11-26T09:04:52","slug":"lg01-laser-glasses","status":"publish","type":"product","link":"https:\/\/mountlaser.com\/pl\/produkt\/lg01-laser-glasses\/","title":{"rendered":"Okulary laserowe LG01"},"content":{"rendered":"<p>Odkryj lepsz\u0105 widoczno\u015b\u0107 i wi\u0119ksz\u0105 dok\u0142adno\u015b\u0107 w miejscu pracy dzi\u0119ki naszym <a href=\"https:\/\/mountlaser.com\/pl\/\"><strong>Okulary laserowe<\/strong><\/a>, zaprojektowane specjalnie dla profesjonalist\u00f3w pracuj\u0105cych z narz\u0119dziami laserowymi. Te wysokiej jako\u015bci okulary ochronne pomagaj\u0105 zredukowa\u0107 zak\u0142\u00f3cenia \u015bwiat\u0142a otoczenia, dzi\u0119ki czemu linia lasera jest ostrzejsza i wyra\u017aniejsza nawet w jasnym otoczeniu.<\/p>\n<p>Nasz <a href=\"https:\/\/mountlaser.com\/pl\/about-us\/\">model LG01<\/a> Okulary przeciws\u0142oneczne Laser s\u0105 dost\u0119pne w dw\u00f3ch wersjach kolorystycznych: z czerwon\u0105 soczewk\u0105 do czerwonych linii laserowych i zielon\u0105 soczewk\u0105 do zielonych linii laserowych, co zapewnia optymaln\u0105 wydajno\u015b\u0107 w r\u00f3\u017cnych zastosowaniach laserowych. Niezale\u017cnie od tego, czy pracujesz w pomieszczeniach, czy na zewn\u0105trz, te okulary Laser zapewniaj\u0105 niezawodn\u0105 ochron\u0119 oczu i lepsz\u0105 widoczno\u015b\u0107 linii.<\/p>\n<p><img fetchpriority=\"high\" decoding=\"async\" class=\"aligncenter wp-image-4463\" src=\"https:\/\/mountlaser.com\/wp-content\/uploads\/2025\/11\/LG015.webp\" alt=\"LG01 Laser glasses\" width=\"500\" height=\"500\" srcset=\"https:\/\/mountlaser.com\/wp-content\/uploads\/2025\/11\/LG015.webp 1000w, https:\/\/mountlaser.com\/wp-content\/uploads\/2025\/11\/LG015-300x300.webp 300w, https:\/\/mountlaser.com\/wp-content\/uploads\/2025\/11\/LG015-400x400.webp 400w, https:\/\/mountlaser.com\/wp-content\/uploads\/2025\/11\/LG015-800x800.webp 800w, https:\/\/mountlaser.com\/wp-content\/uploads\/2025\/11\/LG015-600x600.webp 600w, https:\/\/mountlaser.com\/wp-content\/uploads\/2025\/11\/LG015-150x150.webp 150w, https:\/\/mountlaser.com\/wp-content\/uploads\/2025\/11\/LG015-768x768.webp 768w, https:\/\/mountlaser.com\/wp-content\/uploads\/2025\/11\/LG015-12x12.webp 12w\" sizes=\"(max-width: 500px) 100vw, 500px\" \/><\/p>\n<p>Zaprojektowane z my\u015bl\u0105 o trwa\u0142o\u015bci i komforcie, <a href=\"https:\/\/mountlaser.com\/pl\/contact-us\/\"><strong>Okulary ochronne laserowe<\/strong><\/a> Oferuj\u0105 lekk\u0105 konstrukcj\u0119, ergonomiczne dopasowanie i wysok\u0105 odporno\u015b\u0107 na uderzenia, co u\u0142atwia wielogodzinn\u0105 prac\u0119. Dzi\u0119ki zoptymalizowanej technologii filtrowania okulary Laser poprawiaj\u0105 kontrast linii laserowej, przyspieszaj\u0105c i zwi\u0119kszaj\u0105c precyzj\u0119 takich zada\u0144, jak poziomowanie, wyr\u00f3wnywanie i uk\u0142adanie.<\/p>","protected":false},"excerpt":{"rendered":"<ul>\n<li>Poprawia widoczno\u015b\u0107 linii laserowej w jasnych lub trudnych warunkach o\u015bwietleniowych<\/li>\n<li>Filtruje okre\u015blone d\u0142ugo\u015bci fal \u015bwiat\u0142a otoczenia, aby uzyska\u0107 wyra\u017aniejsze czerwone lub zielone linie laserowe<\/li>\n<li>Zapewnia niezawodn\u0105 ochron\u0119 oczu podczas zada\u0144 pomiarowych z wykorzystaniem lasera<\/li>\n<li>Dost\u0119pne w wersji czerwonej (dla czerwonych linii laserowych) i zielonej (dla zielonych linii laserowych)<\/li>\n<li>Lekkie, trwa\u0142e i wygodne do d\u0142ugotrwa\u0142ego u\u017cytkowania<\/li>\n<\/ul>","protected":false},"featured_media":4460,"comment_status":"open","ping_status":"closed","template":"","meta":[],"product_brand":[],"product_cat":[94,126],"product_tag":[],"class_list":{"0":"post-4466","1":"product","2":"type-product","3":"status-publish","4":"has-post-thumbnail","6":"product_cat-laser-level-accessory","7":"product_cat-laser-glasses","9":"first","10":"instock","11":"shipping-taxable","12":"product-type-simple"},"_links":{"self":[{"href":"https:\/\/mountlaser.com\/pl\/wp-json\/wp\/v2\/product\/4466","targetHints":{"allow":["GET"]}}],"collection":[{"href":"https:\/\/mountlaser.com\/pl\/wp-json\/wp\/v2\/product"}],"about":[{"href":"https:\/\/mountlaser.com\/pl\/wp-json\/wp\/v2\/types\/product"}],"replies":[{"embeddable":true,"href":"https:\/\/mountlaser.com\/pl\/wp-json\/wp\/v2\/comments?post=4466"}],"wp:featuredmedia":[{"embeddable":true,"href":"https:\/\/mountlaser.com\/pl\/wp-json\/wp\/v2\/media\/4460"}],"wp:attachment":[{"href":"https:\/\/mountlaser.com\/pl\/wp-json\/wp\/v2\/media?parent=4466"}],"wp:term":[{"taxonomy":"product_brand","embeddable":true,"href":"https:\/\/mountlaser.com\/pl\/wp-json\/wp\/v2\/product_brand?post=4466"},{"taxonomy":"product_cat","embeddable":true,"href":"https:\/\/mountlaser.com\/pl\/wp-json\/wp\/v2\/product_cat?post=4466"},{"taxonomy":"product_tag","embeddable":true,"href":"https:\/\/mountlaser.com\/pl\/wp-json\/wp\/v2\/product_tag?post=4466"}],"curies":[{"name":"wp","href":"https:\/\/api.w.org\/{rel}","templated":true}]}}