{"id":4457,"date":"2025-11-17T02:50:14","date_gmt":"2025-11-17T02:50:14","guid":{"rendered":"https:\/\/mountlaser.com\/?post_type=product&#038;p=4457"},"modified":"2025-11-26T09:13:03","modified_gmt":"2025-11-26T09:13:03","slug":"f550-photoelectric-integrated-tube","status":"publish","type":"product","link":"https:\/\/mountlaser.com\/pl\/produkt\/f550-photoelectric-integrated-tube\/","title":{"rendered":"Zintegrowana lampa fotoelektryczna F550"},"content":{"rendered":"<p>Ten <a href=\"https:\/\/mountlaser.com\/pl\/\"><strong>Zintegrowana lampa fotoelektryczna F550<\/strong><\/a> to wysokowydajny modu\u0142 detekcyjny zaprojektowany specjalnie do precyzyjnej kalibracji przyrz\u0105d\u00f3w kolimatorowych. Wyposa\u017cony w stabilny uchwyt monta\u017cowy i s\u0142upek podporowy, F550 zapewnia bezpieczn\u0105 instalacj\u0119 i niezawodne wykrywanie optyczne podczas procedur kalibracji. Jako zaawansowany modu\u0142 detekcyjny, <a href=\"https:\/\/mountlaser.com\/pl\/products\/\"><strong>Zintegrowana tuba fotoelektryczna F550 do kolimatora laserowego<\/strong><\/a> zwi\u0119ksza czu\u0142o\u015b\u0107 pomiaru, dzi\u0119ki czemu idealnie nadaje si\u0119 do laboratori\u00f3w kalibracyjnych, centr\u00f3w naprawy przyrz\u0105d\u00f3w pomiarowych i \u015brodowisk metrologicznych.<\/p>\n<p><img fetchpriority=\"high\" decoding=\"async\" class=\"aligncenter wp-image-4454\" src=\"https:\/\/mountlaser.com\/wp-content\/uploads\/2025\/11\/1-3-F550_\u526f\u672c.webp\" alt=\"F550 Photoelectric Integrated Tube\" width=\"500\" height=\"500\" srcset=\"https:\/\/mountlaser.com\/wp-content\/uploads\/2025\/11\/1-3-F550_\u526f\u672c.webp 800w, https:\/\/mountlaser.com\/wp-content\/uploads\/2025\/11\/1-3-F550_\u526f\u672c-300x300.webp 300w, https:\/\/mountlaser.com\/wp-content\/uploads\/2025\/11\/1-3-F550_\u526f\u672c-400x400.webp 400w, https:\/\/mountlaser.com\/wp-content\/uploads\/2025\/11\/1-3-F550_\u526f\u672c-600x600.webp 600w, https:\/\/mountlaser.com\/wp-content\/uploads\/2025\/11\/1-3-F550_\u526f\u672c-150x150.webp 150w, https:\/\/mountlaser.com\/wp-content\/uploads\/2025\/11\/1-3-F550_\u526f\u672c-768x768.webp 768w, https:\/\/mountlaser.com\/wp-content\/uploads\/2025\/11\/1-3-F550_\u526f\u672c-12x12.webp 12w\" sizes=\"(max-width: 500px) 100vw, 500px\" \/><\/p>\n<p>Zaprojektowany z my\u015bl\u0105 o kompatybilno\u015bci i dok\u0142adno\u015bci, <a href=\"https:\/\/mountlaser.com\/pl\/contact-us\/\">Zintegrowana lampa fotoelektryczna F550<\/a> do kolimatora laserowego zapewnia szybk\u0105 i niezawodn\u0105 informacj\u0119 zwrotn\u0105 podczas kalibracji tachimetr\u00f3w, niwelator\u00f3w i innych urz\u0105dze\u0144 optycznych. Wyrafinowana reakcja optyczna i stabilna konstrukcja mechaniczna sprawiaj\u0105, \u017ce zintegrowana tuba fotoelektryczna do kolimatora laserowego jest niezb\u0119dnym akcesorium do uzyskania sp\u00f3jnego, precyzyjnego ustawienia optycznego.<\/p>","protected":false},"excerpt":{"rendered":"<ul>\n<li>Zapewnia detekcj\u0119 fotoelektryczn\u0105 o wysokiej czu\u0142o\u015bci dla system\u00f3w kolimator\u00f3w laserowych<\/li>\n<li>Zwi\u0119ksza dok\u0142adno\u015b\u0107 ustawienia i poprawia powtarzalno\u015b\u0107 kalibracji<\/li>\n<li>W zestawie znajduje si\u0119 wytrzyma\u0142y uchwyt i s\u0142upek podporowy zapewniaj\u0105cy bezpieczny monta\u017c<\/li>\n<li>Zapewnia niezawodne sprz\u0119\u017cenie zwrotne podczas kolimacji instrument\u00f3w geodezyjnych<\/li>\n<li>Zaprojektowany do profesjonalnych \u015brodowisk kalibracyjnych wymagaj\u0105cych precyzji<\/li>\n<\/ul>","protected":false},"featured_media":4454,"comment_status":"open","ping_status":"closed","template":"","meta":[],"product_brand":[],"product_cat":[125,71],"product_tag":[],"class_list":{"0":"post-4457","1":"product","2":"type-product","3":"status-publish","4":"has-post-thumbnail","6":"product_cat-collimator-instrument","7":"product_cat-calibration-testing-instrument","9":"first","10":"instock","11":"shipping-taxable","12":"product-type-simple"},"_links":{"self":[{"href":"https:\/\/mountlaser.com\/pl\/wp-json\/wp\/v2\/product\/4457","targetHints":{"allow":["GET"]}}],"collection":[{"href":"https:\/\/mountlaser.com\/pl\/wp-json\/wp\/v2\/product"}],"about":[{"href":"https:\/\/mountlaser.com\/pl\/wp-json\/wp\/v2\/types\/product"}],"replies":[{"embeddable":true,"href":"https:\/\/mountlaser.com\/pl\/wp-json\/wp\/v2\/comments?post=4457"}],"wp:featuredmedia":[{"embeddable":true,"href":"https:\/\/mountlaser.com\/pl\/wp-json\/wp\/v2\/media\/4454"}],"wp:attachment":[{"href":"https:\/\/mountlaser.com\/pl\/wp-json\/wp\/v2\/media?parent=4457"}],"wp:term":[{"taxonomy":"product_brand","embeddable":true,"href":"https:\/\/mountlaser.com\/pl\/wp-json\/wp\/v2\/product_brand?post=4457"},{"taxonomy":"product_cat","embeddable":true,"href":"https:\/\/mountlaser.com\/pl\/wp-json\/wp\/v2\/product_cat?post=4457"},{"taxonomy":"product_tag","embeddable":true,"href":"https:\/\/mountlaser.com\/pl\/wp-json\/wp\/v2\/product_tag?post=4457"}],"curies":[{"name":"wp","href":"https:\/\/api.w.org\/{rel}","templated":true}]}}