{"id":4451,"date":"2025-11-17T02:33:56","date_gmt":"2025-11-17T02:33:56","guid":{"rendered":"https:\/\/mountlaser.com\/?post_type=product&#038;p=4451"},"modified":"2025-11-26T09:14:20","modified_gmt":"2025-11-26T09:14:20","slug":"tb550-photoelectric-integrated-tube","status":"publish","type":"product","link":"https:\/\/mountlaser.com\/pl\/produkt\/tb550-photoelectric-integrated-tube\/","title":{"rendered":"Zintegrowana lampa fotoelektryczna TB550"},"content":{"rendered":"<p>Ten <a href=\"https:\/\/mountlaser.com\/pl\/\"><strong>Zintegrowana lampa fotoelektryczna TB550<\/strong><\/a> To specjalistyczne akcesorium zaprojektowane w celu zwi\u0119kszenia dok\u0142adno\u015bci i mo\u017cliwo\u015bci detekcji nowoczesnych system\u00f3w kolimatorowych. Zaprojektowany z my\u015bl\u0105 o trwa\u0142ej konstrukcji i dostarczany z dedykowanym uchwytem monta\u017cowym, TB550 zapewnia stabiln\u0105 instalacj\u0119 i niezawodn\u0105 prac\u0119 w \u015brodowiskach kalibracyjnych. Jako precyzyjne akcesorium, <a href=\"https:\/\/mountlaser.com\/pl\/products\/\"><strong>Zintegrowana tuba fotoelektryczna TB550 do kolimatora laserowego<\/strong><\/a> obs\u0142uguje bardzo czu\u0142\u0105 detekcj\u0119 optyczn\u0105, dzi\u0119ki czemu idealnie nadaje si\u0119 do laboratori\u00f3w, centr\u00f3w naprawy urz\u0105dze\u0144 i zastosowa\u0144 metrologicznych.<\/p>\n<p><img fetchpriority=\"high\" decoding=\"async\" class=\"aligncenter wp-image-4453\" src=\"https:\/\/mountlaser.com\/wp-content\/uploads\/2025\/11\/1-2-TB550_\u526f\u672c1.webp\" alt=\"TB550 Photoelectric Integrated Tube\" width=\"500\" height=\"500\" srcset=\"https:\/\/mountlaser.com\/wp-content\/uploads\/2025\/11\/1-2-TB550_\u526f\u672c1.webp 800w, https:\/\/mountlaser.com\/wp-content\/uploads\/2025\/11\/1-2-TB550_\u526f\u672c1-300x300.webp 300w, https:\/\/mountlaser.com\/wp-content\/uploads\/2025\/11\/1-2-TB550_\u526f\u672c1-400x400.webp 400w, https:\/\/mountlaser.com\/wp-content\/uploads\/2025\/11\/1-2-TB550_\u526f\u672c1-600x600.webp 600w, https:\/\/mountlaser.com\/wp-content\/uploads\/2025\/11\/1-2-TB550_\u526f\u672c1-150x150.webp 150w, https:\/\/mountlaser.com\/wp-content\/uploads\/2025\/11\/1-2-TB550_\u526f\u672c1-768x768.webp 768w, https:\/\/mountlaser.com\/wp-content\/uploads\/2025\/11\/1-2-TB550_\u526f\u672c1-12x12.webp 12w\" sizes=\"(max-width: 500px) 100vw, 500px\" \/><\/p>\n<p>W po\u0142\u0105czeniu z systemem kolimatorowym <a href=\"https:\/\/mountlaser.com\/pl\/contact-us\/\">Zintegrowana lampa fotoelektryczna TB550<\/a> dla kolimatora laserowego umo\u017cliwia dok\u0142adniejsze sprz\u0119\u017cenie zwrotne z ustawieniem i lepsz\u0105 sp\u00f3jno\u015b\u0107 pomiar\u00f3w. Zaawansowana technologia czujnik\u00f3w fotoelektrycznych zapewnia wyra\u017ane, responsywne i powtarzalne zbieranie danych. Dla profesjonalist\u00f3w wymagaj\u0105cych niezawodnych akcesori\u00f3w detekcyjnych, zintegrowana tuba fotoelektryczna TB550 do kolimatora laserowego stanowi kluczowe ulepszenie w ka\u017cdym procesie kalibracji.<\/p>","protected":false},"excerpt":{"rendered":"<ul>\n<li>Zapewnia wysok\u0105 czu\u0142o\u015b\u0107 detekcji optycznej dla instrument\u00f3w kolimatorowych<\/li>\n<li>Zwi\u0119ksza dok\u0142adno\u015b\u0107 pomiaru i powtarzalno\u015b\u0107 kalibracji<\/li>\n<li>Zawiera solidny uchwyt monta\u017cowy zapewniaj\u0105cy bezpieczn\u0105 i stabiln\u0105 instalacj\u0119<\/li>\n<li>Poprawia wizualne i elektroniczne sprz\u0119\u017cenie zwrotne podczas ustawiania instrument\u00f3w<\/li>\n<li>Kompatybilny z r\u00f3\u017cnymi systemami kolimator\u00f3w laserowych, co zapewnia rozszerzon\u0105 u\u017cyteczno\u015b\u0107<\/li>\n<\/ul>","protected":false},"featured_media":4452,"comment_status":"open","ping_status":"closed","template":"","meta":[],"product_brand":[],"product_cat":[125,71],"product_tag":[],"class_list":{"0":"post-4451","1":"product","2":"type-product","3":"status-publish","4":"has-post-thumbnail","6":"product_cat-collimator-instrument","7":"product_cat-calibration-testing-instrument","9":"first","10":"instock","11":"shipping-taxable","12":"product-type-simple"},"_links":{"self":[{"href":"https:\/\/mountlaser.com\/pl\/wp-json\/wp\/v2\/product\/4451","targetHints":{"allow":["GET"]}}],"collection":[{"href":"https:\/\/mountlaser.com\/pl\/wp-json\/wp\/v2\/product"}],"about":[{"href":"https:\/\/mountlaser.com\/pl\/wp-json\/wp\/v2\/types\/product"}],"replies":[{"embeddable":true,"href":"https:\/\/mountlaser.com\/pl\/wp-json\/wp\/v2\/comments?post=4451"}],"wp:featuredmedia":[{"embeddable":true,"href":"https:\/\/mountlaser.com\/pl\/wp-json\/wp\/v2\/media\/4452"}],"wp:attachment":[{"href":"https:\/\/mountlaser.com\/pl\/wp-json\/wp\/v2\/media?parent=4451"}],"wp:term":[{"taxonomy":"product_brand","embeddable":true,"href":"https:\/\/mountlaser.com\/pl\/wp-json\/wp\/v2\/product_brand?post=4451"},{"taxonomy":"product_cat","embeddable":true,"href":"https:\/\/mountlaser.com\/pl\/wp-json\/wp\/v2\/product_cat?post=4451"},{"taxonomy":"product_tag","embeddable":true,"href":"https:\/\/mountlaser.com\/pl\/wp-json\/wp\/v2\/product_tag?post=4451"}],"curies":[{"name":"wp","href":"https:\/\/api.w.org\/{rel}","templated":true}]}}