{"id":4440,"date":"2025-11-14T09:28:12","date_gmt":"2025-11-14T09:28:12","guid":{"rendered":"https:\/\/mountlaser.com\/?post_type=product&#038;p=4440"},"modified":"2025-11-27T05:11:30","modified_gmt":"2025-11-27T05:11:30","slug":"cls-fg-fiberglass-prism-pole","status":"publish","type":"product","link":"https:\/\/mountlaser.com\/pl\/produkt\/cls-fg-fiberglass-prism-pole\/","title":{"rendered":"Pryzmat z w\u0142\u00f3kna szklanego CLS-FG"},"content":{"rendered":"<p>Ten <a href=\"https:\/\/mountlaser.com\/pl\/kategoria-produktu\/surveying-pole-rod\/\">Monta\u017c lasera CLS-FG<\/a> Na nowo definiuje trwa\u0142o\u015b\u0107 i wydajno\u015b\u0107 dzi\u0119ki profesjonalnemu s\u0142upowi pryzmatycznemu z w\u0142\u00f3kna szklanego. Zaprojektowany dla geodet\u00f3w pracuj\u0105cych w trudnych warunkach, ten s\u0142up to najlepsze rozwi\u0105zanie, gdzie nieprzewodzenie pr\u0105du i odporno\u015b\u0107 na korozj\u0119 s\u0105 najwa\u017cniejsze. W przeciwie\u0144stwie do metalowych s\u0142up\u00f3w, doskona\u0142a konstrukcja s\u0142upa pryzmatycznego z w\u0142\u00f3kna szklanego zapewnia pe\u0142ne bezpiecze\u0144stwo w pobli\u017cu linii energetycznych oraz wyj\u0105tkow\u0105 odporno\u015b\u0107 na rdz\u0119 i dzia\u0142anie substancji chemicznych, dzi\u0119ki czemu idealnie nadaje si\u0119 do stosowania w trudnych warunkach pogodowych i na obszarach przybrze\u017cnych.<\/p>\n<p>Wykonany z materia\u0142u kompozytowego, <a href=\"https:\/\/mountlaser.com\/pl\/about-us\/\"><strong>CLS-FG <\/strong><\/a>Jest niezwykle lekki i wytrzyma\u0142y, co zmniejsza zm\u0119czenie u\u017cytkownika bez utraty stabilno\u015bci. Wyposa\u017cony jest w solidny, nylonowy mechanizm blokuj\u0105cy, kt\u00f3ry zapewnia doskona\u0142\u0105 wytrzyma\u0142o\u015b\u0107 i zwi\u0119kszon\u0105 trwa\u0142o\u015b\u0107, gwarantuj\u0105c bezpieczne i sztywne przed\u0142u\u017cenie za ka\u017cdym razem. Regulowana ko\u0144c\u00f3wka 5\/8\u2033-11 umo\u017cliwia wszechstronny monta\u017c pryzmatu, a tubus wewn\u0119trzny jest wyra\u017anie oznaczony podw\u00f3jn\u0105 skal\u0105 (cm\/ft), co zapewnia szybkie i dok\u0142adne odczyty. Zapewnia to najwy\u017csz\u0105 niezawodno\u015b\u0107 i bezpiecze\u0144stwo pomiar\u00f3w.<\/p>\n<p><img fetchpriority=\"high\" decoding=\"async\" class=\"aligncenter wp-image-4442\" src=\"https:\/\/mountlaser.com\/wp-content\/uploads\/2025\/11\/2-3-5-CLS260FG-2.webp\" alt=\"CLS-FG Fiberglass Prism Pole\" width=\"500\" height=\"500\" srcset=\"https:\/\/mountlaser.com\/wp-content\/uploads\/2025\/11\/2-3-5-CLS260FG-2.webp 1000w, https:\/\/mountlaser.com\/wp-content\/uploads\/2025\/11\/2-3-5-CLS260FG-2-300x300.webp 300w, https:\/\/mountlaser.com\/wp-content\/uploads\/2025\/11\/2-3-5-CLS260FG-2-400x400.webp 400w, https:\/\/mountlaser.com\/wp-content\/uploads\/2025\/11\/2-3-5-CLS260FG-2-800x800.webp 800w, https:\/\/mountlaser.com\/wp-content\/uploads\/2025\/11\/2-3-5-CLS260FG-2-600x600.webp 600w, https:\/\/mountlaser.com\/wp-content\/uploads\/2025\/11\/2-3-5-CLS260FG-2-150x150.webp 150w, https:\/\/mountlaser.com\/wp-content\/uploads\/2025\/11\/2-3-5-CLS260FG-2-768x768.webp 768w, https:\/\/mountlaser.com\/wp-content\/uploads\/2025\/11\/2-3-5-CLS260FG-2-12x12.webp 12w\" sizes=\"(max-width: 500px) 100vw, 500px\" \/><\/p>\n<p><strong><a href=\"https:\/\/mountlaser.com\/pl\/contact-us\/\">Pryzmat z w\u0142\u00f3kna szklanego CLS-FG<\/a> wyst\u0119puje w trzech rodzajach, r\u00f3\u017cni\u0105cych si\u0119 d\u0142ugo\u015bci\u0105:<\/strong><\/p>\n<p>CLS260FG Pryzmat z w\u0142\u00f3kna szklanego: 2,60 m, 2 sekcje<\/p>\n<p>Maszt pryzmatyczny z w\u0142\u00f3kna szklanego CLS360FG: 3,60 m, 3 sekcje<\/p>\n<p>CLS460FG Pryzmat z w\u0142\u00f3kna szklanego: 4,60 m, 4 sekcje<\/p>\n<p><strong>Specyfikacje CLS-FG<\/strong><\/p>\n<table style=\"border-collapse: collapse; width: 846.77pt;\" border=\"0\" width=\"1129\" cellspacing=\"0\" cellpadding=\"0\">\n<tbody>\n<tr style=\"height: 14.25pt;\">\n<td class=\"et2\" style=\"height: 14.25pt; width: 142.50pt;\" width=\"190\" height=\"19\">NUMER<\/td>\n<td class=\"et2\" style=\"width: 127.50pt;\" width=\"170\">D\u0141UGO\u015a\u0106<\/td>\n<td class=\"et2\" style=\"width: 126.00pt;\" width=\"168\">TWORZYWO<\/td>\n<td class=\"et2\" style=\"width: 135.00pt;\" width=\"180\">ABSOLWENCI<\/td>\n<td class=\"et2\" style=\"width: 124.50pt;\" width=\"166\">ADAPTER<\/td>\n<td class=\"et2\" style=\"width: 86.25pt;\" width=\"115\">\u015aREDNICA<\/td>\n<td style=\"width: 105.00pt;\" width=\"140\">zdj\u0119cie<\/td>\n<\/tr>\n<tr style=\"height: 14.25pt;\">\n<td class=\"et2\" style=\"height: 14.25pt;\" height=\"19\">CLS260FG<\/td>\n<td class=\"et2\">2,60 m (8,5 stopy)<\/td>\n<td class=\"et2\">W\u0142\u00f3kno szklane<\/td>\n<td class=\"et3\">cm\/ stopy<\/td>\n<td class=\"et3\">Nastawny<\/td>\n<td class=\"et3\">25\/32 mm<\/td>\n<td><img decoding=\"async\" class=\"alignnone wp-image-4441 size-medium\" src=\"https:\/\/mountlaser.com\/wp-content\/uploads\/2025\/11\/2-3-5-CLS260FG-1-300x300.webp\" alt=\"CLS-FG Fiberglass Prism Pole\" width=\"300\" height=\"300\" srcset=\"https:\/\/mountlaser.com\/wp-content\/uploads\/2025\/11\/2-3-5-CLS260FG-1-300x300.webp 300w, https:\/\/mountlaser.com\/wp-content\/uploads\/2025\/11\/2-3-5-CLS260FG-1-400x400.webp 400w, https:\/\/mountlaser.com\/wp-content\/uploads\/2025\/11\/2-3-5-CLS260FG-1-800x800.webp 800w, https:\/\/mountlaser.com\/wp-content\/uploads\/2025\/11\/2-3-5-CLS260FG-1-600x600.webp 600w, https:\/\/mountlaser.com\/wp-content\/uploads\/2025\/11\/2-3-5-CLS260FG-1-150x150.webp 150w, https:\/\/mountlaser.com\/wp-content\/uploads\/2025\/11\/2-3-5-CLS260FG-1-768x768.webp 768w, https:\/\/mountlaser.com\/wp-content\/uploads\/2025\/11\/2-3-5-CLS260FG-1-12x12.webp 12w, https:\/\/mountlaser.com\/wp-content\/uploads\/2025\/11\/2-3-5-CLS260FG-1.webp 1000w\" sizes=\"(max-width: 300px) 100vw, 300px\" \/><\/td>\n<\/tr>\n<tr style=\"height: 14.25pt;\">\n<td class=\"et2\" style=\"height: 14.25pt;\" height=\"19\">CLS360FG<\/td>\n<td class=\"et2\">3,60 m (11,8 stopy)<\/td>\n<td class=\"et2\">W\u0142\u00f3kno szklane<\/td>\n<td class=\"et3\">cm\/ stopy<\/td>\n<td class=\"et3\">Nastawny<\/td>\n<td class=\"et3\">19\/25\/32 mm<\/td>\n<td><img decoding=\"async\" class=\"alignnone wp-image-4445 size-medium\" src=\"https:\/\/mountlaser.com\/wp-content\/uploads\/2025\/11\/CLS360FG2-300x300.webp\" alt=\"CLS-FG Fiberglass Prism Pole\" width=\"300\" height=\"300\" srcset=\"https:\/\/mountlaser.com\/wp-content\/uploads\/2025\/11\/CLS360FG2-300x300.webp 300w, https:\/\/mountlaser.com\/wp-content\/uploads\/2025\/11\/CLS360FG2-400x400.webp 400w, https:\/\/mountlaser.com\/wp-content\/uploads\/2025\/11\/CLS360FG2-800x800.webp 800w, https:\/\/mountlaser.com\/wp-content\/uploads\/2025\/11\/CLS360FG2-600x600.webp 600w, https:\/\/mountlaser.com\/wp-content\/uploads\/2025\/11\/CLS360FG2-150x150.webp 150w, https:\/\/mountlaser.com\/wp-content\/uploads\/2025\/11\/CLS360FG2-768x768.webp 768w, https:\/\/mountlaser.com\/wp-content\/uploads\/2025\/11\/CLS360FG2-12x12.webp 12w, https:\/\/mountlaser.com\/wp-content\/uploads\/2025\/11\/CLS360FG2.webp 1000w\" sizes=\"(max-width: 300px) 100vw, 300px\" \/><\/td>\n<\/tr>\n<tr style=\"height: 14.25pt;\">\n<td class=\"et2\" style=\"height: 14.25pt;\" height=\"19\">CLS460FG<\/td>\n<td class=\"et2\">4,65 m (15,25 stopy)<\/td>\n<td class=\"et2\">W\u0142\u00f3kno szklane<\/td>\n<td class=\"et3\">cm\/ stopy<\/td>\n<td class=\"et3\">Nastawny<\/td>\n<td class=\"et3\">19\/25\/32\/38 mm<\/td>\n<td><img loading=\"lazy\" decoding=\"async\" class=\"alignnone wp-image-4448 size-medium\" src=\"https:\/\/mountlaser.com\/wp-content\/uploads\/2025\/11\/CLS460FG-3-300x300.webp\" alt=\"CLS-FG Fiberglass Prism Pole\" width=\"300\" height=\"300\" srcset=\"https:\/\/mountlaser.com\/wp-content\/uploads\/2025\/11\/CLS460FG-3-300x300.webp 300w, https:\/\/mountlaser.com\/wp-content\/uploads\/2025\/11\/CLS460FG-3-400x400.webp 400w, https:\/\/mountlaser.com\/wp-content\/uploads\/2025\/11\/CLS460FG-3-800x800.webp 800w, https:\/\/mountlaser.com\/wp-content\/uploads\/2025\/11\/CLS460FG-3-600x600.webp 600w, https:\/\/mountlaser.com\/wp-content\/uploads\/2025\/11\/CLS460FG-3-150x150.webp 150w, https:\/\/mountlaser.com\/wp-content\/uploads\/2025\/11\/CLS460FG-3-768x768.webp 768w, https:\/\/mountlaser.com\/wp-content\/uploads\/2025\/11\/CLS460FG-3-12x12.webp 12w, https:\/\/mountlaser.com\/wp-content\/uploads\/2025\/11\/CLS460FG-3.webp 1000w\" sizes=\"(max-width: 300px) 100vw, 300px\" \/><\/td>\n<\/tr>\n<\/tbody>\n<\/table>\n<p>&nbsp;<\/p>","protected":false},"excerpt":{"rendered":"<ul>\n<li>D\u0119tka wewn\u0119trzna o podw\u00f3jnej skali: z wyra\u017anymi podzia\u0142kami w centymetrach i stopach, umo\u017cliwiaj\u0105cymi szybkie i uniwersalne ustawianie wysoko\u015bci.<\/li>\n<li>R\u00f3\u017cne opcje d\u0142ugo\u015bci: Dost\u0119pne w r\u00f3\u017cnych d\u0142ugo\u015bciach (2,6 m, 3,6 m, 4,65 m), aby spe\u0142ni\u0107 r\u00f3\u017cne wymagania projektu.<\/li>\n<\/ul>","protected":false},"featured_media":4445,"comment_status":"open","ping_status":"closed","template":"","meta":[],"product_brand":[],"product_cat":[89,124],"product_tag":[],"class_list":{"0":"post-4440","1":"product","2":"type-product","3":"status-publish","4":"has-post-thumbnail","6":"product_cat-surveying-pole-rod","7":"product_cat-aluminum-fiberglass-prism-pole","9":"first","10":"instock","11":"shipping-taxable","12":"product-type-simple"},"_links":{"self":[{"href":"https:\/\/mountlaser.com\/pl\/wp-json\/wp\/v2\/product\/4440","targetHints":{"allow":["GET"]}}],"collection":[{"href":"https:\/\/mountlaser.com\/pl\/wp-json\/wp\/v2\/product"}],"about":[{"href":"https:\/\/mountlaser.com\/pl\/wp-json\/wp\/v2\/types\/product"}],"replies":[{"embeddable":true,"href":"https:\/\/mountlaser.com\/pl\/wp-json\/wp\/v2\/comments?post=4440"}],"wp:featuredmedia":[{"embeddable":true,"href":"https:\/\/mountlaser.com\/pl\/wp-json\/wp\/v2\/media\/4445"}],"wp:attachment":[{"href":"https:\/\/mountlaser.com\/pl\/wp-json\/wp\/v2\/media?parent=4440"}],"wp:term":[{"taxonomy":"product_brand","embeddable":true,"href":"https:\/\/mountlaser.com\/pl\/wp-json\/wp\/v2\/product_brand?post=4440"},{"taxonomy":"product_cat","embeddable":true,"href":"https:\/\/mountlaser.com\/pl\/wp-json\/wp\/v2\/product_cat?post=4440"},{"taxonomy":"product_tag","embeddable":true,"href":"https:\/\/mountlaser.com\/pl\/wp-json\/wp\/v2\/product_tag?post=4440"}],"curies":[{"name":"wp","href":"https:\/\/api.w.org\/{rel}","templated":true}]}}