{"id":4436,"date":"2025-11-14T09:28:34","date_gmt":"2025-11-14T09:28:34","guid":{"rendered":"https:\/\/mountlaser.com\/?post_type=product&#038;p=4436"},"modified":"2025-11-26T09:20:31","modified_gmt":"2025-11-26T09:20:31","slug":"f550-3ls3-collimator","status":"publish","type":"product","link":"https:\/\/mountlaser.com\/pl\/produkt\/f550-3ls3-collimator\/","title":{"rendered":"Kolimator F550-3LS3"},"content":{"rendered":"<p>Ten <a href=\"https:\/\/mountlaser.com\/pl\/\"><strong>Kolimator F550-3LS3<\/strong><\/a> jest wysoce precyzyjny<a href=\"https:\/\/mountlaser.com\/pl\/products\/\"><strong> Kolimator laserowy do tachimetru<\/strong><\/a> Zaprojektowany do zaawansowanego ustawiania optycznego i kalibracji. Kolimator F550-3LS3, wyposa\u017cony w trzy tuby optyczne w konstrukcji pod\u0142ogowej, zapewnia wyj\u0105tkow\u0105 stabilno\u015b\u0107 podczas test\u00f3w wieloosiowych. Model ten jest wyposa\u017cony w du\u017cy, podzielony ekran i trzy zintegrowane tuby fotoelektryczne, co umo\u017cliwia bardzo czu\u0142\u0105 detekcj\u0119 i precyzyjne ustawianie optyczne.<\/p>\n<p><img fetchpriority=\"high\" decoding=\"async\" class=\"aligncenter wp-image-4437\" src=\"https:\/\/mountlaser.com\/wp-content\/uploads\/2025\/11\/F550-3ls3.webp\" alt=\"F550-3LS3 Laser Collimator for total station\" width=\"500\" height=\"500\" srcset=\"https:\/\/mountlaser.com\/wp-content\/uploads\/2025\/11\/F550-3ls3.webp 800w, https:\/\/mountlaser.com\/wp-content\/uploads\/2025\/11\/F550-3ls3-300x300.webp 300w, https:\/\/mountlaser.com\/wp-content\/uploads\/2025\/11\/F550-3ls3-400x400.webp 400w, https:\/\/mountlaser.com\/wp-content\/uploads\/2025\/11\/F550-3ls3-600x600.webp 600w, https:\/\/mountlaser.com\/wp-content\/uploads\/2025\/11\/F550-3ls3-150x150.webp 150w, https:\/\/mountlaser.com\/wp-content\/uploads\/2025\/11\/F550-3ls3-768x768.webp 768w, https:\/\/mountlaser.com\/wp-content\/uploads\/2025\/11\/F550-3ls3-12x12.webp 12w\" sizes=\"(max-width: 500px) 100vw, 500px\" \/><\/p>\n<p>Jako osoba o poziomie profesjonalnym <a href=\"https:\/\/mountlaser.com\/pl\/contact-us\/\">Kolimator laserowy do tachimetru<\/a>, Kolimator F550-3LS3 zapewnia sta\u0142\u0105 jako\u015b\u0107 wi\u0105zki i dok\u0142adn\u0105 weryfikacj\u0119 osi optycznej tachimetr\u00f3w, teodolit\u00f3w i niwelator\u00f3w automatycznych. Ulepszony system detekcji optycznej zapewnia lepsz\u0105 powtarzalno\u015b\u0107 kalibracji, co czyni go jednym z najbardziej niezawodnych rozwi\u0105za\u0144 dla laboratori\u00f3w, centr\u00f3w serwisowych i plac\u00f3wek metrologicznych. Dla profesjonalist\u00f3w poszukuj\u0105cych niezawodnego kolimatora laserowego do tachimetru, ten model oferuje przejrzysto\u015b\u0107, czu\u0142o\u015b\u0107 i wyj\u0105tkow\u0105 wydajno\u015b\u0107 kalibracji.<\/p>","protected":false},"excerpt":{"rendered":"<ul>\n<li>Tworzy stabilne, r\u00f3wnoleg\u0142e wi\u0105zki laserowe do kalibracji tachimetr\u00f3w i instrument\u00f3w optycznych<\/li>\n<li>Trzy tuby optyczne umo\u017cliwiaj\u0105 precyzyjne wielokierunkowe ustawienie<\/li>\n<li>Du\u017cy, podzielony ekran zwi\u0119ksza dok\u0142adno\u015b\u0107 obserwacji wizualnej i kalibracji<\/li>\n<li>Trzy zintegrowane lampy fotoelektryczne zapewniaj\u0105 wysok\u0105 czu\u0142o\u015b\u0107 detekcji optycznej<\/li>\n<li>Konstrukcja w stylu pod\u0142ogi zapewnia doskona\u0142\u0105 stabilno\u015b\u0107 i redukcj\u0119 wibracji<\/li>\n<\/ul>","protected":false},"featured_media":4437,"comment_status":"open","ping_status":"closed","template":"","meta":[],"product_brand":[],"product_cat":[71,125],"product_tag":[],"class_list":{"0":"post-4436","1":"product","2":"type-product","3":"status-publish","4":"has-post-thumbnail","6":"product_cat-calibration-testing-instrument","7":"product_cat-collimator-instrument","9":"first","10":"instock","11":"shipping-taxable","12":"product-type-simple"},"_links":{"self":[{"href":"https:\/\/mountlaser.com\/pl\/wp-json\/wp\/v2\/product\/4436","targetHints":{"allow":["GET"]}}],"collection":[{"href":"https:\/\/mountlaser.com\/pl\/wp-json\/wp\/v2\/product"}],"about":[{"href":"https:\/\/mountlaser.com\/pl\/wp-json\/wp\/v2\/types\/product"}],"replies":[{"embeddable":true,"href":"https:\/\/mountlaser.com\/pl\/wp-json\/wp\/v2\/comments?post=4436"}],"wp:featuredmedia":[{"embeddable":true,"href":"https:\/\/mountlaser.com\/pl\/wp-json\/wp\/v2\/media\/4437"}],"wp:attachment":[{"href":"https:\/\/mountlaser.com\/pl\/wp-json\/wp\/v2\/media?parent=4436"}],"wp:term":[{"taxonomy":"product_brand","embeddable":true,"href":"https:\/\/mountlaser.com\/pl\/wp-json\/wp\/v2\/product_brand?post=4436"},{"taxonomy":"product_cat","embeddable":true,"href":"https:\/\/mountlaser.com\/pl\/wp-json\/wp\/v2\/product_cat?post=4436"},{"taxonomy":"product_tag","embeddable":true,"href":"https:\/\/mountlaser.com\/pl\/wp-json\/wp\/v2\/product_tag?post=4436"}],"curies":[{"name":"wp","href":"https:\/\/api.w.org\/{rel}","templated":true}]}}