{"id":4428,"date":"2025-11-14T09:07:01","date_gmt":"2025-11-14T09:07:01","guid":{"rendered":"https:\/\/mountlaser.com\/?post_type=product&#038;p=4428"},"modified":"2025-11-27T05:17:01","modified_gmt":"2025-11-27T05:17:01","slug":"gls11-aluminum-prism-pole","status":"publish","type":"product","link":"https:\/\/mountlaser.com\/pl\/produkt\/gls11-aluminum-prism-pole\/","title":{"rendered":"GLS11 Aluminiowy s\u0142upek pryzmatyczny"},"content":{"rendered":"<p>Podnie\u015b poziom swojej pracy geodezyjnej dzi\u0119ki laserowi monta\u017cowemu <a href=\"https:\/\/mountlaser.com\/pl\/products\/\"><strong>GLS11 Aluminiowy s\u0142upek pryzmatyczny<\/strong><\/a>, zaprojektowany z my\u015bl\u0105 o niezmiennej stabilno\u015bci i wyj\u0105tkowej dok\u0142adno\u015bci. Ten profesjonalny maszt zosta\u0142 zaprojektowany tak, aby sprosta\u0107 trudom placu budowy, zapewniaj\u0105c jednocze\u015bnie niezawodno\u015b\u0107 niezb\u0119dn\u0105 do wykonywania kluczowych pomiar\u00f3w.<\/p>\n<p>Kluczow\u0105 cech\u0105 wyr\u00f3\u017cniaj\u0105c\u0105 GLS11 jest mechanizm blokady pryzmatu Swiss-Style Snap Lock. Ten innowacyjny system blokowania pozwala na szybk\u0105 i bezpieczn\u0105 regulacj\u0119 wysoko\u015bci za pomoc\u0105 prostego zatrzasku, oszcz\u0119dzaj\u0105c cenny czas w terenie bez utraty stabilno\u015bci. Solidna konstrukcja gwarantuje, \u017ce po zablokowaniu tyczka pozostaje sztywna, eliminuj\u0105c drgania i zapewniaj\u0105c idealne ustawienie pryzmatu.<\/p>\n<p>Wykonany z wysokiej jako\u015bci, lekkiego aluminium, GLS11 jest \u0142atwy w transporcie przez ca\u0142y d\u0142ugi dzie\u0144 pracy, a jednocze\u015bnie niezwykle wytrzyma\u0142y. Wyposa\u017cony jest w okr\u0105g\u0142\u0105 libell\u0119 o \u015brednicy 9 metr\u00f3w, kt\u00f3ra u\u0142atwia i precyzyjnie poziomuje, gwarantuj\u0105c precyzj\u0119 pomiar\u00f3w.<a href=\"https:\/\/mountlaser.com\/pl\/about-us\/\"> <strong>Pryzmatyczny s\u0142upek z blokad\u0105 zatrzaskow\u0105 w stylu szwajcarskim<\/strong><\/a> konstrukcja obejmuje uniwersalny adapter, dzi\u0119ki kt\u00f3remu jest kompatybilna z szerok\u0105 gam\u0105 pryzmat\u00f3w i akcesori\u00f3w.<\/p>\n<p>Dla geodet\u00f3w, kt\u00f3rzy wymagaj\u0105 wydajno\u015bci i solidno\u015bci, <a href=\"https:\/\/mountlaser.com\/pl\/contact-us\/\">GLS11<\/a> To idealne narz\u0119dzie. Niezawodno\u015b\u0107 tego pryzmatycznego tyczki z zatrzaskiem w stylu szwajcarskim pozwala Ci skupi\u0107 si\u0119 na pomiarach, maj\u0105c pewno\u015b\u0107, \u017ce Tw\u00f3j sprz\u0119t Ci\u0119 nie zawiedzie.<\/p>\n<p>&nbsp;<\/p>\n<p><img fetchpriority=\"high\" decoding=\"async\" class=\"aligncenter wp-image-4433\" src=\"https:\/\/mountlaser.com\/wp-content\/uploads\/2025\/11\/CLS11-5.webp\" alt=\"Swiss-Style Snap Lock Prism Pole\" width=\"500\" height=\"500\" srcset=\"https:\/\/mountlaser.com\/wp-content\/uploads\/2025\/11\/CLS11-5.webp 1000w, https:\/\/mountlaser.com\/wp-content\/uploads\/2025\/11\/CLS11-5-300x300.webp 300w, https:\/\/mountlaser.com\/wp-content\/uploads\/2025\/11\/CLS11-5-400x400.webp 400w, https:\/\/mountlaser.com\/wp-content\/uploads\/2025\/11\/CLS11-5-800x800.webp 800w, https:\/\/mountlaser.com\/wp-content\/uploads\/2025\/11\/CLS11-5-600x600.webp 600w, https:\/\/mountlaser.com\/wp-content\/uploads\/2025\/11\/CLS11-5-150x150.webp 150w, https:\/\/mountlaser.com\/wp-content\/uploads\/2025\/11\/CLS11-5-768x768.webp 768w, https:\/\/mountlaser.com\/wp-content\/uploads\/2025\/11\/CLS11-5-12x12.webp 12w\" sizes=\"(max-width: 500px) 100vw, 500px\" \/><\/p>\n<p><strong>Specyfikacja aluminiowego s\u0142upka pryzmatycznego GLS11<\/strong><\/p>\n<table style=\"border-collapse: collapse; width: 846.77pt;\" border=\"0\" width=\"1129\" cellspacing=\"0\" cellpadding=\"0\">\n<tbody>\n<tr style=\"height: 14.25pt;\">\n<td class=\"et2\" style=\"height: 14.25pt; width: 142.50pt;\" width=\"190\" height=\"19\">NUMER<\/td>\n<td class=\"et2\" style=\"width: 127.50pt;\" width=\"170\">D\u0141UGO\u015a\u0106<\/td>\n<td class=\"et2\" style=\"width: 126.00pt;\" width=\"168\">TWORZYWO<\/td>\n<td class=\"et2\" style=\"width: 135.00pt;\" width=\"180\">ABSOLWENCI<\/td>\n<td class=\"et2\" style=\"width: 124.50pt;\" width=\"166\">ADAPTER<\/td>\n<td class=\"et2\" style=\"width: 86.25pt;\" width=\"115\">RURA ZEWN\u0118TRZNA<\/td>\n<td class=\"et2\" style=\"width: 105.00pt;\" width=\"140\">\u015aREDNICA<\/td>\n<\/tr>\n<tr style=\"height: 14.25pt;\">\n<td class=\"et2\" style=\"height: 14.25pt;\" height=\"19\">GLS11<\/td>\n<td class=\"et2\">2,15 m (7,05 stopy)<\/td>\n<td class=\"et2\">Aluminium<\/td>\n<td class=\"et3\">cm\/ stopy<\/td>\n<td class=\"et3\">szwajcarski<\/td>\n<td class=\"et3\">cm\/ stopy<\/td>\n<td class=\"et3\">18\/25 mm<\/td>\n<\/tr>\n<\/tbody>\n<\/table>","protected":false},"excerpt":{"rendered":"<ul>\n<li>Lekka konstrukcja aluminiowa: zapewnia optymaln\u0105 r\u00f3wnowag\u0119 mi\u0119dzy wytrzyma\u0142o\u015bci\u0105 i przeno\u015bno\u015bci\u0105, umo\u017cliwiaj\u0105c ca\u0142odzienne u\u017cytkowanie.<\/li>\n<li>Uniwersalna kompatybilno\u015b\u0107: Posiada standardowy adapter (18\/25 mm) pasuj\u0105cy do wi\u0119kszo\u015bci popularnych pryzmat\u00f3w.<\/li>\n<li>Wyra\u017ane podzia\u0142ki centymetrowe: \u0141atwe odczytywanie umo\u017cliwiaj\u0105ce szybk\u0105 konfiguracj\u0119 i okre\u015blenie wysoko\u015bci.<\/li>\n<\/ul>","protected":false},"featured_media":4430,"comment_status":"open","ping_status":"closed","template":"","meta":[],"product_brand":[],"product_cat":[124,89],"product_tag":[],"class_list":{"0":"post-4428","1":"product","2":"type-product","3":"status-publish","4":"has-post-thumbnail","6":"product_cat-aluminum-fiberglass-prism-pole","7":"product_cat-surveying-pole-rod","9":"first","10":"instock","11":"shipping-taxable","12":"product-type-simple"},"_links":{"self":[{"href":"https:\/\/mountlaser.com\/pl\/wp-json\/wp\/v2\/product\/4428","targetHints":{"allow":["GET"]}}],"collection":[{"href":"https:\/\/mountlaser.com\/pl\/wp-json\/wp\/v2\/product"}],"about":[{"href":"https:\/\/mountlaser.com\/pl\/wp-json\/wp\/v2\/types\/product"}],"replies":[{"embeddable":true,"href":"https:\/\/mountlaser.com\/pl\/wp-json\/wp\/v2\/comments?post=4428"}],"wp:featuredmedia":[{"embeddable":true,"href":"https:\/\/mountlaser.com\/pl\/wp-json\/wp\/v2\/media\/4430"}],"wp:attachment":[{"href":"https:\/\/mountlaser.com\/pl\/wp-json\/wp\/v2\/media?parent=4428"}],"wp:term":[{"taxonomy":"product_brand","embeddable":true,"href":"https:\/\/mountlaser.com\/pl\/wp-json\/wp\/v2\/product_brand?post=4428"},{"taxonomy":"product_cat","embeddable":true,"href":"https:\/\/mountlaser.com\/pl\/wp-json\/wp\/v2\/product_cat?post=4428"},{"taxonomy":"product_tag","embeddable":true,"href":"https:\/\/mountlaser.com\/pl\/wp-json\/wp\/v2\/product_tag?post=4428"}],"curies":[{"name":"wp","href":"https:\/\/api.w.org\/{rel}","templated":true}]}}