{"id":4427,"date":"2025-11-14T08:44:50","date_gmt":"2025-11-14T08:44:50","guid":{"rendered":"https:\/\/mountlaser.com\/?post_type=product&#038;p=4427"},"modified":"2025-11-27T05:22:00","modified_gmt":"2025-11-27T05:22:00","slug":"f550-3ls1-collimator","status":"publish","type":"product","link":"https:\/\/mountlaser.com\/pl\/produkt\/f550-3ls1-collimator\/","title":{"rendered":"Kolimator F550-3LS1"},"content":{"rendered":"<p>Ten<a href=\"https:\/\/mountlaser.com\/pl\/products\/\"> <strong>Kolimator F550-3LS1<\/strong><\/a> jest profesjonalist\u0105 <a href=\"https:\/\/mountlaser.com\/pl\/about-us\/\"><strong>kolimator optyczny z du\u017cym ekranem<\/strong><\/a> Zaprojektowany do precyzyjnej kalibracji instrument\u00f3w geodezyjnych i optycznych. Zbudowany w konfiguracji pod\u0142ogowej z trzema tubami optycznymi, kolimator F550-3LS1 zapewnia wyj\u0105tkow\u0105 stabilno\u015b\u0107 i mo\u017cliwo\u015b\u0107 regulacji wieloosiowej. Du\u017cy, zintegrowany wy\u015bwietlacz \u2013 skonfigurowany jako du\u017cy ekran bez podzia\u0142u, w po\u0142\u0105czeniu ze zintegrowan\u0105 tub\u0105 fotoelektryczn\u0105 \u2013 zapewnia wyra\u017aniejszy obraz i zwi\u0119kszon\u0105 wydajno\u015b\u0107 kalibracji.<\/p>\n<p><img fetchpriority=\"high\" decoding=\"async\" class=\"aligncenter wp-image-4413\" src=\"https:\/\/mountlaser.com\/wp-content\/uploads\/2025\/11\/F550-3ls1.webp\" alt=\"F550-3LS1 Collimator\" width=\"500\" height=\"500\" srcset=\"https:\/\/mountlaser.com\/wp-content\/uploads\/2025\/11\/F550-3ls1.webp 800w, https:\/\/mountlaser.com\/wp-content\/uploads\/2025\/11\/F550-3ls1-300x300.webp 300w, https:\/\/mountlaser.com\/wp-content\/uploads\/2025\/11\/F550-3ls1-400x400.webp 400w, https:\/\/mountlaser.com\/wp-content\/uploads\/2025\/11\/F550-3ls1-600x600.webp 600w, https:\/\/mountlaser.com\/wp-content\/uploads\/2025\/11\/F550-3ls1-150x150.webp 150w, https:\/\/mountlaser.com\/wp-content\/uploads\/2025\/11\/F550-3ls1-768x768.webp 768w, https:\/\/mountlaser.com\/wp-content\/uploads\/2025\/11\/F550-3ls1-12x12.webp 12w\" sizes=\"(max-width: 500px) 100vw, 500px\" \/><\/p>\n<p>Jako zaawansowany kolimator optyczny z du\u017cym ekranem, <a href=\"https:\/\/mountlaser.com\/pl\/contact-us\/\">Kolimator F550-3LS1<\/a> Zosta\u0142 zaprojektowany z my\u015bl\u0105 o laboratoriach, centrach naprawczych i \u015brodowiskach testowania precyzyjnego, gdzie precyzyjne ustawienie instrument\u00f3w jest kluczowe. Niezale\u017cnie od tego, czy testujesz tachimetry, teodolity, czy niwelatory automatyczne, ten model zapewnia sta\u0142y, r\u00f3wnoleg\u0142y strumie\u0144 \u015bwietlny i niezawodn\u0105, d\u0142ugotrwa\u0142\u0105 wydajno\u015b\u0107. Profesjonali\u015bci poszukuj\u0105cy niezawodnego kolimatora optycznego z du\u017cym ekranem doceni\u0105 jego przejrzysto\u015b\u0107, stabilno\u015b\u0107 i precyzyjne mo\u017cliwo\u015bci ustawienia optycznego.<\/p>","protected":false},"excerpt":{"rendered":"<ul>\n<li>Generuje dok\u0142adne r\u00f3wnoleg\u0142e wi\u0105zki \u015bwiat\u0142a do kalibracji sprz\u0119tu geodezyjnego i optycznego<\/li>\n<li>Trzy tuby optyczne umo\u017cliwiaj\u0105 wielokierunkowe i wieloosiowe ustawienie<\/li>\n<li>Du\u017cy, niepodzielony ekran poprawia obserwacj\u0119 wizualn\u0105 i dok\u0142adno\u015b\u0107 kalibracji<\/li>\n<li>Zintegrowana lampa fotoelektryczna zwi\u0119ksza stabilno\u015b\u0107 detekcji optycznej i pomiaru<\/li>\n<li>Konstrukcja w stylu pod\u0142ogowym zapewnia maksymaln\u0105 stabilno\u015b\u0107 i redukuje wibracje podczas pracy<\/li>\n<\/ul>","protected":false},"featured_media":4413,"comment_status":"open","ping_status":"closed","template":"","meta":[],"product_brand":[],"product_cat":[71,125],"product_tag":[],"class_list":{"0":"post-4427","1":"product","2":"type-product","3":"status-publish","4":"has-post-thumbnail","6":"product_cat-calibration-testing-instrument","7":"product_cat-collimator-instrument","9":"first","10":"instock","11":"shipping-taxable","12":"product-type-simple"},"_links":{"self":[{"href":"https:\/\/mountlaser.com\/pl\/wp-json\/wp\/v2\/product\/4427","targetHints":{"allow":["GET"]}}],"collection":[{"href":"https:\/\/mountlaser.com\/pl\/wp-json\/wp\/v2\/product"}],"about":[{"href":"https:\/\/mountlaser.com\/pl\/wp-json\/wp\/v2\/types\/product"}],"replies":[{"embeddable":true,"href":"https:\/\/mountlaser.com\/pl\/wp-json\/wp\/v2\/comments?post=4427"}],"wp:featuredmedia":[{"embeddable":true,"href":"https:\/\/mountlaser.com\/pl\/wp-json\/wp\/v2\/media\/4413"}],"wp:attachment":[{"href":"https:\/\/mountlaser.com\/pl\/wp-json\/wp\/v2\/media?parent=4427"}],"wp:term":[{"taxonomy":"product_brand","embeddable":true,"href":"https:\/\/mountlaser.com\/pl\/wp-json\/wp\/v2\/product_brand?post=4427"},{"taxonomy":"product_cat","embeddable":true,"href":"https:\/\/mountlaser.com\/pl\/wp-json\/wp\/v2\/product_cat?post=4427"},{"taxonomy":"product_tag","embeddable":true,"href":"https:\/\/mountlaser.com\/pl\/wp-json\/wp\/v2\/product_tag?post=4427"}],"curies":[{"name":"wp","href":"https:\/\/api.w.org\/{rel}","templated":true}]}}