{"id":4425,"date":"2025-11-14T08:07:31","date_gmt":"2025-11-14T08:07:31","guid":{"rendered":"https:\/\/mountlaser.com\/?post_type=product&#038;p=4425"},"modified":"2025-11-27T05:24:25","modified_gmt":"2025-11-27T05:24:25","slug":"f550-3s-collimator","status":"publish","type":"product","link":"https:\/\/mountlaser.com\/pl\/produkt\/f550-3s-collimator\/","title":{"rendered":"Kolimator F550-3S"},"content":{"rendered":"<p>Ten <a href=\"https:\/\/mountlaser.com\/pl\/\"><strong>Kolimator F550-3S<\/strong><\/a> jest profesjonalist\u0105 <a href=\"https:\/\/mountlaser.com\/pl\/about-us\/\"><strong>Kolimator optyczny do automatycznego poziomowania<\/strong> <\/a>Zaprojektowany z my\u015bl\u0105 o precyzyjnym i stabilnym ustawieniu optycznym instrument\u00f3w geodezyjnych. Kolimator F550-3S, wyposa\u017cony w trzy tuby optyczne, montowany na pod\u0142odze, zapewnia wielokierunkow\u0105 kalibracj\u0119, co czyni go niezb\u0119dnym narz\u0119dziem do testowania instrument\u00f3w o wysokiej dok\u0142adno\u015bci. Model ten jest wyposa\u017cony w ma\u0142y wy\u015bwietlacz i jedn\u0105 zintegrowan\u0105 tub\u0119 fotoelektryczn\u0105, co poprawia zar\u00f3wno przejrzysto\u015b\u0107 obrazu, jak i wydajno\u015b\u0107 kalibracji.<\/p>\n<p><img fetchpriority=\"high\" decoding=\"async\" class=\"aligncenter wp-image-4426\" src=\"https:\/\/mountlaser.com\/wp-content\/uploads\/2025\/11\/F550-3SS_\u526f\u672c.webp\" alt=\"F550-3S optical collimator for auto level\" width=\"500\" height=\"500\" srcset=\"https:\/\/mountlaser.com\/wp-content\/uploads\/2025\/11\/F550-3SS_\u526f\u672c.webp 800w, https:\/\/mountlaser.com\/wp-content\/uploads\/2025\/11\/F550-3SS_\u526f\u672c-300x300.webp 300w, https:\/\/mountlaser.com\/wp-content\/uploads\/2025\/11\/F550-3SS_\u526f\u672c-400x400.webp 400w, https:\/\/mountlaser.com\/wp-content\/uploads\/2025\/11\/F550-3SS_\u526f\u672c-600x600.webp 600w, https:\/\/mountlaser.com\/wp-content\/uploads\/2025\/11\/F550-3SS_\u526f\u672c-150x150.webp 150w, https:\/\/mountlaser.com\/wp-content\/uploads\/2025\/11\/F550-3SS_\u526f\u672c-768x768.webp 768w, https:\/\/mountlaser.com\/wp-content\/uploads\/2025\/11\/F550-3SS_\u526f\u672c-12x12.webp 12w\" sizes=\"(max-width: 500px) 100vw, 500px\" \/><\/p>\n<p>Jako niezawodny kolimator optyczny do automatycznego poziomowania, <a href=\"https:\/\/mountlaser.com\/pl\/contact-us\/\">Kolimator F550-3S<\/a> Zapewnia sta\u0142\u0105 jako\u015b\u0107 wi\u0105zki i dok\u0142adne ustawienie osi niwelator\u00f3w automatycznych, teodolit\u00f3w i tachimetr\u00f3w. Solidna konstrukcja, montowana na pod\u0142odze, redukuje wibracje i gwarantuje d\u0142ugotrwa\u0142\u0105 prac\u0119 w laboratoriach i centrach naprawczych. Ten model oferuje precyzj\u0119, stabilno\u015b\u0107 i nowoczesn\u0105 funkcjonalno\u015b\u0107, co doceni\u0105 profesjonali\u015bci poszukuj\u0105cy niezawodnego kolimatora optycznego do niwelator\u00f3w automatycznych.<\/p>","protected":false},"excerpt":{"rendered":"<ul>\n<li>Tworzy stabilne, r\u00f3wnoleg\u0142e wi\u0105zki do kalibracji poziomic automatycznych i instrument\u00f3w optycznych<\/li>\n<li>Trzy tuby optyczne umo\u017cliwiaj\u0105 wieloosiowe ustawianie i testowanie dok\u0142adno\u015bci<\/li>\n<li>Zintegrowana lampa fotoelektryczna zwi\u0119ksza precyzj\u0119 i dok\u0142adno\u015b\u0107 pomiaru<\/li>\n<li>Konstrukcja w stylu pod\u0142ogi zapewnia doskona\u0142\u0105 stabilno\u015b\u0107 i redukuje zak\u0142\u00f3cenia zewn\u0119trzne<\/li>\n<li>Ma\u0142y ekran umo\u017cliwia obserwacj\u0119 w czasie rzeczywistym i u\u0142atwia proces kalibracji<\/li>\n<\/ul>","protected":false},"featured_media":4426,"comment_status":"open","ping_status":"closed","template":"","meta":[],"product_brand":[],"product_cat":[71,125],"product_tag":[],"class_list":{"0":"post-4425","1":"product","2":"type-product","3":"status-publish","4":"has-post-thumbnail","6":"product_cat-calibration-testing-instrument","7":"product_cat-collimator-instrument","9":"first","10":"instock","11":"shipping-taxable","12":"product-type-simple"},"_links":{"self":[{"href":"https:\/\/mountlaser.com\/pl\/wp-json\/wp\/v2\/product\/4425","targetHints":{"allow":["GET"]}}],"collection":[{"href":"https:\/\/mountlaser.com\/pl\/wp-json\/wp\/v2\/product"}],"about":[{"href":"https:\/\/mountlaser.com\/pl\/wp-json\/wp\/v2\/types\/product"}],"replies":[{"embeddable":true,"href":"https:\/\/mountlaser.com\/pl\/wp-json\/wp\/v2\/comments?post=4425"}],"wp:featuredmedia":[{"embeddable":true,"href":"https:\/\/mountlaser.com\/pl\/wp-json\/wp\/v2\/media\/4426"}],"wp:attachment":[{"href":"https:\/\/mountlaser.com\/pl\/wp-json\/wp\/v2\/media?parent=4425"}],"wp:term":[{"taxonomy":"product_brand","embeddable":true,"href":"https:\/\/mountlaser.com\/pl\/wp-json\/wp\/v2\/product_brand?post=4425"},{"taxonomy":"product_cat","embeddable":true,"href":"https:\/\/mountlaser.com\/pl\/wp-json\/wp\/v2\/product_cat?post=4425"},{"taxonomy":"product_tag","embeddable":true,"href":"https:\/\/mountlaser.com\/pl\/wp-json\/wp\/v2\/product_tag?post=4425"}],"curies":[{"name":"wp","href":"https:\/\/api.w.org\/{rel}","templated":true}]}}