{"id":4423,"date":"2025-11-14T07:50:32","date_gmt":"2025-11-14T07:50:32","guid":{"rendered":"https:\/\/mountlaser.com\/?post_type=product&#038;p=4423"},"modified":"2025-11-27T05:40:55","modified_gmt":"2025-11-27T05:40:55","slug":"t550-2t-collimator","status":"publish","type":"product","link":"https:\/\/mountlaser.com\/pl\/produkt\/t550-2t-collimator\/","title":{"rendered":"Kolimator T550-2T"},"content":{"rendered":"<p>Ten <a href=\"https:\/\/mountlaser.com\/pl\/\"><strong>Kolimator T550-2T<\/strong><\/a> jest profesjonalist\u0105 <a href=\"https:\/\/mountlaser.com\/pl\/about-us\/\"><strong>Kolimator optyczny o wysokiej precyzji<\/strong><\/a> Zaprojektowany do wymagaj\u0105cych zastosowa\u0144 kalibracji i ustawiania optycznego. Zaprojektowany w stylu biurkowym, kolimator T550-2T wyposa\u017cony jest w dwie tuby optyczne oraz dodatkow\u0105 tub\u0119 zenitaln\u0105, umo\u017cliwiaj\u0105c technikom wykonywanie wielok\u0105towych i wieloosiowych ustawie\u0144 z wyj\u0105tkow\u0105 dok\u0142adno\u015bci\u0105. Jako sprawdzony kolimator optyczny o wysokiej precyzji, zapewnia on stabilno\u015b\u0107 osi optycznych, niezawodn\u0105 r\u00f3wnoleg\u0142o\u015b\u0107 strumienia \u015bwiat\u0142a i sp\u00f3jn\u0105 jako\u015b\u0107 pomiar\u00f3w wymagan\u0105 w geodezjach i laboratoriach.<\/p>\n<p><img fetchpriority=\"high\" decoding=\"async\" class=\"aligncenter wp-image-4424\" src=\"https:\/\/mountlaser.com\/wp-content\/uploads\/2025\/11\/2-2-F550-2T.webp\" alt=\"T550-2T High Precision Optical Collimator\" width=\"500\" height=\"500\" srcset=\"https:\/\/mountlaser.com\/wp-content\/uploads\/2025\/11\/2-2-F550-2T.webp 1000w, https:\/\/mountlaser.com\/wp-content\/uploads\/2025\/11\/2-2-F550-2T-300x300.webp 300w, https:\/\/mountlaser.com\/wp-content\/uploads\/2025\/11\/2-2-F550-2T-400x400.webp 400w, https:\/\/mountlaser.com\/wp-content\/uploads\/2025\/11\/2-2-F550-2T-800x800.webp 800w, https:\/\/mountlaser.com\/wp-content\/uploads\/2025\/11\/2-2-F550-2T-600x600.webp 600w, https:\/\/mountlaser.com\/wp-content\/uploads\/2025\/11\/2-2-F550-2T-150x150.webp 150w, https:\/\/mountlaser.com\/wp-content\/uploads\/2025\/11\/2-2-F550-2T-768x768.webp 768w, https:\/\/mountlaser.com\/wp-content\/uploads\/2025\/11\/2-2-F550-2T-12x12.webp 12w\" sizes=\"(max-width: 500px) 100vw, 500px\" \/><\/p>\n<p>Stworzony dla precyzyjnej metrologii, instytucji badawczych i centr\u00f3w serwisowych instrument\u00f3w,<a href=\"https:\/\/mountlaser.com\/pl\/contact-us\/\"> Kolimator T550-2T<\/a> Zapewnia zwi\u0119kszon\u0105 wydajno\u015b\u0107 w por\u00f3wnaniu ze standardowymi modelami. Dodatkowy tubus zenitalny umo\u017cliwia weryfikacj\u0119 w osi pionowej, co czyni go jednym z najbardziej wszechstronnych i efektywnych rozwi\u0105za\u0144 kolimatora optycznego o wysokiej precyzji dost\u0119pnych na rynku.<\/p>","protected":false},"excerpt":{"rendered":"<ul>\n<li>Generuje precyzyjne r\u00f3wnoleg\u0142e wi\u0105zki \u015bwiat\u0142a do kalibracji i ustawienia optycznego<\/li>\n<li>Dwie tuby optyczne + jedna tuba zenitalna umo\u017cliwiaj\u0105 testowanie pod wieloma k\u0105tami i w osi pionowej<\/li>\n<li>Konstrukcja w stylu biurkowym zapewnia stabilno\u015b\u0107 i efektywne wykorzystanie przestrzeni<\/li>\n<li>Idealny do kalibracji tachimetr\u00f3w, teodolit\u00f3w i niwelator\u00f3w optycznych<\/li>\n<li>Zapewnia powtarzaln\u0105 dok\u0142adno\u015b\u0107 w profesjonalnej konserwacji i testowaniu urz\u0105dze\u0144<\/li>\n<\/ul>","protected":false},"featured_media":4424,"comment_status":"open","ping_status":"closed","template":"","meta":[],"product_brand":[],"product_cat":[71,125],"product_tag":[],"class_list":{"0":"post-4423","1":"product","2":"type-product","3":"status-publish","4":"has-post-thumbnail","6":"product_cat-calibration-testing-instrument","7":"product_cat-collimator-instrument","9":"first","10":"instock","11":"shipping-taxable","12":"product-type-simple"},"_links":{"self":[{"href":"https:\/\/mountlaser.com\/pl\/wp-json\/wp\/v2\/product\/4423","targetHints":{"allow":["GET"]}}],"collection":[{"href":"https:\/\/mountlaser.com\/pl\/wp-json\/wp\/v2\/product"}],"about":[{"href":"https:\/\/mountlaser.com\/pl\/wp-json\/wp\/v2\/types\/product"}],"replies":[{"embeddable":true,"href":"https:\/\/mountlaser.com\/pl\/wp-json\/wp\/v2\/comments?post=4423"}],"wp:featuredmedia":[{"embeddable":true,"href":"https:\/\/mountlaser.com\/pl\/wp-json\/wp\/v2\/media\/4424"}],"wp:attachment":[{"href":"https:\/\/mountlaser.com\/pl\/wp-json\/wp\/v2\/media?parent=4423"}],"wp:term":[{"taxonomy":"product_brand","embeddable":true,"href":"https:\/\/mountlaser.com\/pl\/wp-json\/wp\/v2\/product_brand?post=4423"},{"taxonomy":"product_cat","embeddable":true,"href":"https:\/\/mountlaser.com\/pl\/wp-json\/wp\/v2\/product_cat?post=4423"},{"taxonomy":"product_tag","embeddable":true,"href":"https:\/\/mountlaser.com\/pl\/wp-json\/wp\/v2\/product_tag?post=4423"}],"curies":[{"name":"wp","href":"https:\/\/api.w.org\/{rel}","templated":true}]}}