{"id":4421,"date":"2025-11-14T06:17:55","date_gmt":"2025-11-14T06:17:55","guid":{"rendered":"https:\/\/mountlaser.com\/?post_type=product&#038;p=4421"},"modified":"2025-11-27T05:42:38","modified_gmt":"2025-11-27T05:42:38","slug":"f550-3-collimator","status":"publish","type":"product","link":"https:\/\/mountlaser.com\/pl\/produkt\/f550-3-collimator\/","title":{"rendered":"Kolimator F550-3"},"content":{"rendered":"<p>Ten <a href=\"https:\/\/mountlaser.com\/pl\/\"><strong>Kolimator F550-3<\/strong><\/a> jest wysoce precyzyjny<a href=\"https:\/\/mountlaser.com\/pl\/about-us\/\"><strong> Kolimator laserowy<\/strong><\/a> Zaprojektowany do zaawansowanych zada\u0144 zwi\u0105zanych z ustawianiem i kalibracj\u0105 optyczn\u0105. Kolimator F550-3, wyposa\u017cony w trzy tuby optyczne i konstrukcj\u0119 pod\u0142ogow\u0105, zapewnia wyj\u0105tkow\u0105 stabilno\u015b\u0107, umo\u017cliwiaj\u0105c technikom testowanie i ustawianie instrument\u00f3w geodezyjnych z maksymaln\u0105 dok\u0142adno\u015bci\u0105. Jako profesjonalny kolimator laserowy, generuje on sp\u00f3jne, r\u00f3wnoleg\u0142e wi\u0105zki \u015bwiat\u0142a, idealne do weryfikacji osi optycznej tachimetr\u00f3w, teodolit\u00f3w i niwelator\u00f3w automatycznych.<\/p>\n<p><img fetchpriority=\"high\" decoding=\"async\" class=\"aligncenter wp-image-4422\" src=\"https:\/\/mountlaser.com\/wp-content\/uploads\/2025\/11\/3-2-F55-3.webp\" alt=\"F550-3 Laser Collimator\" width=\"500\" height=\"500\" srcset=\"https:\/\/mountlaser.com\/wp-content\/uploads\/2025\/11\/3-2-F55-3.webp 1000w, https:\/\/mountlaser.com\/wp-content\/uploads\/2025\/11\/3-2-F55-3-300x300.webp 300w, https:\/\/mountlaser.com\/wp-content\/uploads\/2025\/11\/3-2-F55-3-400x400.webp 400w, https:\/\/mountlaser.com\/wp-content\/uploads\/2025\/11\/3-2-F55-3-800x800.webp 800w, https:\/\/mountlaser.com\/wp-content\/uploads\/2025\/11\/3-2-F55-3-600x600.webp 600w, https:\/\/mountlaser.com\/wp-content\/uploads\/2025\/11\/3-2-F55-3-150x150.webp 150w, https:\/\/mountlaser.com\/wp-content\/uploads\/2025\/11\/3-2-F55-3-768x768.webp 768w, https:\/\/mountlaser.com\/wp-content\/uploads\/2025\/11\/3-2-F55-3-12x12.webp 12w\" sizes=\"(max-width: 500px) 100vw, 500px\" \/><\/p>\n<p>Zaprojektowany do wymagaj\u0105cych \u015brodowisk laboratoryjnych i warsztatowych, <a href=\"https:\/\/mountlaser.com\/pl\/contact-us\/\">Kolimator F550-3<\/a> Obs\u0142uguje kalibracj\u0119 wieloosiow\u0105 dzi\u0119ki konfiguracji z trzema tubami, zapewniaj\u0105c doskona\u0142\u0105 wydajno\u015b\u0107 podczas d\u0142ugotrwa\u0142ego u\u017cytkowania. Ten model, idealny dla profesjonalist\u00f3w poszukuj\u0105cych niezawodnego i trwa\u0142ego kolimatora laserowego, wyr\u00f3\u017cnia si\u0119 dok\u0142adno\u015bci\u0105, stabilno\u015bci\u0105 i wydajno\u015bci\u0105 operacyjn\u0105.<\/p>","protected":false},"excerpt":{"rendered":"<ul>\n<li>Generuje stabilne, r\u00f3wnoleg\u0142e wi\u0105zki laserowe, umo\u017cliwiaj\u0105ce kalibracj\u0119 o wysokiej precyzji<\/li>\n<li>Trzy tuby optyczne umo\u017cliwiaj\u0105 zaawansowane wieloosiowe ustawienie<\/li>\n<li>Konstrukcja w stylu pod\u0142ogowym zapewnia maksymaln\u0105 stabilno\u015b\u0107 i mniejsze wibracje<\/li>\n<li>Nadaje si\u0119 do testowania tachimetr\u00f3w, teodolit\u00f3w i niwelator\u00f3w optycznych<\/li>\n<li>Zaprojektowane z my\u015bl\u0105 o sta\u0142ej wydajno\u015bci w laboratoriach metrologicznych i warsztatach pomiarowych<\/li>\n<\/ul>","protected":false},"featured_media":4422,"comment_status":"open","ping_status":"closed","template":"","meta":[],"product_brand":[],"product_cat":[71,125],"product_tag":[],"class_list":{"0":"post-4421","1":"product","2":"type-product","3":"status-publish","4":"has-post-thumbnail","6":"product_cat-calibration-testing-instrument","7":"product_cat-collimator-instrument","9":"first","10":"instock","11":"shipping-taxable","12":"product-type-simple"},"_links":{"self":[{"href":"https:\/\/mountlaser.com\/pl\/wp-json\/wp\/v2\/product\/4421","targetHints":{"allow":["GET"]}}],"collection":[{"href":"https:\/\/mountlaser.com\/pl\/wp-json\/wp\/v2\/product"}],"about":[{"href":"https:\/\/mountlaser.com\/pl\/wp-json\/wp\/v2\/types\/product"}],"replies":[{"embeddable":true,"href":"https:\/\/mountlaser.com\/pl\/wp-json\/wp\/v2\/comments?post=4421"}],"wp:featuredmedia":[{"embeddable":true,"href":"https:\/\/mountlaser.com\/pl\/wp-json\/wp\/v2\/media\/4422"}],"wp:attachment":[{"href":"https:\/\/mountlaser.com\/pl\/wp-json\/wp\/v2\/media?parent=4421"}],"wp:term":[{"taxonomy":"product_brand","embeddable":true,"href":"https:\/\/mountlaser.com\/pl\/wp-json\/wp\/v2\/product_brand?post=4421"},{"taxonomy":"product_cat","embeddable":true,"href":"https:\/\/mountlaser.com\/pl\/wp-json\/wp\/v2\/product_cat?post=4421"},{"taxonomy":"product_tag","embeddable":true,"href":"https:\/\/mountlaser.com\/pl\/wp-json\/wp\/v2\/product_tag?post=4421"}],"curies":[{"name":"wp","href":"https:\/\/api.w.org\/{rel}","templated":true}]}}