{"id":4419,"date":"2025-11-14T05:37:35","date_gmt":"2025-11-14T05:37:35","guid":{"rendered":"https:\/\/mountlaser.com\/?post_type=product&#038;p=4419"},"modified":"2025-12-01T08:24:30","modified_gmt":"2025-12-01T08:24:30","slug":"f550-2a-collimator","status":"publish","type":"product","link":"https:\/\/mountlaser.com\/pl\/produkt\/f550-2a-collimator\/","title":{"rendered":"Kolimator F550-2A"},"content":{"rendered":"<p>Ten <a href=\"https:\/\/mountlaser.com\/pl\/\"><strong>Kolimator F550-2A<\/strong><\/a> jest wysoce precyzyjny <a href=\"https:\/\/mountlaser.com\/pl\/kategoria-produktu\/calibration-testing-instrument\/\"><strong>Kolimator laserowy<\/strong><\/a> Zaprojektowany do profesjonalnych zada\u0144 zwi\u0105zanych z ustawianiem i kalibracj\u0105 optyczn\u0105. Dzi\u0119ki wytrzyma\u0142ej konstrukcji pod\u0142ogowej z dwoma tubami optycznymi, ten kolimator zapewnia wyj\u0105tkow\u0105 stabilno\u015b\u0107 i dok\u0142adno\u015b\u0107 podczas test\u00f3w optycznych. Zaprojektowany do u\u017cytku w laboratoriach metrologicznych, zak\u0142adach produkcyjnych i centrach serwisowych, kolimator laserowy zapewnia niezawodn\u0105 wydajno\u015b\u0107, jakiej mo\u017cna oczekiwa\u0107 od profesjonalnego kolimatora laserowego.<\/p>\n<p>Jako wszechstronny kolimator laserowy, kolimator F550-2A generuje wi\u0105zki o wysokiej r\u00f3wnoleg\u0142o\u015bci, co umo\u017cliwia precyzyjn\u0105 kalibracj\u0119 teodolit\u00f3w, tachimetr\u00f3w, niwelator\u00f3w optycznych i innych instrument\u00f3w pomiarowych. Konstrukcja z dwiema tubami optycznymi zwi\u0119ksza elastyczno\u015b\u0107 kalibracji, umo\u017cliwiaj\u0105c technikom \u0142atwe ustawianie pod wieloma k\u0105tami lub w wielu osiach. Konfiguracja wolnostoj\u0105ca dodatkowo minimalizuje wibracje i zapewnia maksymaln\u0105 sp\u00f3jno\u015b\u0107 pomiar\u00f3w.<\/p>\n<p><img fetchpriority=\"high\" decoding=\"async\" class=\"aligncenter wp-image-4420\" src=\"https:\/\/mountlaser.com\/wp-content\/uploads\/2025\/11\/2-3-F550-2A_\u526f\u672c.webp\" alt=\"F550-2A Collimator\" width=\"500\" height=\"500\" srcset=\"https:\/\/mountlaser.com\/wp-content\/uploads\/2025\/11\/2-3-F550-2A_\u526f\u672c.webp 1000w, https:\/\/mountlaser.com\/wp-content\/uploads\/2025\/11\/2-3-F550-2A_\u526f\u672c-300x300.webp 300w, https:\/\/mountlaser.com\/wp-content\/uploads\/2025\/11\/2-3-F550-2A_\u526f\u672c-400x400.webp 400w, https:\/\/mountlaser.com\/wp-content\/uploads\/2025\/11\/2-3-F550-2A_\u526f\u672c-800x800.webp 800w, https:\/\/mountlaser.com\/wp-content\/uploads\/2025\/11\/2-3-F550-2A_\u526f\u672c-600x600.webp 600w, https:\/\/mountlaser.com\/wp-content\/uploads\/2025\/11\/2-3-F550-2A_\u526f\u672c-150x150.webp 150w, https:\/\/mountlaser.com\/wp-content\/uploads\/2025\/11\/2-3-F550-2A_\u526f\u672c-768x768.webp 768w, https:\/\/mountlaser.com\/wp-content\/uploads\/2025\/11\/2-3-F550-2A_\u526f\u672c-12x12.webp 12w\" sizes=\"(max-width: 500px) 100vw, 500px\" \/><\/p>\n<p>Dzi\u0119ki solidnej konstrukcji i d\u0142ugotrwa\u0142ej stabilno\u015bci, <a href=\"https:\/\/mountlaser.com\/pl\/contact-us\/\">Kolimator F550-2A<\/a> to niezb\u0119dne rozwi\u0105zanie do utrzymania dok\u0142adno\u015bci przyrz\u0105d\u00f3w i usprawnienia proces\u00f3w kontroli jako\u015bci. Ten kolimator laserowy jest idealny dla organizacji wymagaj\u0105cych niezawodnej wydajno\u015bci optycznej i powtarzalnych wynik\u00f3w kalibracji.<\/p>","protected":false},"excerpt":{"rendered":"<ul>\n<li>Tworzy r\u00f3wnoleg\u0142e wi\u0105zki laserowe umo\u017cliwiaj\u0105ce precyzyjn\u0105 kalibracj\u0119 optyczn\u0105<\/li>\n<li>Konstrukcja z podw\u00f3jn\u0105 tub\u0105 optyczn\u0105 umo\u017cliwia regulacj\u0119 wielok\u0105tow\u0105 i wieloosiow\u0105<\/li>\n<li>Konstrukcja w stylu pod\u0142ogowym zwi\u0119ksza stabilno\u015b\u0107 i redukuje wibracje podczas test\u00f3w<\/li>\n<li>Nadaje si\u0119 do kalibracji tachimetr\u00f3w, teodolit\u00f3w, niwelator\u00f3w optycznych i innych narz\u0119dzi geodezyjnych<\/li>\n<li>Zwi\u0119ksza dok\u0142adno\u015b\u0107, niezawodno\u015b\u0107 i wydajno\u015b\u0107 przep\u0142ywu pracy w zastosowaniach metrologicznych i testowania optycznego<\/li>\n<\/ul>","protected":false},"featured_media":4420,"comment_status":"open","ping_status":"closed","template":"","meta":[],"product_brand":[],"product_cat":[71,125],"product_tag":[],"class_list":{"0":"post-4419","1":"product","2":"type-product","3":"status-publish","4":"has-post-thumbnail","6":"product_cat-calibration-testing-instrument","7":"product_cat-collimator-instrument","9":"first","10":"instock","11":"shipping-taxable","12":"product-type-simple"},"_links":{"self":[{"href":"https:\/\/mountlaser.com\/pl\/wp-json\/wp\/v2\/product\/4419","targetHints":{"allow":["GET"]}}],"collection":[{"href":"https:\/\/mountlaser.com\/pl\/wp-json\/wp\/v2\/product"}],"about":[{"href":"https:\/\/mountlaser.com\/pl\/wp-json\/wp\/v2\/types\/product"}],"replies":[{"embeddable":true,"href":"https:\/\/mountlaser.com\/pl\/wp-json\/wp\/v2\/comments?post=4419"}],"wp:featuredmedia":[{"embeddable":true,"href":"https:\/\/mountlaser.com\/pl\/wp-json\/wp\/v2\/media\/4420"}],"wp:attachment":[{"href":"https:\/\/mountlaser.com\/pl\/wp-json\/wp\/v2\/media?parent=4419"}],"wp:term":[{"taxonomy":"product_brand","embeddable":true,"href":"https:\/\/mountlaser.com\/pl\/wp-json\/wp\/v2\/product_brand?post=4419"},{"taxonomy":"product_cat","embeddable":true,"href":"https:\/\/mountlaser.com\/pl\/wp-json\/wp\/v2\/product_cat?post=4419"},{"taxonomy":"product_tag","embeddable":true,"href":"https:\/\/mountlaser.com\/pl\/wp-json\/wp\/v2\/product_tag?post=4419"}],"curies":[{"name":"wp","href":"https:\/\/api.w.org\/{rel}","templated":true}]}}