{"id":4417,"date":"2025-11-14T05:24:55","date_gmt":"2025-11-14T05:24:55","guid":{"rendered":"https:\/\/mountlaser.com\/?post_type=product&#038;p=4417"},"modified":"2025-12-01T08:41:30","modified_gmt":"2025-12-01T08:41:30","slug":"f550-3e-collimator","status":"publish","type":"product","link":"https:\/\/mountlaser.com\/pl\/produkt\/f550-3e-collimator\/","title":{"rendered":"Kolimator F550-3E"},"content":{"rendered":"<p>Ten <a href=\"https:\/\/mountlaser.com\/pl\/kategoria-produktu\/calibration-testing-instrument\/\"><strong>Kolimator F550-3E<\/strong><\/a> jest precyzyjnie zaprojektowany <a href=\"https:\/\/mountlaser.com\/pl\/about-us\/\"><strong>Kolimator wi\u0105zki<\/strong><\/a> System zaprojektowany do zada\u0144 kalibracji i ustawiania optycznego o wysokiej dok\u0142adno\u015bci. Zbudowany z solidnej, trzylampowej konstrukcji, o konstrukcji stacjonarnej, ten kolimator zapewnia stabiln\u0105 i sp\u00f3jn\u0105 wydajno\u015b\u0107 optyczn\u0105 w laboratoriach, zak\u0142adach produkcyjnych i zastosowaniach metrologicznych wymagaj\u0105cych wyj\u0105tkowej precyzji.<\/p>\n<p>Jako profesjonalny kolimator wi\u0105zkowy, kolimator F550-3E generuje r\u00f3wnoleg\u0142e wi\u0105zki \u015bwiat\u0142a, co gwarantuje niezawodne testowanie instrument\u00f3w optycznych, takich jak teodolity, tachimetry i laserowy sprz\u0119t pomiarowy. Konstrukcja z potr\u00f3jn\u0105 tub\u0105 optyczn\u0105 zapewnia wi\u0119ksz\u0105 elastyczno\u015b\u0107 kalibracji wielok\u0105towej, co czyni kolimator F550-3E preferowanym rozwi\u0105zaniem w \u015brodowiskach kontroli jako\u015bci i testowania optycznego.<\/p>\n<p><img fetchpriority=\"high\" decoding=\"async\" class=\"aligncenter wp-image-4418\" src=\"https:\/\/mountlaser.com\/wp-content\/uploads\/2025\/11\/F550-3E.webp\" alt=\"F550-3E Collimator\" width=\"500\" height=\"500\" srcset=\"https:\/\/mountlaser.com\/wp-content\/uploads\/2025\/11\/F550-3E.webp 1000w, https:\/\/mountlaser.com\/wp-content\/uploads\/2025\/11\/F550-3E-300x300.webp 300w, https:\/\/mountlaser.com\/wp-content\/uploads\/2025\/11\/F550-3E-400x400.webp 400w, https:\/\/mountlaser.com\/wp-content\/uploads\/2025\/11\/F550-3E-800x800.webp 800w, https:\/\/mountlaser.com\/wp-content\/uploads\/2025\/11\/F550-3E-600x600.webp 600w, https:\/\/mountlaser.com\/wp-content\/uploads\/2025\/11\/F550-3E-150x150.webp 150w, https:\/\/mountlaser.com\/wp-content\/uploads\/2025\/11\/F550-3E-768x768.webp 768w, https:\/\/mountlaser.com\/wp-content\/uploads\/2025\/11\/F550-3E-12x12.webp 12w\" sizes=\"(max-width: 500px) 100vw, 500px\" \/><\/p>\n<p>Ten zaawansowany kolimator upraszcza procedury kalibracji, zwi\u0119ksza dok\u0142adno\u015b\u0107 pomiar\u00f3w i zapewnia d\u0142ugotrwa\u0142\u0105 wydajno\u015b\u0107 przy minimalnych wymaganiach konserwacyjnych. Niezale\u017cnie od tego, czy jest u\u017cywany do rutynowej kalibracji optycznej, czy do rozwoju zaawansowanych instrument\u00f3w, <a href=\"https:\/\/mountlaser.com\/pl\/contact-us\/\">Kolimator wi\u0105zki<\/a> System gwarantuje niezawodne i powtarzalne wyniki.<\/p>","protected":false},"excerpt":{"rendered":"<ul>\n<li>Generuje wi\u0105zki r\u00f3wnoleg\u0142e o wysokiej precyzji do kalibracji optycznej<\/li>\n<li>Obs\u0142uguje wielok\u0105tne ustawienie za pomoc\u0105 trzech niezale\u017cnych rur optycznych<\/li>\n<li>Konstrukcja typu desktop zapewnia stabilno\u015b\u0107 podczas pomiaru<\/li>\n<li>Idealny do testowania tachimetr\u00f3w, teodolit\u00f3w i optycznych urz\u0105dze\u0144 pomiarowych<\/li>\n<li>Zwi\u0119ksza dok\u0142adno\u015b\u0107 i sp\u00f3jno\u015b\u0107 w warunkach laboratoryjnych i produkcyjnych<\/li>\n<\/ul>","protected":false},"featured_media":4418,"comment_status":"open","ping_status":"closed","template":"","meta":[],"product_brand":[],"product_cat":[71,125],"product_tag":[],"class_list":{"0":"post-4417","1":"product","2":"type-product","3":"status-publish","4":"has-post-thumbnail","6":"product_cat-calibration-testing-instrument","7":"product_cat-collimator-instrument","9":"first","10":"instock","11":"shipping-taxable","12":"product-type-simple"},"_links":{"self":[{"href":"https:\/\/mountlaser.com\/pl\/wp-json\/wp\/v2\/product\/4417","targetHints":{"allow":["GET"]}}],"collection":[{"href":"https:\/\/mountlaser.com\/pl\/wp-json\/wp\/v2\/product"}],"about":[{"href":"https:\/\/mountlaser.com\/pl\/wp-json\/wp\/v2\/types\/product"}],"replies":[{"embeddable":true,"href":"https:\/\/mountlaser.com\/pl\/wp-json\/wp\/v2\/comments?post=4417"}],"wp:featuredmedia":[{"embeddable":true,"href":"https:\/\/mountlaser.com\/pl\/wp-json\/wp\/v2\/media\/4418"}],"wp:attachment":[{"href":"https:\/\/mountlaser.com\/pl\/wp-json\/wp\/v2\/media?parent=4417"}],"wp:term":[{"taxonomy":"product_brand","embeddable":true,"href":"https:\/\/mountlaser.com\/pl\/wp-json\/wp\/v2\/product_brand?post=4417"},{"taxonomy":"product_cat","embeddable":true,"href":"https:\/\/mountlaser.com\/pl\/wp-json\/wp\/v2\/product_cat?post=4417"},{"taxonomy":"product_tag","embeddable":true,"href":"https:\/\/mountlaser.com\/pl\/wp-json\/wp\/v2\/product_tag?post=4417"}],"curies":[{"name":"wp","href":"https:\/\/api.w.org\/{rel}","templated":true}]}}