{"id":4414,"date":"2025-11-14T04:41:34","date_gmt":"2025-11-14T04:41:34","guid":{"rendered":"https:\/\/mountlaser.com\/?post_type=product&#038;p=4414"},"modified":"2025-12-01T08:55:39","modified_gmt":"2025-12-01T08:55:39","slug":"f550-2-collimator","status":"publish","type":"product","link":"https:\/\/mountlaser.com\/pl\/produkt\/f550-2-collimator\/","title":{"rendered":"Kolimator F550-2"},"content":{"rendered":"<p>Ten <a href=\"https:\/\/mountlaser.com\/pl\/\"><strong>Kolimator F550-2<\/strong><\/a> jest precyzyjnie zaprojektowany <a href=\"https:\/\/mountlaser.com\/pl\/kategoria-produktu\/calibration-testing-instrument\/\"><strong>Kolimator optyczny<\/strong><\/a> Zaprojektowany do profesjonalnego ustawiania, kalibracji i testowania instrument\u00f3w geodezyjnych i optycznych. Dzi\u0119ki konfiguracji z dwiema tubami optycznymi i konstrukcji typu desktop, kolimator F550-2 zapewnia doskona\u0142\u0105 dok\u0142adno\u015b\u0107 i stabiln\u0105 wydajno\u015b\u0107 w laboratoriach i \u015brodowiskach serwisowych.<\/p>\n<p>Jako wysokowydajny kolimator optyczny, F550-2 zapewnia stabilne, r\u00f3wnoleg\u0142e wi\u0105zki \u015bwiat\u0142a, symuluj\u0105ce odleg\u0142e cele, umo\u017cliwiaj\u0105c technikom weryfikacj\u0119 dok\u0142adno\u015bci linii celowniczej, ustawienia krzy\u017ca nitek i precyzji ustawiania ostro\u015bci w niwelatorach, teodolitach i tachimetrach. Konstrukcja z podw\u00f3jn\u0105 tub\u0105 optyczn\u0105 zwi\u0119ksza elastyczno\u015b\u0107 kalibracji i umo\u017cliwia bardziej kompleksowe testy diagnostyczne, czyni\u0105c kolimator F550-2 niezb\u0119dnym narz\u0119dziem do kontroli jako\u015bci i konserwacji sprz\u0119tu.<\/p>\n<p><img fetchpriority=\"high\" decoding=\"async\" class=\"aligncenter wp-image-4415\" src=\"https:\/\/mountlaser.com\/wp-content\/uploads\/2025\/11\/F550-2.webp\" alt=\"F550-2 Collimator\" width=\"500\" height=\"500\" srcset=\"https:\/\/mountlaser.com\/wp-content\/uploads\/2025\/11\/F550-2.webp 1000w, https:\/\/mountlaser.com\/wp-content\/uploads\/2025\/11\/F550-2-300x300.webp 300w, https:\/\/mountlaser.com\/wp-content\/uploads\/2025\/11\/F550-2-400x400.webp 400w, https:\/\/mountlaser.com\/wp-content\/uploads\/2025\/11\/F550-2-800x800.webp 800w, https:\/\/mountlaser.com\/wp-content\/uploads\/2025\/11\/F550-2-600x600.webp 600w, https:\/\/mountlaser.com\/wp-content\/uploads\/2025\/11\/F550-2-150x150.webp 150w, https:\/\/mountlaser.com\/wp-content\/uploads\/2025\/11\/F550-2-768x768.webp 768w, https:\/\/mountlaser.com\/wp-content\/uploads\/2025\/11\/F550-2-12x12.webp 12w\" sizes=\"(max-width: 500px) 100vw, 500px\" \/><\/p>\n<p>Zaprojektowany z my\u015bl\u0105 o d\u0142ugotrwa\u0142ej niezawodno\u015bci, ten <a href=\"https:\/\/mountlaser.com\/pl\/contact-us\/\">Kolimator optyczny<\/a> zapewnia wyra\u017any obraz, doskona\u0142\u0105 stabilno\u015b\u0107 i minimalne zniekszta\u0142cenia, oferuj\u0105c precyzyjne i powtarzalne wyniki dla wymagaj\u0105cych profesjonalnych zastosowa\u0144.<\/p>","protected":false},"excerpt":{"rendered":"<ul>\n<li>Podw\u00f3jne lampy optyczne zapewniaj\u0105 rozszerzone mo\u017cliwo\u015bci kalibracji i testowania<\/li>\n<li>Symuluje r\u00f3wnoleg\u0142e wi\u0105zki w celu precyzyjnego ustawienia instrument\u00f3w pomiarowych<\/li>\n<li>Obudowa w stylu biurkowym zapewnia kompaktow\u0105 stabilno\u015b\u0107 i \u0142atw\u0105 integracj\u0119 ze stanowiskiem pracy<\/li>\n<li>Idealny do sprawdzania ustawienia krzy\u017ca celowniczego, dok\u0142adno\u015bci linii widzenia i precyzji ustawiania ostro\u015bci<\/li>\n<li>Dzia\u0142a jako profesjonalny kolimator optyczny dla laboratori\u00f3w i centr\u00f3w serwisowych<\/li>\n<\/ul>","protected":false},"featured_media":4415,"comment_status":"open","ping_status":"closed","template":"","meta":[],"product_brand":[],"product_cat":[71,125],"product_tag":[],"class_list":{"0":"post-4414","1":"product","2":"type-product","3":"status-publish","4":"has-post-thumbnail","6":"product_cat-calibration-testing-instrument","7":"product_cat-collimator-instrument","9":"first","10":"instock","11":"shipping-taxable","12":"product-type-simple"},"_links":{"self":[{"href":"https:\/\/mountlaser.com\/pl\/wp-json\/wp\/v2\/product\/4414","targetHints":{"allow":["GET"]}}],"collection":[{"href":"https:\/\/mountlaser.com\/pl\/wp-json\/wp\/v2\/product"}],"about":[{"href":"https:\/\/mountlaser.com\/pl\/wp-json\/wp\/v2\/types\/product"}],"replies":[{"embeddable":true,"href":"https:\/\/mountlaser.com\/pl\/wp-json\/wp\/v2\/comments?post=4414"}],"wp:featuredmedia":[{"embeddable":true,"href":"https:\/\/mountlaser.com\/pl\/wp-json\/wp\/v2\/media\/4415"}],"wp:attachment":[{"href":"https:\/\/mountlaser.com\/pl\/wp-json\/wp\/v2\/media?parent=4414"}],"wp:term":[{"taxonomy":"product_brand","embeddable":true,"href":"https:\/\/mountlaser.com\/pl\/wp-json\/wp\/v2\/product_brand?post=4414"},{"taxonomy":"product_cat","embeddable":true,"href":"https:\/\/mountlaser.com\/pl\/wp-json\/wp\/v2\/product_cat?post=4414"},{"taxonomy":"product_tag","embeddable":true,"href":"https:\/\/mountlaser.com\/pl\/wp-json\/wp\/v2\/product_tag?post=4414"}],"curies":[{"name":"wp","href":"https:\/\/api.w.org\/{rel}","templated":true}]}}