{"id":438,"date":"2024-03-22T15:01:22","date_gmt":"2024-03-22T15:01:22","guid":{"rendered":"https:\/\/startersites.io\/blocksy\/pottery\/?post_type=product&#038;p=438"},"modified":"2025-12-01T04:47:56","modified_gmt":"2025-12-01T04:47:56","slug":"rh225-concrete-test-hammer","status":"publish","type":"product","link":"https:\/\/mountlaser.com\/pl\/produkt\/rh225-concrete-test-hammer\/","title":{"rendered":"M\u0142ot do bada\u0144 betonu RH225"},"content":{"rendered":"<p><a href=\"https:\/\/mountlaser.com\/pl\/\"><strong>M\u0142ot do bada\u0144 betonu RH225<\/strong><\/a> to niezb\u0119dny, nieniszcz\u0105cy przyrz\u0105d pomiarowy zaprojektowany dla specjalist\u00f3w in\u017cynierii budowlanej. Zosta\u0142 starannie zaprojektowany do pomiaru wytrzyma\u0142o\u015bci na \u015bciskanie zwyk\u0142ego betonu w zakresie od 10 do 70 N\/mm\u00b2 (1450 do 10153 psi) z wyj\u0105tkow\u0105 niezawodno\u015bci\u0105.<\/p>\n<p>Zrozumienie zasad badania odbicia betonu m\u0142otem jest kluczowe dla oceny konstrukcji, a m\u0142ot RH225 zosta\u0142 zaprojektowany tak, aby wykonywa\u0107 to badanie z niezr\u00f3wnan\u0105 dok\u0142adno\u015bci\u0105. Ka\u017cdy aspekt jego konstrukcji jest zoptymalizowany pod k\u0105tem rygorystycznych wymaga\u0144 stawianych m\u0142otowi do bada\u0144 betonu na placach budowy na ca\u0142ym \u015bwiecie. Prawid\u0142owy <a href=\"https:\/\/mountlaser.com\/pl\/products\/\"><strong>test odbicia betonu m\u0142otkiem<\/strong><\/a> procedura ta ma kluczowe znaczenie dla integralno\u015bci danych, a ulepszona konstrukcja naszego wska\u017anika gwarantuje \u0142atw\u0105 regulacj\u0119 i doskona\u0142\u0105 stabilno\u015b\u0107, co przek\u0142ada si\u0119 na sp\u00f3jne odczyty.<\/p>\n<p>Niezale\u017cnie od tego, czy przeprowadzasz standardowy test m\u0142otkiem do kontroli jako\u015bci betonu, czy kompleksowy test odbicia m\u0142otkiem do analizy strukturalnej, RH225 zapewnia pewno\u015b\u0107. Zosta\u0142 wyprodukowany tak, aby spe\u0142nia\u0107, a nawet przekracza\u0107, najsurowsze normy mi\u0119dzynarodowe, w tym ASTM C 805 (USA), JGJ\/T 23-2011 (Chiny) oraz r\u00f3\u017cne normy europejskie (EN 12504-2, DIN 1048).<\/p>\n<p><img fetchpriority=\"high\" decoding=\"async\" class=\"aligncenter wp-image-1939\" src=\"https:\/\/mountlaser.com\/wp-content\/uploads\/2024\/03\/2.webp\" alt=\"concrete rebound hammer test\" width=\"500\" height=\"500\" srcset=\"https:\/\/mountlaser.com\/wp-content\/uploads\/2024\/03\/2.webp 1200w, https:\/\/mountlaser.com\/wp-content\/uploads\/2024\/03\/2-300x300.webp 300w, https:\/\/mountlaser.com\/wp-content\/uploads\/2024\/03\/2-400x400.webp 400w, https:\/\/mountlaser.com\/wp-content\/uploads\/2024\/03\/2-800x800.webp 800w, https:\/\/mountlaser.com\/wp-content\/uploads\/2024\/03\/2-600x600.webp 600w, https:\/\/mountlaser.com\/wp-content\/uploads\/2024\/03\/2-1024x1024.webp 1024w, https:\/\/mountlaser.com\/wp-content\/uploads\/2024\/03\/2-150x150.webp 150w, https:\/\/mountlaser.com\/wp-content\/uploads\/2024\/03\/2-768x768.webp 768w, https:\/\/mountlaser.com\/wp-content\/uploads\/2024\/03\/2-12x12.webp 12w\" sizes=\"(max-width: 500px) 100vw, 500px\" \/><\/p>\n<p>KOMPONENTY<\/p>\n<table style=\"border-collapse: collapse; width: 216.03pt;\" border=\"0\" width=\"288\" cellspacing=\"0\" cellpadding=\"0\">\n<tbody>\n<tr style=\"height: 14.25pt;\">\n<td style=\"height: 14.25pt; width: 216.00pt;\" width=\"288\" height=\"19\">M\u0142ot odbiciowy<\/td>\n<\/tr>\n<tr style=\"height: 14.25pt;\">\n<td style=\"height: 14.25pt;\" height=\"19\">Ochraniacz d\u0142oni silikonowy podp\u00f3rka pod d\u0142o\u0144<\/td>\n<\/tr>\n<tr style=\"height: 14.25pt;\">\n<td style=\"height: 14.25pt;\" height=\"19\">Kamie\u0144 szlifierski<\/td>\n<\/tr>\n<tr style=\"height: 14.25pt;\">\n<td style=\"height: 14.25pt;\" height=\"19\">Jeden zestaw konserwacyjny<\/td>\n<\/tr>\n<tr style=\"height: 14.25pt;\">\n<td style=\"height: 14.25pt;\" height=\"19\">Suwak wska\u017anika i spr\u0119\u017cyna buforowa<\/td>\n<\/tr>\n<tr style=\"height: 14.25pt;\">\n<td style=\"height: 14.25pt;\" height=\"19\">Skrzynka na instrumenty<\/td>\n<\/tr>\n<\/tbody>\n<\/table>\n<p><strong><a href=\"https:\/\/mountlaser.com\/pl\/contact-us\/\">M\u0142ot do bada\u0144 betonu RH225<\/a> PARAMETRY TECHNICZNE<\/strong><\/p>\n<table style=\"border-collapse: collapse; width: 631.52pt;\" border=\"0\" width=\"842\" cellspacing=\"0\" cellpadding=\"0\">\n<tbody>\n<tr style=\"height: 14.25pt;\">\n<td class=\"et2\" style=\"height: 14.25pt; width: 322.50pt;\" width=\"430\" height=\"19\">Standardowa energia uderzenia<\/td>\n<td class=\"et3\" style=\"width: 309.00pt;\" width=\"412\">2,207J<\/td>\n<\/tr>\n<tr style=\"height: 14.25pt;\">\n<td class=\"et4\" style=\"height: 14.25pt;\" height=\"19\">D\u0142ugo\u015b\u0107 wska\u017anika<\/td>\n<td class=\"et5\">20,0 \u00b10,2 mm<\/td>\n<\/tr>\n<tr style=\"height: 14.25pt;\">\n<td class=\"et4\" style=\"height: 14.25pt;\" height=\"19\">Tarcie wska\u017anika<\/td>\n<td class=\"et5\">0,65 \u00b1 0,15 N<\/td>\n<\/tr>\n<tr style=\"height: 14.25pt;\">\n<td class=\"et4\" style=\"height: 14.25pt;\" height=\"19\">Promie\u0144 sferyczny odbijaj\u0105cego si\u0119 pr\u0119ta<\/td>\n<td class=\"et5\">25\u00b11,0 mm<\/td>\n<\/tr>\n<tr style=\"height: 14.25pt;\">\n<td class=\"et4\" style=\"height: 14.25pt;\" height=\"19\">Sztywno\u015b\u0107 spr\u0119\u017cyny naci\u0105gowej<\/td>\n<td class=\"et5\">785,0\u00b1 30,0 N\/m<\/td>\n<\/tr>\n<tr style=\"height: 14.25pt;\">\n<td class=\"et4\" style=\"height: 14.25pt;\" height=\"19\">D\u0142ugo\u015b\u0107 robocza spr\u0119\u017cyny naci\u0105gowej elastycznej<\/td>\n<td class=\"et5\">61,5\u00b10,3 mm<\/td>\n<\/tr>\n<tr style=\"height: 14.25pt;\">\n<td class=\"et4\" style=\"height: 14.25pt;\" height=\"19\">Pozycja startowa z m\u0142otem odbijaj\u0105cym<\/td>\n<td class=\"et5\">Skala \u201c0~1\u201d<\/td>\n<\/tr>\n<tr style=\"height: 14.25pt;\">\n<td class=\"et6\" style=\"height: 14.25pt;\" height=\"19\">Warto\u015b\u0107 kalibracji na kowadle testowym<\/td>\n<td class=\"et7\">78-82<\/td>\n<\/tr>\n<\/tbody>\n<\/table>","protected":false},"excerpt":{"rendered":"<ul>\n<li>Dok\u0142adna ocena wytrzyma\u0142o\u015bci: wykonuje test odbicia m\u0142ota w celu wiarygodnego oszacowania wytrzyma\u0142o\u015bci na \u015bciskanie in-situ.<\/li>\n<li>Trwa\u0142a konstrukcja: Posiada wyj\u0105tkowo tward\u0105 obudow\u0119 ze stopu aluminium 6061 i rozci\u0105gliwy przycisk, kt\u00f3ry nie odpadnie, co zapewnia d\u0142ug\u0105 \u017cywotno\u015b\u0107.<\/li>\n<li>Precyzyjny ruch: Mechanizm wewn\u0119trzny udoskonalono przy u\u017cyciu centr\u00f3w obr\u00f3bczych CNC.<\/li>\n<li>Spr\u0119\u017cyna odporna na zm\u0119czenie: wykorzystuje importowan\u0105 spr\u0119\u017cyn\u0119 wysokiej jako\u015bci w zespole ze stopu aluminium.<\/li>\n<\/ul>","protected":false},"featured_media":1940,"comment_status":"open","ping_status":"closed","template":"","meta":[],"product_brand":[],"product_cat":[71],"product_tag":[],"class_list":{"0":"post-438","1":"product","2":"type-product","3":"status-publish","4":"has-post-thumbnail","6":"product_cat-calibration-testing-instrument","8":"first","9":"instock","10":"shipping-taxable","11":"product-type-simple"},"_links":{"self":[{"href":"https:\/\/mountlaser.com\/pl\/wp-json\/wp\/v2\/product\/438","targetHints":{"allow":["GET"]}}],"collection":[{"href":"https:\/\/mountlaser.com\/pl\/wp-json\/wp\/v2\/product"}],"about":[{"href":"https:\/\/mountlaser.com\/pl\/wp-json\/wp\/v2\/types\/product"}],"replies":[{"embeddable":true,"href":"https:\/\/mountlaser.com\/pl\/wp-json\/wp\/v2\/comments?post=438"}],"wp:featuredmedia":[{"embeddable":true,"href":"https:\/\/mountlaser.com\/pl\/wp-json\/wp\/v2\/media\/1940"}],"wp:attachment":[{"href":"https:\/\/mountlaser.com\/pl\/wp-json\/wp\/v2\/media?parent=438"}],"wp:term":[{"taxonomy":"product_brand","embeddable":true,"href":"https:\/\/mountlaser.com\/pl\/wp-json\/wp\/v2\/product_brand?post=438"},{"taxonomy":"product_cat","embeddable":true,"href":"https:\/\/mountlaser.com\/pl\/wp-json\/wp\/v2\/product_cat?post=438"},{"taxonomy":"product_tag","embeddable":true,"href":"https:\/\/mountlaser.com\/pl\/wp-json\/wp\/v2\/product_tag?post=438"}],"curies":[{"name":"wp","href":"https:\/\/api.w.org\/{rel}","templated":true}]}}