{"id":434,"date":"2024-03-21T13:07:26","date_gmt":"2024-03-21T13:07:26","guid":{"rendered":"https:\/\/startersites.io\/blocksy\/pottery\/?post_type=product&#038;p=434"},"modified":"2025-12-01T05:03:16","modified_gmt":"2025-12-01T05:03:16","slug":"fg01x-fixed-tribrach-adapter-5-8-11-thread","status":"publish","type":"product","link":"https:\/\/mountlaser.com\/pl\/produkt\/fg01x-fixed-tribrach-adapter-5-8-11-thread\/","title":{"rendered":"FG01X Sta\u0142y adapter spodarki z gwintem 5\/8\u2033-11"},"content":{"rendered":"<p>Ten <a href=\"https:\/\/mountlaser.com\/pl\/\"><strong>FG01X Adapter do statywu sta\u0142ego<\/strong><\/a> Laser firmy Mount jest niezb\u0119dnym, precyzyjnym elementem dla profesjonalist\u00f3w zajmuj\u0105cych si\u0119 geodezj\u0105.<\/p>\n<p>Wykonane z <a href=\"https:\/\/mountlaser.com\/pl\/about-us\/\">wysokiej jako\u015bci aluminium<\/a>, Ten wytrzyma\u0142y adapter do statywu posiada standardowy gwint 5\/8\u2033-11, co zapewnia uniwersaln\u0105 kompatybilno\u015b\u0107 z szerok\u0105 gam\u0105 statyw\u00f3w i sprz\u0119tu geodezyjnego. Dzi\u0119ki \u015brednicy podstawy 80 mm zapewnia stabiln\u0105 i bezpieczn\u0105 platform\u0119 do monta\u017cu system\u00f3w GPS i innych instrument\u00f3w.<\/p>\n<p><img fetchpriority=\"high\" decoding=\"async\" class=\"aligncenter wp-image-2057\" src=\"https:\/\/mountlaser.com\/wp-content\/uploads\/2024\/03\/FG01X-5.webp\" alt=\"Fixed Tribrach Adapter\" width=\"500\" height=\"500\" srcset=\"https:\/\/mountlaser.com\/wp-content\/uploads\/2024\/03\/FG01X-5.webp 1000w, https:\/\/mountlaser.com\/wp-content\/uploads\/2024\/03\/FG01X-5-300x300.webp 300w, https:\/\/mountlaser.com\/wp-content\/uploads\/2024\/03\/FG01X-5-400x400.webp 400w, https:\/\/mountlaser.com\/wp-content\/uploads\/2024\/03\/FG01X-5-800x800.webp 800w, https:\/\/mountlaser.com\/wp-content\/uploads\/2024\/03\/FG01X-5-600x600.webp 600w, https:\/\/mountlaser.com\/wp-content\/uploads\/2024\/03\/FG01X-5-150x150.webp 150w, https:\/\/mountlaser.com\/wp-content\/uploads\/2024\/03\/FG01X-5-768x768.webp 768w, https:\/\/mountlaser.com\/wp-content\/uploads\/2024\/03\/FG01X-5-12x12.webp 12w\" sizes=\"(max-width: 500px) 100vw, 500px\" \/><\/p>\n<p>Ten <a href=\"https:\/\/mountlaser.com\/pl\/products\/\"><strong>Sta\u0142y adapter do statywu<\/strong><\/a> Zosta\u0142 zaprojektowany z my\u015bl\u0105 o trwa\u0142o\u015bci i niezawodno\u015bci w terenie, gwarantuj\u0105c precyzyjne pozycjonowanie i skracaj\u0105c czas konfiguracji. Ten aluminiowy adapter do spodarki to idealne rozwi\u0105zanie dla geodet\u00f3w, kt\u00f3rzy potrzebuj\u0105 trwa\u0142ego i niezawodnego po\u0142\u0105czenia do kluczowych pomiar\u00f3w.<\/p>","protected":false},"excerpt":{"rendered":"<ul>\n<li>Posiada precyzyjnie wykonany gwint 5\/8\u2033-11 zapewniaj\u0105cy uniwersaln\u0105 kompatybilno\u015b\u0107 z wi\u0119kszo\u015bci\u0105 statyw\u00f3w i tyczek geodezyjnych.<\/li>\n<li>\u015arednica podstawy wynosz\u0105ca 80 mm zapewnia zwi\u0119kszon\u0105 stabilno\u015b\u0107 zamontowanego sprz\u0119tu, minimalizuj\u0105c wibracje.<\/li>\n<li>Zapewnia dok\u0142adne i niezawodne pozycjonowanie anten GPS i innych urz\u0105dze\u0144 geodezyjnych.<\/li>\n<\/ul>","protected":false},"featured_media":2055,"comment_status":"open","ping_status":"closed","template":"","meta":[],"product_brand":[],"product_cat":[79,96],"product_tag":[],"class_list":{"0":"post-434","1":"product","2":"type-product","3":"status-publish","4":"has-post-thumbnail","6":"product_cat-surveying-accessory","7":"product_cat-fixed-tribrach-adapter-5-8-11-thread","9":"first","10":"instock","11":"shipping-taxable","12":"product-type-simple"},"_links":{"self":[{"href":"https:\/\/mountlaser.com\/pl\/wp-json\/wp\/v2\/product\/434","targetHints":{"allow":["GET"]}}],"collection":[{"href":"https:\/\/mountlaser.com\/pl\/wp-json\/wp\/v2\/product"}],"about":[{"href":"https:\/\/mountlaser.com\/pl\/wp-json\/wp\/v2\/types\/product"}],"replies":[{"embeddable":true,"href":"https:\/\/mountlaser.com\/pl\/wp-json\/wp\/v2\/comments?post=434"}],"wp:featuredmedia":[{"embeddable":true,"href":"https:\/\/mountlaser.com\/pl\/wp-json\/wp\/v2\/media\/2055"}],"wp:attachment":[{"href":"https:\/\/mountlaser.com\/pl\/wp-json\/wp\/v2\/media?parent=434"}],"wp:term":[{"taxonomy":"product_brand","embeddable":true,"href":"https:\/\/mountlaser.com\/pl\/wp-json\/wp\/v2\/product_brand?post=434"},{"taxonomy":"product_cat","embeddable":true,"href":"https:\/\/mountlaser.com\/pl\/wp-json\/wp\/v2\/product_cat?post=434"},{"taxonomy":"product_tag","embeddable":true,"href":"https:\/\/mountlaser.com\/pl\/wp-json\/wp\/v2\/product_tag?post=434"}],"curies":[{"name":"wp","href":"https:\/\/api.w.org\/{rel}","templated":true}]}}