{"id":432,"date":"2024-03-21T13:06:07","date_gmt":"2024-03-21T13:06:07","guid":{"rendered":"https:\/\/startersites.io\/blocksy\/pottery\/?post_type=product&#038;p=432"},"modified":"2025-12-01T05:36:06","modified_gmt":"2025-12-01T05:36:06","slug":"fg01l-fixed-tribrach-adapter-5-8-11-thread","status":"publish","type":"product","link":"https:\/\/mountlaser.com\/pl\/produkt\/fg01l-fixed-tribrach-adapter-5-8-11-thread\/","title":{"rendered":"FG01L Sta\u0142y adapter spodarki z gwintem 5\/8\u2033-11"},"content":{"rendered":"<p>Ten <a href=\"https:\/\/mountlaser.com\/pl\/\"><strong>Adapter tr\u00f3jbrachowy FG01L typu sta\u0142ego<\/strong><\/a> Adapter Mount Laser to precyzyjnie zaprojektowany, niezb\u0119dny element wyposa\u017cenia geodet\u00f3w. Ten solidny adapter z gwintem 5\/8\u2033-11 jest wykonany z wysokiej jako\u015bci aluminium, oferuj\u0105c optymalne po\u0142\u0105czenie wytrzyma\u0142o\u015bci i lekko\u015bci. Zaprojektowany z uniwersalnym gwintem 5\/8\u2033-11, ten adapter jest idealny dla geodet\u00f3w. <a href=\"https:\/\/mountlaser.com\/pl\/kategoria-produktu\/surveying-accessory\/\"><strong>Adapter do statywu sta\u0142ego<\/strong><\/a> zapewnia bezproblemow\u0105 kompatybilno\u015b\u0107 z szerok\u0105 gam\u0105 statyw\u00f3w geodezyjnych i tyczek, umo\u017cliwiaj\u0105c stabilne po\u0142\u0105czenie ze sprz\u0119tem GPS.<\/p>\n<p><img fetchpriority=\"high\" decoding=\"async\" class=\"aligncenter wp-image-2065\" src=\"https:\/\/mountlaser.com\/wp-content\/uploads\/2024\/03\/FG01L-7.webp\" alt=\"Fixed Type Tribrach Adaptor\" width=\"500\" height=\"500\" srcset=\"https:\/\/mountlaser.com\/wp-content\/uploads\/2024\/03\/FG01L-7.webp 1000w, https:\/\/mountlaser.com\/wp-content\/uploads\/2024\/03\/FG01L-7-300x300.webp 300w, https:\/\/mountlaser.com\/wp-content\/uploads\/2024\/03\/FG01L-7-400x400.webp 400w, https:\/\/mountlaser.com\/wp-content\/uploads\/2024\/03\/FG01L-7-800x800.webp 800w, https:\/\/mountlaser.com\/wp-content\/uploads\/2024\/03\/FG01L-7-600x600.webp 600w\" sizes=\"(max-width: 500px) 100vw, 500px\" \/><\/p>\n<p><a href=\"https:\/\/mountlaser.com\/pl\/about-us\/\">FG01L Adapter do statywu sta\u0142ego<\/a> Gwint 5\/8\u2033-11 i solidna podstawa o \u015brednicy zewn\u0119trznej 80 mm gwarantuj\u0105 maksymaln\u0105 stabilno\u015b\u0107 instrument\u00f3w. FG01L, niezawodny i ekonomiczny adapter gwintu 5\/8-11, zosta\u0142 zaprojektowany z my\u015bl\u0105 o precyzyjnym pozycjonowaniu i trwa\u0142ej wydajno\u015bci w trudnych warunkach terenowych, co czyni go niezb\u0119dnym narz\u0119dziem do precyzyjnych pomiar\u00f3w.<\/p>","protected":false},"excerpt":{"rendered":"<ul>\n<li>Wykonany z wysokiej jako\u015bci aluminium, co zapewnia doskona\u0142y stosunek wytrzyma\u0142o\u015bci do wagi, idealny do u\u017cytku w terenie.<\/li>\n<li>Posiada uniwersalny gwint 5\/8\u2033-11 (FG01L) gwarantuj\u0105cy kompatybilno\u015b\u0107 z wi\u0119kszo\u015bci\u0105 statyw\u00f3w.<\/li>\n<li>Obudowa aluminiowa charakteryzuje si\u0119 doskona\u0142\u0105 odporno\u015bci\u0105 na rdz\u0119 i czynniki \u015brodowiskowe.<\/li>\n<\/ul>","protected":false},"featured_media":2062,"comment_status":"open","ping_status":"closed","template":"","meta":[],"product_brand":[],"product_cat":[96,79],"product_tag":[],"class_list":{"0":"post-432","1":"product","2":"type-product","3":"status-publish","4":"has-post-thumbnail","6":"product_cat-fixed-tribrach-adapter-5-8-11-thread","7":"product_cat-surveying-accessory","9":"first","10":"instock","11":"shipping-taxable","12":"product-type-simple"},"_links":{"self":[{"href":"https:\/\/mountlaser.com\/pl\/wp-json\/wp\/v2\/product\/432","targetHints":{"allow":["GET"]}}],"collection":[{"href":"https:\/\/mountlaser.com\/pl\/wp-json\/wp\/v2\/product"}],"about":[{"href":"https:\/\/mountlaser.com\/pl\/wp-json\/wp\/v2\/types\/product"}],"replies":[{"embeddable":true,"href":"https:\/\/mountlaser.com\/pl\/wp-json\/wp\/v2\/comments?post=432"}],"wp:featuredmedia":[{"embeddable":true,"href":"https:\/\/mountlaser.com\/pl\/wp-json\/wp\/v2\/media\/2062"}],"wp:attachment":[{"href":"https:\/\/mountlaser.com\/pl\/wp-json\/wp\/v2\/media?parent=432"}],"wp:term":[{"taxonomy":"product_brand","embeddable":true,"href":"https:\/\/mountlaser.com\/pl\/wp-json\/wp\/v2\/product_brand?post=432"},{"taxonomy":"product_cat","embeddable":true,"href":"https:\/\/mountlaser.com\/pl\/wp-json\/wp\/v2\/product_cat?post=432"},{"taxonomy":"product_tag","embeddable":true,"href":"https:\/\/mountlaser.com\/pl\/wp-json\/wp\/v2\/product_tag?post=432"}],"curies":[{"name":"wp","href":"https:\/\/api.w.org\/{rel}","templated":true}]}}