{"id":430,"date":"2024-03-21T13:04:00","date_gmt":"2024-03-21T13:04:00","guid":{"rendered":"https:\/\/startersites.io\/blocksy\/pottery\/?post_type=product&#038;p=430"},"modified":"2025-12-01T05:55:46","modified_gmt":"2025-12-01T05:55:46","slug":"fg01n-fixed-tribrach-adapter-5-8-11-thread","status":"publish","type":"product","link":"https:\/\/mountlaser.com\/pl\/produkt\/fg01n-fixed-tribrach-adapter-5-8-11-thread\/","title":{"rendered":"FG01N Sta\u0142y adapter spodarki z gwintem 5\/8\u2033-11"},"content":{"rendered":"<p>FG01N firmy Mount Laser to produkt najwy\u017cszej jako\u015bci<a href=\"https:\/\/mountlaser.com\/pl\/\"><strong> Adapter do statywu 5\/8\u00d711<\/strong><\/a> Zbudowany dla geodet\u00f3w wymagaj\u0105cych maksymalnej trwa\u0142o\u015bci.<\/p>\n<p>W przeciwie\u0144stwie do standardowych modeli aluminiowych ten wytrzyma\u0142y adapter jest wykonany z <a href=\"https:\/\/mountlaser.com\/pl\/about-us\/\">stal nierdzewna<\/a>, co zapewnia mu wyj\u0105tkow\u0105 wytrzyma\u0142o\u015b\u0107 i odporno\u015b\u0107 na korozj\u0119 w najtrudniejszych warunkach pracy. Ten adapter do statywu posiada uniwersalny gwint 5\/8\u2033-11, gwarantuj\u0105cy idealne i niezawodne po\u0142\u0105czenie ze wszystkimi standardowymi statywami geodezyjnymi.<\/p>\n<p><img fetchpriority=\"high\" decoding=\"async\" class=\"aligncenter wp-image-2072\" src=\"https:\/\/mountlaser.com\/wp-content\/uploads\/2024\/03\/12.webp\" alt=\"5\/8x11 Tribrach Adapter\" width=\"500\" height=\"500\" srcset=\"https:\/\/mountlaser.com\/wp-content\/uploads\/2024\/03\/12.webp 1000w, https:\/\/mountlaser.com\/wp-content\/uploads\/2024\/03\/12-300x300.webp 300w, https:\/\/mountlaser.com\/wp-content\/uploads\/2024\/03\/12-400x400.webp 400w, https:\/\/mountlaser.com\/wp-content\/uploads\/2024\/03\/12-800x800.webp 800w, https:\/\/mountlaser.com\/wp-content\/uploads\/2024\/03\/12-600x600.webp 600w, https:\/\/mountlaser.com\/wp-content\/uploads\/2024\/03\/12-150x150.webp 150w, https:\/\/mountlaser.com\/wp-content\/uploads\/2024\/03\/12-768x768.webp 768w, https:\/\/mountlaser.com\/wp-content\/uploads\/2024\/03\/12-12x12.webp 12w\" sizes=\"(max-width: 500px) 100vw, 500px\" \/><\/p>\n<p>Solidna podstawa o \u015brednicy zewn\u0119trznej 80 mm zapewnia niezachwian\u0105 stabilno\u015b\u0107 dla Twojego GPS-a i innych precyzyjnych instrument\u00f3w. Wytrzyma\u0142y adapter do statywu 5\/8\u00d711, kt\u00f3ry wytrzyma trudne warunki \u015brodowiskowe, <a href=\"https:\/\/mountlaser.com\/pl\/kategoria-produktu\/surveying-accessory\/\"><strong>FG01N Sta\u0142y adapter spodarki z gwintem 5\/8\u2033-11<\/strong><\/a> jest lepszym i trwalszym wyborem.<\/p>","protected":false},"excerpt":{"rendered":"<ul>\n<li>Uchwyt laserowy FG01N to wytrzyma\u0142y adapter 5\/8\u00d711 do statywu tr\u00f3jno\u017cnego wykonany z wytrzyma\u0142ej stali nierdzewnej.<\/li>\n<li>Zapewnia niezr\u00f3wnan\u0105 trwa\u0142o\u015b\u0107 i d\u0142ugoterminow\u0105 niezawodno\u015b\u0107<\/li>\n<li>Dzi\u0119ki temu jest to idealny, sta\u0142y adapter dla profesjonalist\u00f3w pracuj\u0105cych w trudnych warunkach, gdzie trwa\u0142o\u015b\u0107 sprz\u0119tu ma kluczowe znaczenie.<\/li>\n<\/ul>","protected":false},"featured_media":2069,"comment_status":"open","ping_status":"closed","template":"","meta":[],"product_brand":[],"product_cat":[79,96],"product_tag":[],"class_list":{"0":"post-430","1":"product","2":"type-product","3":"status-publish","4":"has-post-thumbnail","6":"product_cat-surveying-accessory","7":"product_cat-fixed-tribrach-adapter-5-8-11-thread","9":"first","10":"instock","11":"shipping-taxable","12":"product-type-simple"},"_links":{"self":[{"href":"https:\/\/mountlaser.com\/pl\/wp-json\/wp\/v2\/product\/430","targetHints":{"allow":["GET"]}}],"collection":[{"href":"https:\/\/mountlaser.com\/pl\/wp-json\/wp\/v2\/product"}],"about":[{"href":"https:\/\/mountlaser.com\/pl\/wp-json\/wp\/v2\/types\/product"}],"replies":[{"embeddable":true,"href":"https:\/\/mountlaser.com\/pl\/wp-json\/wp\/v2\/comments?post=430"}],"wp:featuredmedia":[{"embeddable":true,"href":"https:\/\/mountlaser.com\/pl\/wp-json\/wp\/v2\/media\/2069"}],"wp:attachment":[{"href":"https:\/\/mountlaser.com\/pl\/wp-json\/wp\/v2\/media?parent=430"}],"wp:term":[{"taxonomy":"product_brand","embeddable":true,"href":"https:\/\/mountlaser.com\/pl\/wp-json\/wp\/v2\/product_brand?post=430"},{"taxonomy":"product_cat","embeddable":true,"href":"https:\/\/mountlaser.com\/pl\/wp-json\/wp\/v2\/product_cat?post=430"},{"taxonomy":"product_tag","embeddable":true,"href":"https:\/\/mountlaser.com\/pl\/wp-json\/wp\/v2\/product_tag?post=430"}],"curies":[{"name":"wp","href":"https:\/\/api.w.org\/{rel}","templated":true}]}}