{"id":425,"date":"2024-03-21T12:59:27","date_gmt":"2024-03-21T12:59:27","guid":{"rendered":"https:\/\/startersites.io\/blocksy\/pottery\/?post_type=product&#038;p=425"},"modified":"2025-12-01T06:19:22","modified_gmt":"2025-12-01T06:19:22","slug":"fg01tp-rotation-tribrach-adapter","status":"publish","type":"product","link":"https:\/\/mountlaser.com\/pl\/produkt\/fg01tp-rotation-tribrach-adapter\/","title":{"rendered":"Adapter spodarki obrotowej FG01TP"},"content":{"rendered":"<p>Ten<a href=\"https:\/\/mountlaser.com\/pl\/\"><strong> Adapter spodarki obrotowej FG01TP<\/strong><\/a> Adapter obrotowy do spodarki firmy Mount Laser to najwy\u017cszej jako\u015bci adapter obrotowy do spodarki zaprojektowany z my\u015bl\u0105 o znakomitej wydajno\u015bci i trwa\u0142o\u015bci w wymagaj\u0105cych zastosowaniach geodezyjnych.<\/p>\n<p>To precyzyjne urz\u0105dzenie jest wyposa\u017cone w wysokiej jako\u015bci miedziany gwint 5\/8\u2033-11, kt\u00f3ry zapewnia wyj\u0105tkow\u0105 odporno\u015b\u0107 na zu\u017cycie i gwarantuje p\u0142ynne, niezawodne po\u0142\u0105czenie przez d\u0142ugi czas. Jako wszechstronny obrotowy adapter z gwintem 5\/8\u00d711, oferuje on 360-stopniowy obr\u00f3t w poziomie, co umo\u017cliwia szybkie i precyzyjne pozycjonowanie urz\u0105dze\u0144 GPS i tachimetr\u00f3w, znacznie zwi\u0119kszaj\u0105c wydajno\u015b\u0107 pracy w terenie.<\/p>\n<p><img fetchpriority=\"high\" decoding=\"async\" class=\"wp-image-2092 aligncenter\" src=\"https:\/\/mountlaser.com\/wp-content\/uploads\/2024\/03\/3FG01TP-3.webp\" alt=\"Rotating Tribrach Adapter\" width=\"500\" height=\"500\" srcset=\"https:\/\/mountlaser.com\/wp-content\/uploads\/2024\/03\/3FG01TP-3.webp 1000w, https:\/\/mountlaser.com\/wp-content\/uploads\/2024\/03\/3FG01TP-3-300x300.webp 300w, https:\/\/mountlaser.com\/wp-content\/uploads\/2024\/03\/3FG01TP-3-400x400.webp 400w, https:\/\/mountlaser.com\/wp-content\/uploads\/2024\/03\/3FG01TP-3-800x800.webp 800w, https:\/\/mountlaser.com\/wp-content\/uploads\/2024\/03\/3FG01TP-3-600x600.webp 600w, https:\/\/mountlaser.com\/wp-content\/uploads\/2024\/03\/3FG01TP-3-150x150.webp 150w, https:\/\/mountlaser.com\/wp-content\/uploads\/2024\/03\/3FG01TP-3-768x768.webp 768w, https:\/\/mountlaser.com\/wp-content\/uploads\/2024\/03\/3FG01TP-3-12x12.webp 12w\" sizes=\"(max-width: 500px) 100vw, 500px\" \/><\/p>\n<p>Solidna podstawa o \u015brednicy zewn\u0119trznej 80 mm gwarantuje maksymaln\u0105 stabilno\u015b\u0107 podczas pracy. Ta wytrzyma\u0142a konstrukcja <a href=\"https:\/\/mountlaser.com\/pl\/products\/\"><strong>Obrotowy adapter do statywu<\/strong><\/a> jest idealnym wyborem dla profesjonalist\u00f3w poszukuj\u0105cych niezawodnego obrotowego adaptera gwintowanego 5\/8\u00d711, kt\u00f3ry \u0142\u0105czy precyzyjn\u0105 mechanik\u0119 z trwa\u0142\u0105 konstrukcj\u0105, spe\u0142niaj\u0105c\u0105 wszelkie wymagania topograficzne i budowlane.<\/p>","protected":false},"excerpt":{"rendered":"<ul>\n<li>Obr\u00f3t o 360 stopni: umo\u017cliwia p\u0142ynn\u0105 regulacj\u0119 poziom\u0105 w celu szybkiego pozycjonowania instrumentu i dok\u0142adnego ustawienia.<\/li>\n<li>Uniwersalna kompatybilno\u015b\u0107: Standardowy gwint 5\/8\u2033-11 gwarantuje bezproblemow\u0105 kompatybilno\u015b\u0107 z wi\u0119kszo\u015bci\u0105 statyw\u00f3w i tyczek geodezyjnych.<\/li>\n<\/ul>","protected":false},"featured_media":2095,"comment_status":"open","ping_status":"closed","template":"","meta":[],"product_brand":[],"product_cat":[97,79],"product_tag":[],"class_list":{"0":"post-425","1":"product","2":"type-product","3":"status-publish","4":"has-post-thumbnail","6":"product_cat-rotation-tribrach-adapter","7":"product_cat-surveying-accessory","9":"first","10":"instock","11":"shipping-taxable","12":"product-type-simple"},"_links":{"self":[{"href":"https:\/\/mountlaser.com\/pl\/wp-json\/wp\/v2\/product\/425","targetHints":{"allow":["GET"]}}],"collection":[{"href":"https:\/\/mountlaser.com\/pl\/wp-json\/wp\/v2\/product"}],"about":[{"href":"https:\/\/mountlaser.com\/pl\/wp-json\/wp\/v2\/types\/product"}],"replies":[{"embeddable":true,"href":"https:\/\/mountlaser.com\/pl\/wp-json\/wp\/v2\/comments?post=425"}],"wp:featuredmedia":[{"embeddable":true,"href":"https:\/\/mountlaser.com\/pl\/wp-json\/wp\/v2\/media\/2095"}],"wp:attachment":[{"href":"https:\/\/mountlaser.com\/pl\/wp-json\/wp\/v2\/media?parent=425"}],"wp:term":[{"taxonomy":"product_brand","embeddable":true,"href":"https:\/\/mountlaser.com\/pl\/wp-json\/wp\/v2\/product_brand?post=425"},{"taxonomy":"product_cat","embeddable":true,"href":"https:\/\/mountlaser.com\/pl\/wp-json\/wp\/v2\/product_cat?post=425"},{"taxonomy":"product_tag","embeddable":true,"href":"https:\/\/mountlaser.com\/pl\/wp-json\/wp\/v2\/product_tag?post=425"}],"curies":[{"name":"wp","href":"https:\/\/api.w.org\/{rel}","templated":true}]}}