{"id":423,"date":"2024-03-21T12:29:11","date_gmt":"2024-03-21T12:29:11","guid":{"rendered":"https:\/\/startersites.io\/blocksy\/pottery\/?post_type=product&#038;p=423"},"modified":"2025-12-01T06:21:12","modified_gmt":"2025-12-01T06:21:12","slug":"fg01t-rotation-tribrach-adapter","status":"publish","type":"product","link":"https:\/\/mountlaser.com\/pl\/produkt\/fg01t-rotation-tribrach-adapter\/","title":{"rendered":"Adapter spodarki obrotowej FG01T"},"content":{"rendered":"<p>Ten <a href=\"https:\/\/mountlaser.com\/pl\/\"><strong>Adapter spodarki obrotowej FG01T<\/strong><\/a> Adapter tr\u00f3jno\u017cny firmy Mount Laser to precyzyjny, regulowany adapter tr\u00f3jno\u017cny zaprojektowany tak, aby znacz\u0105co zwi\u0119kszy\u0107 wydajno\u015b\u0107 pracy geodet\u00f3w.<\/p>\n<p>To innowacyjne narz\u0119dzie to prawdziwy tr\u00f3jno\u017cny statyw 360 stopni, umo\u017cliwiaj\u0105cy p\u0142ynny, pe\u0142nozakresowy obr\u00f3t w poziomie. Funkcja ta umo\u017cliwia szybkie i precyzyjne ustawienie GPS-a lub tachimetru bez konieczno\u015bci zmiany po\u0142o\u017cenia statywu. Wykonany z wytrzyma\u0142ego miedzianego gwintu 5\/8\u2033-11 i stabilnej podstawy o \u015brednicy zewn\u0119trznej 80 mm, ten solidny, regulowany adapter tr\u00f3jno\u017cny zapewnia d\u0142ugotrwa\u0142\u0105 wydajno\u015b\u0107 i niezawodn\u0105 stabilno\u015b\u0107.<\/p>\n<p>&nbsp;<\/p>\n<p><img fetchpriority=\"high\" decoding=\"async\" class=\"wp-image-2098 aligncenter\" src=\"https:\/\/mountlaser.com\/wp-content\/uploads\/2024\/03\/1FG01T-3.webp\" alt=\"Adjustable Tribrach Adapter\" width=\"500\" height=\"500\" srcset=\"https:\/\/mountlaser.com\/wp-content\/uploads\/2024\/03\/1FG01T-3.webp 1000w, https:\/\/mountlaser.com\/wp-content\/uploads\/2024\/03\/1FG01T-3-300x300.webp 300w, https:\/\/mountlaser.com\/wp-content\/uploads\/2024\/03\/1FG01T-3-400x400.webp 400w, https:\/\/mountlaser.com\/wp-content\/uploads\/2024\/03\/1FG01T-3-800x800.webp 800w, https:\/\/mountlaser.com\/wp-content\/uploads\/2024\/03\/1FG01T-3-600x600.webp 600w, https:\/\/mountlaser.com\/wp-content\/uploads\/2024\/03\/1FG01T-3-150x150.webp 150w, https:\/\/mountlaser.com\/wp-content\/uploads\/2024\/03\/1FG01T-3-768x768.webp 768w, https:\/\/mountlaser.com\/wp-content\/uploads\/2024\/03\/1FG01T-3-12x12.webp 12w\" sizes=\"(max-width: 500px) 100vw, 500px\" \/><\/p>\n<p>FG01T to idealny statyw tr\u00f3jpunktowy 360 stopni do zada\u0144 wymagaj\u0105cych wielu pomiar\u00f3w z jednego ustawienia, co czyni go wszechstronnym <a href=\"https:\/\/mountlaser.com\/pl\/kategoria-produktu\/surveying-accessory\/\"><strong>Regulowany adapter do statywu<\/strong><\/a> niezb\u0119dny atut w ka\u017cdym projekcie budowlanym lub geodezyjnym.<\/p>","protected":false},"excerpt":{"rendered":"<ul>\n<li>Dzia\u0142a jako spodarka 360-stopniowa, umo\u017cliwiaj\u0105c p\u0142ynny i nieograniczony obr\u00f3t w poziomie w celu optymalnego ustawienia instrumentu.<\/li>\n<li>Zwi\u0119kszona stabilno\u015b\u0107: Solidna podstawa o \u015brednicy zewn\u0119trznej 80 mm zapewnia stabilne podparcie, minimalizuje drgania i gwarantuje dok\u0142adno\u015b\u0107 pomiaru.<\/li>\n<li>Precyzyjna in\u017cynieria: Wyprodukowano zgodnie z rygorystycznymi normami, aby zapewni\u0107 sp\u00f3jn\u0105 i niezawodn\u0105 wydajno\u015b\u0107 w ka\u017cdych warunkach terenowych.<\/li>\n<\/ul>","protected":false},"featured_media":2098,"comment_status":"open","ping_status":"closed","template":"","meta":[],"product_brand":[],"product_cat":[97,79],"product_tag":[],"class_list":{"0":"post-423","1":"product","2":"type-product","3":"status-publish","4":"has-post-thumbnail","6":"product_cat-rotation-tribrach-adapter","7":"product_cat-surveying-accessory","9":"first","10":"instock","11":"shipping-taxable","12":"product-type-simple"},"_links":{"self":[{"href":"https:\/\/mountlaser.com\/pl\/wp-json\/wp\/v2\/product\/423","targetHints":{"allow":["GET"]}}],"collection":[{"href":"https:\/\/mountlaser.com\/pl\/wp-json\/wp\/v2\/product"}],"about":[{"href":"https:\/\/mountlaser.com\/pl\/wp-json\/wp\/v2\/types\/product"}],"replies":[{"embeddable":true,"href":"https:\/\/mountlaser.com\/pl\/wp-json\/wp\/v2\/comments?post=423"}],"wp:featuredmedia":[{"embeddable":true,"href":"https:\/\/mountlaser.com\/pl\/wp-json\/wp\/v2\/media\/2098"}],"wp:attachment":[{"href":"https:\/\/mountlaser.com\/pl\/wp-json\/wp\/v2\/media?parent=423"}],"wp:term":[{"taxonomy":"product_brand","embeddable":true,"href":"https:\/\/mountlaser.com\/pl\/wp-json\/wp\/v2\/product_brand?post=423"},{"taxonomy":"product_cat","embeddable":true,"href":"https:\/\/mountlaser.com\/pl\/wp-json\/wp\/v2\/product_cat?post=423"},{"taxonomy":"product_tag","embeddable":true,"href":"https:\/\/mountlaser.com\/pl\/wp-json\/wp\/v2\/product_tag?post=423"}],"curies":[{"name":"wp","href":"https:\/\/api.w.org\/{rel}","templated":true}]}}