{"id":421,"date":"2024-03-21T12:26:17","date_gmt":"2024-03-21T12:26:17","guid":{"rendered":"https:\/\/startersites.io\/blocksy\/pottery\/?post_type=product&#038;p=421"},"modified":"2025-12-01T06:24:52","modified_gmt":"2025-12-01T06:24:52","slug":"fg01ha-rotation-tribrach-adapter","status":"publish","type":"product","link":"https:\/\/mountlaser.com\/pl\/produkt\/fg01ha-rotation-tribrach-adapter\/","title":{"rendered":"Adapter spodarki obrotowej FG01HA"},"content":{"rendered":"<p>Je\u015bli potrzebujesz kupi\u0107 obrotowy adapter do spodarki zapewniaj\u0105cy precyzj\u0119 dla konkretnego sprz\u0119tu, <a href=\"https:\/\/mountlaser.com\/pl\/kategoria-produktu\/surveying-accessory\/\">Monta\u017c laserowy <strong>FG01HA<\/strong><\/a> to wyj\u0105tkowy wyb\u00f3r. Wyposa\u017cony w unikalny miedziany gwint 3\/8\u2033-16, ten model zosta\u0142 starannie zaprojektowany pod k\u0105tem kompatybilno\u015bci z szeregiem specjalistycznych instrument\u00f3w.<\/p>\n<p><img fetchpriority=\"high\" decoding=\"async\" class=\"wp-image-2096 aligncenter\" src=\"https:\/\/mountlaser.com\/wp-content\/uploads\/2024\/03\/1FG01T-1.webp\" alt=\"Best rotating tribrach for surveying\" width=\"500\" height=\"500\" srcset=\"https:\/\/mountlaser.com\/wp-content\/uploads\/2024\/03\/1FG01T-1.webp 1000w, https:\/\/mountlaser.com\/wp-content\/uploads\/2024\/03\/1FG01T-1-300x300.webp 300w, https:\/\/mountlaser.com\/wp-content\/uploads\/2024\/03\/1FG01T-1-400x400.webp 400w, https:\/\/mountlaser.com\/wp-content\/uploads\/2024\/03\/1FG01T-1-800x800.webp 800w, https:\/\/mountlaser.com\/wp-content\/uploads\/2024\/03\/1FG01T-1-600x600.webp 600w, https:\/\/mountlaser.com\/wp-content\/uploads\/2024\/03\/1FG01T-1-150x150.webp 150w, https:\/\/mountlaser.com\/wp-content\/uploads\/2024\/03\/1FG01T-1-768x768.webp 768w, https:\/\/mountlaser.com\/wp-content\/uploads\/2024\/03\/1FG01T-1-12x12.webp 12w\" sizes=\"(max-width: 500px) 100vw, 500px\" \/><br \/>\nWielu profesjonalist\u00f3w uwa\u017ca, \u017ce <a href=\"https:\/\/mountlaser.com\/pl\/contact-us\/\"><strong>Najlepsza obrotowa spodarka do pomiar\u00f3w geodezyjnych<\/strong><\/a> zastosowa\u0144 wymagaj\u0105cych tego standardu gwintu, dzi\u0119ki p\u0142ynnemu obrotowi o 360 stopni i wytrzyma\u0142ej podstawie o \u015brednicy zewn\u0119trznej 80 mm.<br \/>\nWytrzyma\u0142a konstrukcja gwarantuje d\u0142ugotrwa\u0142\u0105 niezawodno\u015b\u0107, co czyni go doskona\u0142ym wyborem przy zakupie obrotowego adaptera do spodarki do cz\u0119stego u\u017cytkowania w terenie. Je\u015bli priorytetem jest dla Ciebie niezmienna dok\u0142adno\u015b\u0107 w po\u0142\u0105czeniu z osprz\u0119tem 3\/8\u2033-16, FG01HA umacnia swoj\u0105 reputacj\u0119 jako najlepszej obrotowej spodarki geodezyjnej w swojej klasie.<\/p>","protected":false},"excerpt":{"rendered":"<ul>\n<li>Zgodno\u015b\u0107 z konkretnymi gwintami: Wyposa\u017cony w trwa\u0142y miedziany gwint 3\/8\u2033-16 (FG01HA)<\/li>\n<li>przeznaczony do urz\u0105dze\u0144 wymagaj\u0105cych tego specyficznego po\u0142\u0105czenia.<\/li>\n<li>Stabilna podstawa o \u015brednicy zewn\u0119trznej 80 mm: Zapewnia solidn\u0105 i odporn\u0105 na wibracje podstaw\u0119 umo\u017cliwiaj\u0105c\u0105 dok\u0142adne pomiary.<\/li>\n<\/ul>","protected":false},"featured_media":2097,"comment_status":"open","ping_status":"closed","template":"","meta":[],"product_brand":[],"product_cat":[97,79],"product_tag":[],"class_list":{"0":"post-421","1":"product","2":"type-product","3":"status-publish","4":"has-post-thumbnail","6":"product_cat-rotation-tribrach-adapter","7":"product_cat-surveying-accessory","9":"first","10":"instock","11":"shipping-taxable","12":"product-type-simple"},"_links":{"self":[{"href":"https:\/\/mountlaser.com\/pl\/wp-json\/wp\/v2\/product\/421","targetHints":{"allow":["GET"]}}],"collection":[{"href":"https:\/\/mountlaser.com\/pl\/wp-json\/wp\/v2\/product"}],"about":[{"href":"https:\/\/mountlaser.com\/pl\/wp-json\/wp\/v2\/types\/product"}],"replies":[{"embeddable":true,"href":"https:\/\/mountlaser.com\/pl\/wp-json\/wp\/v2\/comments?post=421"}],"wp:featuredmedia":[{"embeddable":true,"href":"https:\/\/mountlaser.com\/pl\/wp-json\/wp\/v2\/media\/2097"}],"wp:attachment":[{"href":"https:\/\/mountlaser.com\/pl\/wp-json\/wp\/v2\/media?parent=421"}],"wp:term":[{"taxonomy":"product_brand","embeddable":true,"href":"https:\/\/mountlaser.com\/pl\/wp-json\/wp\/v2\/product_brand?post=421"},{"taxonomy":"product_cat","embeddable":true,"href":"https:\/\/mountlaser.com\/pl\/wp-json\/wp\/v2\/product_cat?post=421"},{"taxonomy":"product_tag","embeddable":true,"href":"https:\/\/mountlaser.com\/pl\/wp-json\/wp\/v2\/product_tag?post=421"}],"curies":[{"name":"wp","href":"https:\/\/api.w.org\/{rel}","templated":true}]}}