{"id":419,"date":"2024-03-21T12:25:10","date_gmt":"2024-03-21T12:25:10","guid":{"rendered":"https:\/\/startersites.io\/blocksy\/pottery\/?post_type=product&#038;p=419"},"modified":"2025-12-01T06:35:15","modified_gmt":"2025-12-01T06:35:15","slug":"fdc01-japanese-style-tribrach-carrier","status":"publish","type":"product","link":"https:\/\/mountlaser.com\/pl\/produkt\/fdc01-japanese-style-tribrach-carrier\/","title":{"rendered":"No\u015bnik tr\u00f3jbracha FDC01 w stylu japo\u0144skim"},"content":{"rendered":"<p>Ten <a href=\"https:\/\/mountlaser.com\/pl\/\"><strong>No\u015bnik tr\u00f3jbracha FDC01 w stylu japo\u0144skim<\/strong> <\/a>od Mount Laser zosta\u0142 zaprojektowany dla geodet\u00f3w, kt\u00f3rzy ceni\u0105 sobie wydajno\u015b\u0107 i mobilno\u015b\u0107.<\/p>\n<p>Ten innowacyjny, lekki uchwyt do statywu zosta\u0142 zaprojektowany z my\u015bl\u0105 o szybkim rozstawianiu, co znacznie skraca czas monta\u017cu na placu budowy. Jako kwintesencja <a href=\"https:\/\/mountlaser.com\/pl\/kategoria-produktu\/surveying-accessory\/\">No\u015bnik tr\u00f3jbracha w stylu japo\u0144skim<\/a>, charakteryzuje si\u0119 minimalistyczn\u0105 konstrukcj\u0105 bez pionu optycznego, a jego g\u0142\u00f3wnym przeznaczeniem jest szybki monta\u017c sprz\u0119tu GPS dzi\u0119ki zintegrowanemu gwintowi 5\/8\u2033-11.<\/p>\n<p>&nbsp;<\/p>\n<p><img fetchpriority=\"high\" decoding=\"async\" class=\"wp-image-2106 aligncenter\" src=\"https:\/\/mountlaser.com\/wp-content\/uploads\/2025\/09\/10.webp\" alt=\"Lightweight Tribrach Carrier\" width=\"500\" height=\"500\" srcset=\"https:\/\/mountlaser.com\/wp-content\/uploads\/2025\/09\/10.webp 1000w, https:\/\/mountlaser.com\/wp-content\/uploads\/2025\/09\/10-300x300.webp 300w, https:\/\/mountlaser.com\/wp-content\/uploads\/2025\/09\/10-400x400.webp 400w, https:\/\/mountlaser.com\/wp-content\/uploads\/2025\/09\/10-800x800.webp 800w, https:\/\/mountlaser.com\/wp-content\/uploads\/2025\/09\/10-600x600.webp 600w, https:\/\/mountlaser.com\/wp-content\/uploads\/2025\/09\/10-150x150.webp 150w, https:\/\/mountlaser.com\/wp-content\/uploads\/2025\/09\/10-768x768.webp 768w, https:\/\/mountlaser.com\/wp-content\/uploads\/2025\/09\/10-12x12.webp 12w\" sizes=\"(max-width: 500px) 100vw, 500px\" \/><\/p>\n<p>Dost\u0119pny w kolorze \u017c\u00f3\u0142tym, szarym lub czarnym, ten produkt jest bardzo widoczny i trwa\u0142y <a href=\"https:\/\/mountlaser.com\/pl\/contact-us\/\"><strong>Lekki no\u015bnik tr\u00f3jramienia<\/strong><\/a> to idealny wyb\u00f3r do prac geodezyjnych na otwartym terenie. Praktyczny uchwyt na spodark\u0119 w stylu japo\u0144skim oferuje idealn\u0105 r\u00f3wnowag\u0119 mi\u0119dzy funkcjonalno\u015bci\u0105 a szybko\u015bci\u0105, co czyni go niezb\u0119dnym narz\u0119dziem dla nowoczesnych ekip geodezyjnych.<\/p>","protected":false},"excerpt":{"rendered":"<ul>\n<li>Lekki i przeno\u015bny: Zaprojektowany z my\u015bl\u0105 o \u0142atwym transporcie i obs\u0142udze, co zmniejsza zm\u0119czenie u\u017cytkownika podczas d\u0142ugich dni pracy.<\/li>\n<li>Szybkie rozstawianie: japo\u0144ska konstrukcja pozwala na szybkie mocowanie i od\u0142\u0105czanie od statyw\u00f3w, co zwi\u0119ksza wydajno\u015b\u0107 pracy.<\/li>\n<\/ul>","protected":false},"featured_media":2103,"comment_status":"open","ping_status":"closed","template":"","meta":[],"product_brand":[],"product_cat":[79,98],"product_tag":[],"class_list":{"0":"post-419","1":"product","2":"type-product","3":"status-publish","4":"has-post-thumbnail","6":"product_cat-surveying-accessory","7":"product_cat-japanese-style-tribrach-carrier","9":"first","10":"instock","11":"shipping-taxable","12":"product-type-simple"},"_links":{"self":[{"href":"https:\/\/mountlaser.com\/pl\/wp-json\/wp\/v2\/product\/419","targetHints":{"allow":["GET"]}}],"collection":[{"href":"https:\/\/mountlaser.com\/pl\/wp-json\/wp\/v2\/product"}],"about":[{"href":"https:\/\/mountlaser.com\/pl\/wp-json\/wp\/v2\/types\/product"}],"replies":[{"embeddable":true,"href":"https:\/\/mountlaser.com\/pl\/wp-json\/wp\/v2\/comments?post=419"}],"wp:featuredmedia":[{"embeddable":true,"href":"https:\/\/mountlaser.com\/pl\/wp-json\/wp\/v2\/media\/2103"}],"wp:attachment":[{"href":"https:\/\/mountlaser.com\/pl\/wp-json\/wp\/v2\/media?parent=419"}],"wp:term":[{"taxonomy":"product_brand","embeddable":true,"href":"https:\/\/mountlaser.com\/pl\/wp-json\/wp\/v2\/product_brand?post=419"},{"taxonomy":"product_cat","embeddable":true,"href":"https:\/\/mountlaser.com\/pl\/wp-json\/wp\/v2\/product_cat?post=419"},{"taxonomy":"product_tag","embeddable":true,"href":"https:\/\/mountlaser.com\/pl\/wp-json\/wp\/v2\/product_tag?post=419"}],"curies":[{"name":"wp","href":"https:\/\/api.w.org\/{rel}","templated":true}]}}