{"id":417,"date":"2024-03-21T12:24:00","date_gmt":"2024-03-21T12:24:00","guid":{"rendered":"https:\/\/startersites.io\/blocksy\/pottery\/?post_type=product&#038;p=417"},"modified":"2025-12-01T06:50:02","modified_gmt":"2025-12-01T06:50:02","slug":"fdc01g-japanese-style-tribrach-carrier","status":"publish","type":"product","link":"https:\/\/mountlaser.com\/pl\/produkt\/fdc01g-japanese-style-tribrach-carrier\/","title":{"rendered":"No\u015bnik tr\u00f3jbracha FDC01G w stylu japo\u0144skim"},"content":{"rendered":"<p>Ten <a href=\"https:\/\/mountlaser.com\/pl\/kategoria-produktu\/surveying-accessory\/\"><strong>No\u015bnik tr\u00f3jbracha FDC01G w stylu japo\u0144skim<\/strong><\/a> Model Mount Laser zosta\u0142 zaprojektowany tak, aby sprosta\u0107 trudom codziennego u\u017cytkowania w terenie, staj\u0105c si\u0119 prawdziwie wytrzyma\u0142ym no\u015bnikiem spodarki. Jego solidna konstrukcja gwarantuje d\u0142ugotrwa\u0142\u0105 niezawodno\u015b\u0107, co czyni go idealnym wyborem do wymagaj\u0105cych prac geodezyjnych. Ten model zosta\u0142 specjalnie zaprojektowany jako no\u015bnik spodarki bez pionownika optycznego, co usprawnia proces konfiguracji w zastosowaniach, w kt\u00f3rych celownik optyczny jest zb\u0119dny.<\/p>\n<p><img fetchpriority=\"high\" decoding=\"async\" class=\"wp-image-2110 aligncenter\" src=\"https:\/\/mountlaser.com\/wp-content\/uploads\/2024\/03\/3.webp\" alt=\"Durable Tribrach Carrier\" width=\"500\" height=\"500\" srcset=\"https:\/\/mountlaser.com\/wp-content\/uploads\/2024\/03\/3.webp 1000w, https:\/\/mountlaser.com\/wp-content\/uploads\/2024\/03\/3-300x300.webp 300w, https:\/\/mountlaser.com\/wp-content\/uploads\/2024\/03\/3-400x400.webp 400w, https:\/\/mountlaser.com\/wp-content\/uploads\/2024\/03\/3-800x800.webp 800w, https:\/\/mountlaser.com\/wp-content\/uploads\/2024\/03\/3-600x600.webp 600w, https:\/\/mountlaser.com\/wp-content\/uploads\/2024\/03\/3-150x150.webp 150w, https:\/\/mountlaser.com\/wp-content\/uploads\/2024\/03\/3-768x768.webp 768w, https:\/\/mountlaser.com\/wp-content\/uploads\/2024\/03\/3-12x12.webp 12w\" sizes=\"(max-width: 500px) 100vw, 500px\" \/><br \/>\nSi\u0142a tego <a href=\"https:\/\/mountlaser.com\/pl\/about-us\/\"><strong>Wytrzyma\u0142y no\u015bnik tr\u00f3jramiennej podstawki<\/strong><\/a> uzupe\u0142nia praktyczna konstrukcja, kt\u00f3ra obejmuje standardowy gwint 5\/8\u2033-11 do urz\u0105dze\u0144 GPS i jest oferowana w dobrze widocznym kolorze \u017c\u00f3\u0142tym, szarym lub czarnym. Jako <a href=\"https:\/\/mountlaser.com\/pl\/contact-us\/\"><strong>wydajny no\u015bnik tr\u00f3jramienny<\/strong><\/a> Bez funkcji optycznych FDC01G oferuje nowoczesnemu zespo\u0142owi geodet\u00f3w idealne po\u0142\u0105czenie wytrzyma\u0142o\u015bci i szybko\u015bci.<\/p>","protected":false},"excerpt":{"rendered":"<ul>\n<li>Uproszczona konstrukcja: Dzia\u0142a jako praktyczny uchwyt tr\u00f3jnogu bez pionu optycznego, u\u0142atwiaj\u0105c szybsz\u0105 konfiguracj\u0119 w celu bezpo\u015bredniego monta\u017cu odbiornika GPS.<\/li>\n<li>Standardowe z\u0142\u0105cze GPS: Posiada gwint 5\/8\u2033-11 (FDC01G) umo\u017cliwiaj\u0105cy bezpieczne mocowanie odbiornik\u00f3w GPS i anten.<\/li>\n<\/ul>","protected":false},"featured_media":2108,"comment_status":"open","ping_status":"closed","template":"","meta":[],"product_brand":[],"product_cat":[79,98],"product_tag":[],"class_list":{"0":"post-417","1":"product","2":"type-product","3":"status-publish","4":"has-post-thumbnail","6":"product_cat-surveying-accessory","7":"product_cat-japanese-style-tribrach-carrier","9":"first","10":"instock","11":"shipping-taxable","12":"product-type-simple"},"_links":{"self":[{"href":"https:\/\/mountlaser.com\/pl\/wp-json\/wp\/v2\/product\/417","targetHints":{"allow":["GET"]}}],"collection":[{"href":"https:\/\/mountlaser.com\/pl\/wp-json\/wp\/v2\/product"}],"about":[{"href":"https:\/\/mountlaser.com\/pl\/wp-json\/wp\/v2\/types\/product"}],"replies":[{"embeddable":true,"href":"https:\/\/mountlaser.com\/pl\/wp-json\/wp\/v2\/comments?post=417"}],"wp:featuredmedia":[{"embeddable":true,"href":"https:\/\/mountlaser.com\/pl\/wp-json\/wp\/v2\/media\/2108"}],"wp:attachment":[{"href":"https:\/\/mountlaser.com\/pl\/wp-json\/wp\/v2\/media?parent=417"}],"wp:term":[{"taxonomy":"product_brand","embeddable":true,"href":"https:\/\/mountlaser.com\/pl\/wp-json\/wp\/v2\/product_brand?post=417"},{"taxonomy":"product_cat","embeddable":true,"href":"https:\/\/mountlaser.com\/pl\/wp-json\/wp\/v2\/product_cat?post=417"},{"taxonomy":"product_tag","embeddable":true,"href":"https:\/\/mountlaser.com\/pl\/wp-json\/wp\/v2\/product_tag?post=417"}],"curies":[{"name":"wp","href":"https:\/\/api.w.org\/{rel}","templated":true}]}}