{"id":4161,"date":"2025-11-12T09:23:20","date_gmt":"2025-11-12T09:23:20","guid":{"rendered":"https:\/\/mountlaser.com\/?post_type=product&#038;p=4161"},"modified":"2025-11-27T05:48:16","modified_gmt":"2025-11-27T05:48:16","slug":"dz215sl-aluminum-prism-pole","status":"publish","type":"product","link":"https:\/\/mountlaser.com\/pl\/produkt\/dz215sl-aluminum-prism-pole\/","title":{"rendered":"DZ215SL Aluminiowy s\u0142up pryzmatyczny"},"content":{"rendered":"<p><a href=\"https:\/\/mountlaser.com\/pl\/\">DZ215SL Aluminiowy s\u0142up pryzmatyczny<\/a>:Precyzyjna in\u017cynieria dla wymagaj\u0105cych geodet\u00f3w<\/p>\n<p>W Mount Laser precyzja jest priorytetem, a jej podstaw\u0105 s\u0105 podstawowe parametry pomiar\u00f3w. Z dum\u0105 prezentujemy aluminiow\u0105 tyczk\u0119 pryzmatyczn\u0105 DZ215SL, narz\u0119dzie zaprojektowane dla profesjonalist\u00f3w, kt\u00f3rzy oczekuj\u0105 niezmiennej precyzji i solidnej wydajno\u015bci. Ta wytrzyma\u0142a aluminiowa tyczka stanowi niezawodn\u0105 podstaw\u0119 dla pryzmatu, zapewniaj\u0105c stabilno\u015b\u0107 i trwa\u0142o\u015b\u0107 w ka\u017cdym miejscu pracy.<\/p>\n<p>Ten <a href=\"https:\/\/mountlaser.com\/pl\/products\/\"><strong>DZ215SL Aluminiowy s\u0142up pryzmatyczny<\/strong> <\/a>jest dost\u0119pny w dw\u00f3ch specjalistycznych konfiguracjach, dopasowanych do Twoich konkretnych potrzeb monta\u017cowych: aluminiowy maszt pryzmatyczny DZ215SL-RW i aluminiowy maszt pryzmatyczny DZ215SL-SR. Oba modele charakteryzuj\u0105 si\u0119 tym samym zaanga\u017cowaniem w jako\u015b\u0107, ale wyr\u00f3\u017cniaj\u0105 si\u0119 szwajcarskimi systemami adapter\u00f3w, oferuj\u0105c wyb\u00f3r optymalnej kompatybilno\u015bci z Twoim sprz\u0119tem.<\/p>\n<p><img fetchpriority=\"high\" decoding=\"async\" class=\"aligncenter wp-image-4163\" src=\"https:\/\/mountlaser.com\/wp-content\/uploads\/2025\/11\/DZ215SL-RW-1.webp\" alt=\"DZ215SL Aluminum Prism Pole\" width=\"500\" height=\"500\" srcset=\"https:\/\/mountlaser.com\/wp-content\/uploads\/2025\/11\/DZ215SL-RW-1.webp 1000w, https:\/\/mountlaser.com\/wp-content\/uploads\/2025\/11\/DZ215SL-RW-1-300x300.webp 300w, https:\/\/mountlaser.com\/wp-content\/uploads\/2025\/11\/DZ215SL-RW-1-400x400.webp 400w, https:\/\/mountlaser.com\/wp-content\/uploads\/2025\/11\/DZ215SL-RW-1-800x800.webp 800w, https:\/\/mountlaser.com\/wp-content\/uploads\/2025\/11\/DZ215SL-RW-1-600x600.webp 600w, https:\/\/mountlaser.com\/wp-content\/uploads\/2025\/11\/DZ215SL-RW-1-150x150.webp 150w, https:\/\/mountlaser.com\/wp-content\/uploads\/2025\/11\/DZ215SL-RW-1-768x768.webp 768w, https:\/\/mountlaser.com\/wp-content\/uploads\/2025\/11\/DZ215SL-RW-1-12x12.webp 12w\" sizes=\"(max-width: 500px) 100vw, 500px\" \/><\/p>\n<p>Ten <a href=\"https:\/\/mountlaser.com\/pl\/about-us\/\">DZ215SL Aluminiowy s\u0142up pryzmatyczny<\/a> wyst\u0119puje w dw\u00f3ch wersjach, r\u00f3\u017cni\u0105cych si\u0119 jedynie kolorem: DZ215SL-RW aluminiowy s\u0142upek pryzmatyczny jest w kolorze czerwonym i bia\u0142ym, a DZ215SL-SR aluminiowy s\u0142upek pryzmatyczny jest w kolorze srebrnym.<\/p>\n<p><strong>Specyfikacja aluminiowego s\u0142upka pryzmatycznego DZ215SL<\/strong><\/p>\n<table style=\"border-collapse: collapse; width: 741.77pt;\" border=\"0\" width=\"989\" cellspacing=\"0\" cellpadding=\"0\">\n<tbody>\n<tr style=\"height: 14.25pt;\">\n<td class=\"et2\" style=\"height: 14.25pt; width: 142.50pt;\" width=\"190\" height=\"19\">NUMER<\/td>\n<td class=\"et2\" style=\"width: 127.50pt;\" width=\"170\">D\u0141UGO\u015a\u0106<\/td>\n<td class=\"et2\" style=\"width: 126.00pt;\" width=\"168\">TWORZYWO<\/td>\n<td class=\"et2\" style=\"width: 135.00pt;\" width=\"180\">ABSOLWENCI<\/td>\n<td class=\"et2\" style=\"width: 124.50pt;\" width=\"166\">ADAPTER<\/td>\n<td class=\"et2\" style=\"width: 86.25pt;\" width=\"115\">\u015aREDNICA<\/td>\n<\/tr>\n<tr style=\"height: 14.25pt;\">\n<td class=\"et2\" style=\"height: 14.25pt;\" height=\"19\">DZ215SL<\/td>\n<td class=\"et2\">2,15 m<\/td>\n<td class=\"et2\">Aluminium<\/td>\n<td class=\"et3\">cm<\/td>\n<td class=\"et3\">Szwajcarski lub 5\/8\u2033-11<\/td>\n<td class=\"et3\">18\/25 mm<\/td>\n<\/tr>\n<\/tbody>\n<\/table>","protected":false},"excerpt":{"rendered":"<ul>\n<li>Gwarantuje idealne i bezpieczne dopasowanie pryzmatu, zapewniaj\u0105c integralno\u015b\u0107 danych i eliminuj\u0105c b\u0142\u0119dy pomiarowe.<\/li>\n<li>Zintegrowana 30-calowa libella okr\u0105g\u0142a: umo\u017cliwia szybkie i dok\u0142adne poziomowanie, co jest kluczowym krokiem w uzyskiwaniu wiarygodnych pomiar\u00f3w pionowych.<\/li>\n<li>Dwie wersje \u015brednicy (18 mm\/25 mm): Zapewniaj\u0105 elastyczno\u015b\u0107, kt\u00f3ra pozwala dopasowa\u0107 kij do Twoich preferencji pod wzgl\u0119dem sztywno\u015bci i \u0142atwo\u015bci obs\u0142ugi.<\/li>\n<\/ul>","protected":false},"featured_media":4167,"comment_status":"open","ping_status":"closed","template":"","meta":[],"product_brand":[],"product_cat":[89,124],"product_tag":[],"class_list":{"0":"post-4161","1":"product","2":"type-product","3":"status-publish","4":"has-post-thumbnail","6":"product_cat-surveying-pole-rod","7":"product_cat-aluminum-fiberglass-prism-pole","9":"first","10":"instock","11":"shipping-taxable","12":"product-type-simple"},"_links":{"self":[{"href":"https:\/\/mountlaser.com\/pl\/wp-json\/wp\/v2\/product\/4161","targetHints":{"allow":["GET"]}}],"collection":[{"href":"https:\/\/mountlaser.com\/pl\/wp-json\/wp\/v2\/product"}],"about":[{"href":"https:\/\/mountlaser.com\/pl\/wp-json\/wp\/v2\/types\/product"}],"replies":[{"embeddable":true,"href":"https:\/\/mountlaser.com\/pl\/wp-json\/wp\/v2\/comments?post=4161"}],"wp:featuredmedia":[{"embeddable":true,"href":"https:\/\/mountlaser.com\/pl\/wp-json\/wp\/v2\/media\/4167"}],"wp:attachment":[{"href":"https:\/\/mountlaser.com\/pl\/wp-json\/wp\/v2\/media?parent=4161"}],"wp:term":[{"taxonomy":"product_brand","embeddable":true,"href":"https:\/\/mountlaser.com\/pl\/wp-json\/wp\/v2\/product_brand?post=4161"},{"taxonomy":"product_cat","embeddable":true,"href":"https:\/\/mountlaser.com\/pl\/wp-json\/wp\/v2\/product_cat?post=4161"},{"taxonomy":"product_tag","embeddable":true,"href":"https:\/\/mountlaser.com\/pl\/wp-json\/wp\/v2\/product_tag?post=4161"}],"curies":[{"name":"wp","href":"https:\/\/api.w.org\/{rel}","templated":true}]}}