{"id":4153,"date":"2025-11-12T09:09:06","date_gmt":"2025-11-12T09:09:06","guid":{"rendered":"https:\/\/mountlaser.com\/?post_type=product&#038;p=4153"},"modified":"2025-11-27T05:56:05","modified_gmt":"2025-11-27T05:56:05","slug":"dz520-aluminum-prism-pole","status":"publish","type":"product","link":"https:\/\/mountlaser.com\/pl\/produkt\/dz520-aluminum-prism-pole\/","title":{"rendered":"DZ520 Aluminiowy s\u0142up pryzmatyczny"},"content":{"rendered":"<p>W Mount Laser rozumiemy, \u017ce dok\u0142adno\u015b\u0107 pomiar\u00f3w tachimetrem zale\u017cy od niezawodno\u015bci ka\u017cdego komponentu w zestawie narz\u0119dzi. Dlatego zaprojektowali\u015bmy <a href=\"https:\/\/mountlaser.com\/pl\/\"><strong>DZ520 Aluminiowy s\u0142up pryzmatyczny<\/strong><\/a>, profesjonalna tyczka pryzmatyczna do tachimetr\u00f3w, \u0142\u0105cz\u0105ca lekko\u015b\u0107 i wytrzyma\u0142o\u015b\u0107 z wyj\u0105tkow\u0105 funkcjonalno\u015bci\u0105.<\/p>\n<p>Wykonany w ca\u0142o\u015bci z wysokowytrzyma\u0142ego aluminium, aluminiowy s\u0142up pryzmatyczny DZ520 zosta\u0142 zaprojektowany tak, aby wytrzyma\u0107 trudy codziennego u\u017cytkowania na ka\u017cdym placu budowy, nie obci\u0105\u017caj\u0105c u\u017cytkownika. Jego solidna, 4-sekcyjna konstrukcja pozwala na roz\u0142o\u017cenie go na pe\u0142n\u0105 wysoko\u015b\u0107 5,2 m, sk\u0142adaj\u0105c\u0105 si\u0119 z 4 sekcji., <a href=\"https:\/\/mountlaser.com\/pl\/products\/\"><strong>Tyczka pryzmatyczna do tachimetru<\/strong><\/a> zapewniaj\u0105c zasi\u0119g niezb\u0119dny do r\u00f3\u017cnorodnych zastosowa\u0144 geodezyjnych.<\/p>\n<p><img fetchpriority=\"high\" decoding=\"async\" class=\"aligncenter wp-image-4156\" src=\"https:\/\/mountlaser.com\/wp-content\/uploads\/2025\/11\/DZ520QL2.webp\" alt=\"Prism pole for total station\" width=\"500\" height=\"500\" srcset=\"https:\/\/mountlaser.com\/wp-content\/uploads\/2025\/11\/DZ520QL2.webp 1000w, https:\/\/mountlaser.com\/wp-content\/uploads\/2025\/11\/DZ520QL2-300x300.webp 300w, https:\/\/mountlaser.com\/wp-content\/uploads\/2025\/11\/DZ520QL2-400x400.webp 400w, https:\/\/mountlaser.com\/wp-content\/uploads\/2025\/11\/DZ520QL2-800x800.webp 800w, https:\/\/mountlaser.com\/wp-content\/uploads\/2025\/11\/DZ520QL2-600x600.webp 600w, https:\/\/mountlaser.com\/wp-content\/uploads\/2025\/11\/DZ520QL2-150x150.webp 150w, https:\/\/mountlaser.com\/wp-content\/uploads\/2025\/11\/DZ520QL2-768x768.webp 768w, https:\/\/mountlaser.com\/wp-content\/uploads\/2025\/11\/DZ520QL2-12x12.webp 12w\" sizes=\"(max-width: 500px) 100vw, 500px\" \/><\/p>\n<p><a href=\"https:\/\/mountlaser.com\/pl\/contact-us\/\">DZ520 Aluminiowy s\u0142up pryzmatyczny<\/a> OPCJA BLOKADY: Dost\u0119pna w czterech typach:<br \/>\nPryzmatyczny s\u0142up aluminiowy z blokad\u0105 skr\u0119tn\u0105<br \/>\nSzybkoz\u0142\u0105czka aluminiowa z pryzmatem<br \/>\nAluminiowy dr\u0105\u017cek pryzmatyczny z blokad\u0105 GPS<\/p>\n<p><strong>Specyfikacja aluminiowego s\u0142upka pryzmatycznego DZ520<\/strong><\/p>\n<table style=\"border-collapse: collapse; width: 741.77pt;\" border=\"0\" width=\"989\" cellspacing=\"0\" cellpadding=\"0\">\n<tbody>\n<tr style=\"height: 14.25pt;\">\n<td class=\"et2\" style=\"height: 14.25pt; width: 142.50pt;\" width=\"190\" height=\"19\">NUMER<\/td>\n<td class=\"et2\" style=\"width: 127.50pt;\" width=\"170\">D\u0141UGO\u015a\u0106<\/td>\n<td class=\"et2\" style=\"width: 126.00pt;\" width=\"168\">TWORZYWO<\/td>\n<td class=\"et2\" style=\"width: 135.00pt;\" width=\"180\">ABSOLWENCI<\/td>\n<td class=\"et2\" style=\"width: 124.50pt;\" width=\"166\">OPCJA BLOKADY<\/td>\n<td class=\"et2\" style=\"width: 86.25pt;\" width=\"115\">\u015aREDNICA<\/td>\n<\/tr>\n<tr style=\"height: 14.25pt;\">\n<td class=\"et3\" style=\"height: 14.25pt;\" height=\"19\">DZ520<\/td>\n<td class=\"et4\">520 cm<\/td>\n<td class=\"et3\">Aluminium<\/td>\n<td class=\"et3\">Metr<\/td>\n<td class=\"et3\">TL\/QL\/GP<\/td>\n<td class=\"et3\">18\/25\/30\/36 mm<\/td>\n<\/tr>\n<\/tbody>\n<\/table>","protected":false},"excerpt":{"rendered":"<ul>\n<li>Zintegrowana 30-calowa libella okr\u0105g\u0142a: umo\u017cliwia szybkie i \u0142atwe poziomowanie, co jest niezwykle istotne w przypadku uzyskiwania precyzyjnych pomiar\u00f3w pionowych za pomoc\u0105 tyczki pryzmatycznej do tachimetru.<\/li>\n<li>Przezroczysta skala miernika d\u0119tki: umo\u017cliwia szybkie wizualne potwierdzenie ustawie\u0144 wysoko\u015bci, usprawniaj\u0105c przep\u0142yw pracy i zmniejszaj\u0105c liczb\u0119 b\u0142\u0119d\u00f3w.<\/li>\n<li>Uniwersalny monta\u017c pryzmatu: Kompatybilny z r\u00f3\u017cnymi adapterami, co u\u0142atwia pod\u0142\u0105czenie konkretnego modelu pryzmatu.<\/li>\n<\/ul>","protected":false},"featured_media":4154,"comment_status":"open","ping_status":"closed","template":"","meta":[],"product_brand":[],"product_cat":[89,117],"product_tag":[],"class_list":{"0":"post-4153","1":"product","2":"type-product","3":"status-publish","4":"has-post-thumbnail","6":"product_cat-surveying-pole-rod","7":"product_cat-aluminum-prism-pole","9":"first","10":"instock","11":"shipping-taxable","12":"product-type-simple"},"_links":{"self":[{"href":"https:\/\/mountlaser.com\/pl\/wp-json\/wp\/v2\/product\/4153","targetHints":{"allow":["GET"]}}],"collection":[{"href":"https:\/\/mountlaser.com\/pl\/wp-json\/wp\/v2\/product"}],"about":[{"href":"https:\/\/mountlaser.com\/pl\/wp-json\/wp\/v2\/types\/product"}],"replies":[{"embeddable":true,"href":"https:\/\/mountlaser.com\/pl\/wp-json\/wp\/v2\/comments?post=4153"}],"wp:featuredmedia":[{"embeddable":true,"href":"https:\/\/mountlaser.com\/pl\/wp-json\/wp\/v2\/media\/4154"}],"wp:attachment":[{"href":"https:\/\/mountlaser.com\/pl\/wp-json\/wp\/v2\/media?parent=4153"}],"wp:term":[{"taxonomy":"product_brand","embeddable":true,"href":"https:\/\/mountlaser.com\/pl\/wp-json\/wp\/v2\/product_brand?post=4153"},{"taxonomy":"product_cat","embeddable":true,"href":"https:\/\/mountlaser.com\/pl\/wp-json\/wp\/v2\/product_cat?post=4153"},{"taxonomy":"product_tag","embeddable":true,"href":"https:\/\/mountlaser.com\/pl\/wp-json\/wp\/v2\/product_tag?post=4153"}],"curies":[{"name":"wp","href":"https:\/\/api.w.org\/{rel}","templated":true}]}}