{"id":414,"date":"2024-03-21T12:23:02","date_gmt":"2024-03-21T12:23:02","guid":{"rendered":"https:\/\/startersites.io\/blocksy\/pottery\/?post_type=product&#038;p=414"},"modified":"2025-12-01T06:51:56","modified_gmt":"2025-12-01T06:51:56","slug":"fdc01d-japanese-style-tribrach-carrier","status":"publish","type":"product","link":"https:\/\/mountlaser.com\/pl\/produkt\/fdc01d-japanese-style-tribrach-carrier\/","title":{"rendered":"FDC01D No\u015bnik tr\u00f3jbracha w stylu japo\u0144skim"},"content":{"rendered":"<p>Ten <a href=\"https:\/\/mountlaser.com\/pl\/\"><strong>FDC01D No\u015bnik tr\u00f3jbracha w stylu japo\u0144skim<\/strong><\/a> od Mount Laser \u0142\u0105czy precyzj\u0119 z wydajno\u015bci\u0105, oferuj\u0105c doskona\u0142e rozwi\u0105zanie w postaci szybkoz\u0142\u0105czki do statywu dla geodet\u00f3w. Ten model zosta\u0142 zaprojektowany jako statyw z pionownikiem optycznym, zapewniaj\u0105c dok\u0142adne centrowanie i ustawianie w wymagaj\u0105cych zastosowaniach.<\/p>\n<p>Innowacyjny mechanizm szybkiego zwalniania sprawia, \u017ce <a href=\"https:\/\/mountlaser.com\/pl\/kategoria-produktu\/surveying-accessory\/\"><strong>Szybkoz\u0142\u0105czny no\u015bnik spodarki<\/strong> <\/a>Idealny do dynamicznych prac, gdzie czas ma kluczowe znaczenie. Zaprojektowany z my\u015bl\u0105 o trwa\u0142o\u015bci, ten niezawodny uchwyt podp\u00f3rki z funkcj\u0105 optyczn\u0105 zapewnia precyzyjne pozycjonowanie, zachowuj\u0105c jednocze\u015bnie zalety lekkiej konstrukcji w stylu japo\u0144skim.<\/p>\n<p><img fetchpriority=\"high\" decoding=\"async\" class=\"wp-image-2118 aligncenter\" src=\"https:\/\/mountlaser.com\/wp-content\/uploads\/2024\/03\/14.webp\" alt=\"Quick-Release Tribrach Carrier\" width=\"500\" height=\"500\" srcset=\"https:\/\/mountlaser.com\/wp-content\/uploads\/2024\/03\/14.webp 1000w, https:\/\/mountlaser.com\/wp-content\/uploads\/2024\/03\/14-300x300.webp 300w, https:\/\/mountlaser.com\/wp-content\/uploads\/2024\/03\/14-400x400.webp 400w, https:\/\/mountlaser.com\/wp-content\/uploads\/2024\/03\/14-800x800.webp 800w, https:\/\/mountlaser.com\/wp-content\/uploads\/2024\/03\/14-600x600.webp 600w, https:\/\/mountlaser.com\/wp-content\/uploads\/2024\/03\/14-150x150.webp 150w, https:\/\/mountlaser.com\/wp-content\/uploads\/2024\/03\/14-768x768.webp 768w, https:\/\/mountlaser.com\/wp-content\/uploads\/2024\/03\/14-12x12.webp 12w\" sizes=\"(max-width: 500px) 100vw, 500px\" \/><\/p>\n<p>Dost\u0119pny w kolorze \u017c\u00f3\u0142tym, szarym lub czarnym, FDC01D jest wyposa\u017cony w standardowy gwint 5\/8\u2033-11 do urz\u0105dze\u0144 GPS, co czyni go wszechstronnym <a href=\"https:\/\/mountlaser.com\/pl\/contact-us\/\">Szybkoz\u0142\u0105czny no\u015bnik spodarki<\/a> wyb\u00f3r dla r\u00f3\u017cnorodnych zada\u0144 geodezyjnych.<\/p>","protected":false},"excerpt":{"rendered":"<ul>\n<li>System pionu optycznego: pe\u0142ni funkcj\u0119 precyzyjnego uchwytu spodarki z optycznym ustawieniem umo\u017cliwiaj\u0105cym dok\u0142adne centrowanie instrumentu.<\/li>\n<li>Mechanizm szybkiego zwalniania: Zaprojektowany jako uchwyt tr\u00f3jramiennej podstawki z funkcj\u0105 szybkiego zwalniania, umo\u017cliwiaj\u0105cy szybkie rozstawianie i efektywny przep\u0142yw pracy.<\/li>\n<li>Gwint kompatybilny z GPS: Posiada standardowy gwint 5\/8\u2033-11 (FDC01D) umo\u017cliwiaj\u0105cy bezpieczny monta\u017c sprz\u0119tu GPS.<\/li>\n<\/ul>","protected":false},"featured_media":2114,"comment_status":"open","ping_status":"closed","template":"","meta":[],"product_brand":[],"product_cat":[98,79],"product_tag":[],"class_list":{"0":"post-414","1":"product","2":"type-product","3":"status-publish","4":"has-post-thumbnail","6":"product_cat-japanese-style-tribrach-carrier","7":"product_cat-surveying-accessory","9":"first","10":"instock","11":"shipping-taxable","12":"product-type-simple"},"_links":{"self":[{"href":"https:\/\/mountlaser.com\/pl\/wp-json\/wp\/v2\/product\/414","targetHints":{"allow":["GET"]}}],"collection":[{"href":"https:\/\/mountlaser.com\/pl\/wp-json\/wp\/v2\/product"}],"about":[{"href":"https:\/\/mountlaser.com\/pl\/wp-json\/wp\/v2\/types\/product"}],"replies":[{"embeddable":true,"href":"https:\/\/mountlaser.com\/pl\/wp-json\/wp\/v2\/comments?post=414"}],"wp:featuredmedia":[{"embeddable":true,"href":"https:\/\/mountlaser.com\/pl\/wp-json\/wp\/v2\/media\/2114"}],"wp:attachment":[{"href":"https:\/\/mountlaser.com\/pl\/wp-json\/wp\/v2\/media?parent=414"}],"wp:term":[{"taxonomy":"product_brand","embeddable":true,"href":"https:\/\/mountlaser.com\/pl\/wp-json\/wp\/v2\/product_brand?post=414"},{"taxonomy":"product_cat","embeddable":true,"href":"https:\/\/mountlaser.com\/pl\/wp-json\/wp\/v2\/product_cat?post=414"},{"taxonomy":"product_tag","embeddable":true,"href":"https:\/\/mountlaser.com\/pl\/wp-json\/wp\/v2\/product_tag?post=414"}],"curies":[{"name":"wp","href":"https:\/\/api.w.org\/{rel}","templated":true}]}}