{"id":412,"date":"2024-03-20T16:41:19","date_gmt":"2024-03-20T16:41:19","guid":{"rendered":"https:\/\/startersites.io\/blocksy\/pottery\/?post_type=product&#038;p=412"},"modified":"2025-12-01T06:54:21","modified_gmt":"2025-12-01T06:54:21","slug":"fdc01dg-japanese-style-tribrach-carrier","status":"publish","type":"product","link":"https:\/\/mountlaser.com\/pl\/produkt\/fdc01dg-japanese-style-tribrach-carrier\/","title":{"rendered":"FDC01DG No\u015bnik tr\u00f3jbracha w stylu japo\u0144skim"},"content":{"rendered":"<p>Ten <a href=\"https:\/\/mountlaser.com\/pl\/\"><strong>FDC01DG No\u015bnik tr\u00f3jbracha w stylu japo\u0144skim<\/strong><\/a> od Mount Laser zosta\u0142 zaprojektowany tak, aby sprosta\u0107 wysokim wymaganiom wsp\u00f3\u0142czesnych geodet\u00f3w, staj\u0105c si\u0119 niezb\u0119dnym no\u015bnikiem tr\u00f3jnog\u00f3w do prac geodezyjnych.<br \/>\nTen precyzyjny instrument wyposa\u017cony jest w optyczny system pionu, zapewniaj\u0105cy dok\u0142adne centrowanie i ustawienie w krytycznych zadaniach pomiarowych. Zaprojektowany ze standardowym gwintem 5\/8\u2033-11, wyr\u00f3\u017cnia si\u0119 jako najlepszy uchwyt do monta\u017cu urz\u0105dze\u0144 GPS, oferuj\u0105c bezproblemow\u0105 kompatybilno\u015b\u0107 i niezawodn\u0105 prac\u0119. Mechanizm szybkiego zwalniania zwi\u0119ksza wydajno\u015b\u0107 operacyjn\u0105, dzi\u0119ki czemu ten <a href=\"https:\/\/mountlaser.com\/pl\/kategoria-produktu\/surveying-accessory\/\"><strong>No\u015bnik spodarki do pomiar\u00f3w geodezyjnych<\/strong><\/a> idealne dla miejsc pracy wymagaj\u0105cych szybkiego tempa pracy.<\/p>\n<p><img fetchpriority=\"high\" decoding=\"async\" class=\"wp-image-2127 aligncenter\" src=\"https:\/\/mountlaser.com\/wp-content\/uploads\/2024\/03\/13.webp\" alt=\"Tribrach Carrier for Surveying\" width=\"500\" height=\"500\" srcset=\"https:\/\/mountlaser.com\/wp-content\/uploads\/2024\/03\/13.webp 1000w, https:\/\/mountlaser.com\/wp-content\/uploads\/2024\/03\/13-300x300.webp 300w, https:\/\/mountlaser.com\/wp-content\/uploads\/2024\/03\/13-400x400.webp 400w, https:\/\/mountlaser.com\/wp-content\/uploads\/2024\/03\/13-800x800.webp 800w, https:\/\/mountlaser.com\/wp-content\/uploads\/2024\/03\/13-600x600.webp 600w, https:\/\/mountlaser.com\/wp-content\/uploads\/2024\/03\/13-150x150.webp 150w, https:\/\/mountlaser.com\/wp-content\/uploads\/2024\/03\/13-768x768.webp 768w, https:\/\/mountlaser.com\/wp-content\/uploads\/2024\/03\/13-12x12.webp 12w\" sizes=\"(max-width: 500px) 100vw, 500px\" \/><br \/>\nDost\u0119pne w kolorze \u017c\u00f3\u0142tym, szarym lub czarnym, to wszechstronne narz\u0119dzie \u0142\u0105czy w sobie wytrzyma\u0142o\u015b\u0107 z funkcjonalno\u015bci\u0105, co czyni je najlepszym uchwytem podtr\u00f3jnika do zastosowa\u0144 GPS, gdzie precyzja i szybko\u015b\u0107 s\u0105 najwa\u017cniejsze. Geodeci doceni\u0105 jego wytrzyma\u0142o\u015b\u0107. <a href=\"https:\/\/mountlaser.com\/pl\/contact-us\/\">No\u015bnik spodarki do pomiar\u00f3w geodezyjnych<\/a> usprawnia przep\u0142yw pracy, jednocze\u015bnie utrzymuj\u0105c wysokie standardy dok\u0142adno\u015bci wymagane w profesjonalnej pracy terenowej.<\/p>","protected":false},"excerpt":{"rendered":"<ul>\n<li>Po\u0142\u0105czenie kompatybilne z GPS: Posiada standardowy gwint 5\/8\u2033-11 (FDC01DG) zaprojektowany specjalnie do monta\u017cu urz\u0105dze\u0144 GPS<\/li>\n<li>Trwa\u0142a konstrukcja: \u0142\u0105czy w sobie lekk\u0105 konstrukcj\u0119 w stylu japo\u0144skim z solidnymi parametrami u\u017cytkowymi<\/li>\n<li>Opcje kolor\u00f3w o wysokiej widoczno\u015bci: dost\u0119pne w kolorze \u017c\u00f3\u0142tym, szarym lub czarnym, zapewniaj\u0105ce lepsz\u0105 widoczno\u015b\u0107 i preferencje<\/li>\n<\/ul>","protected":false},"featured_media":2122,"comment_status":"open","ping_status":"closed","template":"","meta":[],"product_brand":[],"product_cat":[79,98],"product_tag":[],"class_list":{"0":"post-412","1":"product","2":"type-product","3":"status-publish","4":"has-post-thumbnail","6":"product_cat-surveying-accessory","7":"product_cat-japanese-style-tribrach-carrier","9":"first","10":"instock","11":"shipping-taxable","12":"product-type-simple"},"_links":{"self":[{"href":"https:\/\/mountlaser.com\/pl\/wp-json\/wp\/v2\/product\/412","targetHints":{"allow":["GET"]}}],"collection":[{"href":"https:\/\/mountlaser.com\/pl\/wp-json\/wp\/v2\/product"}],"about":[{"href":"https:\/\/mountlaser.com\/pl\/wp-json\/wp\/v2\/types\/product"}],"replies":[{"embeddable":true,"href":"https:\/\/mountlaser.com\/pl\/wp-json\/wp\/v2\/comments?post=412"}],"wp:featuredmedia":[{"embeddable":true,"href":"https:\/\/mountlaser.com\/pl\/wp-json\/wp\/v2\/media\/2122"}],"wp:attachment":[{"href":"https:\/\/mountlaser.com\/pl\/wp-json\/wp\/v2\/media?parent=412"}],"wp:term":[{"taxonomy":"product_brand","embeddable":true,"href":"https:\/\/mountlaser.com\/pl\/wp-json\/wp\/v2\/product_brand?post=412"},{"taxonomy":"product_cat","embeddable":true,"href":"https:\/\/mountlaser.com\/pl\/wp-json\/wp\/v2\/product_cat?post=412"},{"taxonomy":"product_tag","embeddable":true,"href":"https:\/\/mountlaser.com\/pl\/wp-json\/wp\/v2\/product_tag?post=412"}],"curies":[{"name":"wp","href":"https:\/\/api.w.org\/{rel}","templated":true}]}}