{"id":4054,"date":"2025-11-12T01:34:55","date_gmt":"2025-11-12T01:34:55","guid":{"rendered":"https:\/\/mountlaser.com\/?post_type=product&#038;p=4054"},"modified":"2025-12-19T02:02:49","modified_gmt":"2025-12-19T02:02:49","slug":"bt152-medium-duty-elevator-tripod","status":"publish","type":"product","link":"https:\/\/mountlaser.com\/pl\/produkt\/bt152-medium-duty-elevator-tripod\/","title":{"rendered":"BT152 \u015arednio-ci\u0119\u017cki statyw podno\u015bnikowy"},"content":{"rendered":"<p>Ten <a href=\"https:\/\/mountlaser.com\/pl\/\"><strong>\u015arednio wytrzyma\u0142y aluminiowy statyw podnosz\u0105cy<\/strong><\/a> To niezb\u0119dny element monta\u017cowy zaprojektowany z my\u015bl\u0105 o precyzji i stabilno\u015bci w profesjonalnych zastosowaniach pomiarowych i budowlanych. Wykonany z wysokiej jako\u015bci oksydowanego aluminium, <a href=\"https:\/\/mountlaser.com\/pl\/products\/\"><strong>BT152 Profesjonalny statyw budowlany<\/strong><\/a> zapewnia trwa\u0142o\u015b\u0107 i wygod\u0119 dzi\u0119ki niewielkiej wadze, co czyni go idealnym rozwi\u0105zaniem zar\u00f3wno do laser\u00f3w liniowych, jak i obrotowych.<\/p>\n<p>Aluminiowy statyw podnosz\u0105cy o \u015bredniej wytrzyma\u0142o\u015bci z regulowan\u0105 stopk\u0105 zapewnia doskona\u0142y kontakt z pod\u0142o\u017cem i r\u00f3wnowag\u0119, nawet na nier\u00f3wnym terenie. Dzi\u0119ki dw\u00f3m wszechstronnym opcjom \u2014 modelowi BT152 z p\u0142ask\u0105 g\u0142owic\u0105 i gwintem 5\/8\u2033-11 oraz modelowi BT250 z gwintem 1\/4\u2033-20 \u2014 profesjonalny statyw budowlany BT152 jest kompatybilny z szerok\u0105 gam\u0105 niwelator\u00f3w laserowych i urz\u0105dze\u0144 GNSS.<\/p>\n<p>Zbudowany z my\u015bl\u0105 o niezawodnej wydajno\u015bci, <a href=\"https:\/\/mountlaser.com\/pl\/contact-us\/\">\u015arednio wytrzyma\u0142y aluminiowy statyw podnosz\u0105cy<\/a> Zapewnia p\u0142ynn\u0105 kontrol\u0119 wysoko\u015bci, bezpieczne mocowanie instrument\u00f3w i d\u0142ugotrwa\u0142\u0105 trwa\u0142o\u015b\u0107 w terenie. Jego profesjonalna konstrukcja zapewnia niezr\u00f3wnane wsparcie w wymagaj\u0105cych pracach budowlanych i geodezyjnych.<\/p>\n<p><strong>Specyfikacje statywu windy \u015bredniej wytrzyma\u0142o\u015bci<\/strong><\/p>\n<div>\n<table style=\"border-collapse: collapse; width: 1339px; height: 469px;\" border=\"0\" width=\"991\" cellspacing=\"0\" cellpadding=\"0\">\n<tbody>\n<tr style=\"height: 14.25pt;\">\n<td class=\"et2\" style=\"height: 14.25pt; width: 127.50pt;\" width=\"170\" height=\"19\">NUMER<\/td>\n<td class=\"et3\" style=\"width: 92.25pt;\" width=\"123\">KOLOR<\/td>\n<td class=\"et3\" style=\"width: 77.25pt;\" width=\"103\">TWORZYWO<\/td>\n<td class=\"et3\" style=\"width: 96.75pt;\" width=\"129\">WYSOKO\u015a\u0106 STATYWU<\/td>\n<td class=\"et4\" style=\"width: 141.00pt;\" width=\"188\">WYSOKO\u015a\u0106 ROBOCZA<\/td>\n<td class=\"et3\" style=\"width: 96.00pt;\" width=\"128\">P\u00f3\u0142nocny zach\u00f3d<\/td>\n<td class=\"et5\" style=\"width: 112.50pt;\" width=\"150\">ZDJ\u0118CIE<\/td>\n<\/tr>\n<tr style=\"height: 18.75pt;\">\n<td class=\"et6\" style=\"height: 18.75pt;\" height=\"25\">BT152<\/td>\n<td class=\"et6\">Czarno-niebieski<\/td>\n<td class=\"et7\">Aluminium<\/td>\n<td class=\"et6\">74-153 cm<\/td>\n<td class=\"et6\">70-143 cm<\/td>\n<td class=\"et6\">2,1 kg<\/td>\n<td class=\"et8\"><img fetchpriority=\"high\" decoding=\"async\" class=\"alignnone wp-image-4066\" src=\"https:\/\/mountlaser.com\/wp-content\/uploads\/2025\/11\/BT1523.webp\" alt=\"Medium Duty Aluminum Elevator Tripod\" width=\"500\" height=\"500\" srcset=\"https:\/\/mountlaser.com\/wp-content\/uploads\/2025\/11\/BT1523.webp 1000w, https:\/\/mountlaser.com\/wp-content\/uploads\/2025\/11\/BT1523-300x300.webp 300w, https:\/\/mountlaser.com\/wp-content\/uploads\/2025\/11\/BT1523-400x400.webp 400w, https:\/\/mountlaser.com\/wp-content\/uploads\/2025\/11\/BT1523-800x800.webp 800w, https:\/\/mountlaser.com\/wp-content\/uploads\/2025\/11\/BT1523-600x600.webp 600w, https:\/\/mountlaser.com\/wp-content\/uploads\/2025\/11\/BT1523-150x150.webp 150w, https:\/\/mountlaser.com\/wp-content\/uploads\/2025\/11\/BT1523-768x768.webp 768w, https:\/\/mountlaser.com\/wp-content\/uploads\/2025\/11\/BT1523-12x12.webp 12w\" sizes=\"(max-width: 500px) 100vw, 500px\" \/><\/td>\n<\/tr>\n<tr style=\"height: 17.25pt;\">\n<td class=\"et6\" style=\"height: 17.25pt;\" height=\"23\">BT250<\/td>\n<td class=\"et6\">Czarno-niebieski<\/td>\n<td class=\"et7\">Aluminium<\/td>\n<td class=\"et6\">217 cm<\/td>\n<td class=\"et6\">200m<\/td>\n<td class=\"et6\">2,85 kg<\/td>\n<td class=\"et8\"><img decoding=\"async\" class=\"alignnone wp-image-4074\" src=\"https:\/\/mountlaser.com\/wp-content\/uploads\/2025\/11\/BT2503.webp\" alt=\"Medium Duty Aluminum Elevator Tripod\" width=\"500\" height=\"500\" srcset=\"https:\/\/mountlaser.com\/wp-content\/uploads\/2025\/11\/BT2503.webp 1000w, https:\/\/mountlaser.com\/wp-content\/uploads\/2025\/11\/BT2503-300x300.webp 300w, https:\/\/mountlaser.com\/wp-content\/uploads\/2025\/11\/BT2503-400x400.webp 400w, https:\/\/mountlaser.com\/wp-content\/uploads\/2025\/11\/BT2503-800x800.webp 800w, https:\/\/mountlaser.com\/wp-content\/uploads\/2025\/11\/BT2503-600x600.webp 600w, https:\/\/mountlaser.com\/wp-content\/uploads\/2025\/11\/BT2503-150x150.webp 150w, https:\/\/mountlaser.com\/wp-content\/uploads\/2025\/11\/BT2503-768x768.webp 768w, https:\/\/mountlaser.com\/wp-content\/uploads\/2025\/11\/BT2503-12x12.webp 12w\" sizes=\"(max-width: 500px) 100vw, 500px\" \/><\/td>\n<\/tr>\n<\/tbody>\n<\/table>\n<\/div>","protected":false},"excerpt":{"rendered":"<ul>\n<li>Wykonane z wytrzyma\u0142ego, a zarazem lekkiego oksydowanego aluminium.<\/li>\n<li>Regulowana stopka zapewniaj\u0105ca lepsz\u0105 stabilno\u015b\u0107 na nier\u00f3wnych powierzchniach.<\/li>\n<li>Dwie opcje gwintu: 5\/8\u2033-11 i 1\/4\u2033-20.<\/li>\n<li>Nadaje si\u0119 do narz\u0119dzi laserowych liniowych i obrotowych.<\/li>\n<li>Kompaktowy, \u0142atwy w transporcie i szybki w monta\u017cu.<\/li>\n<\/ul>","protected":false},"featured_media":4056,"comment_status":"open","ping_status":"closed","template":"","meta":[],"product_brand":[],"product_cat":[122,94],"product_tag":[],"class_list":{"0":"post-4054","1":"product","2":"type-product","3":"status-publish","4":"has-post-thumbnail","6":"product_cat-laser-level-tripod","7":"product_cat-laser-level-accessory","9":"first","10":"instock","11":"shipping-taxable","12":"product-type-simple"},"_links":{"self":[{"href":"https:\/\/mountlaser.com\/pl\/wp-json\/wp\/v2\/product\/4054","targetHints":{"allow":["GET"]}}],"collection":[{"href":"https:\/\/mountlaser.com\/pl\/wp-json\/wp\/v2\/product"}],"about":[{"href":"https:\/\/mountlaser.com\/pl\/wp-json\/wp\/v2\/types\/product"}],"replies":[{"embeddable":true,"href":"https:\/\/mountlaser.com\/pl\/wp-json\/wp\/v2\/comments?post=4054"}],"wp:featuredmedia":[{"embeddable":true,"href":"https:\/\/mountlaser.com\/pl\/wp-json\/wp\/v2\/media\/4056"}],"wp:attachment":[{"href":"https:\/\/mountlaser.com\/pl\/wp-json\/wp\/v2\/media?parent=4054"}],"wp:term":[{"taxonomy":"product_brand","embeddable":true,"href":"https:\/\/mountlaser.com\/pl\/wp-json\/wp\/v2\/product_brand?post=4054"},{"taxonomy":"product_cat","embeddable":true,"href":"https:\/\/mountlaser.com\/pl\/wp-json\/wp\/v2\/product_cat?post=4054"},{"taxonomy":"product_tag","embeddable":true,"href":"https:\/\/mountlaser.com\/pl\/wp-json\/wp\/v2\/product_tag?post=4054"}],"curies":[{"name":"wp","href":"https:\/\/api.w.org\/{rel}","templated":true}]}}