{"id":4039,"date":"2025-11-12T01:10:24","date_gmt":"2025-11-12T01:10:24","guid":{"rendered":"https:\/\/mountlaser.com\/?post_type=product&#038;p=4039"},"modified":"2025-12-19T00:52:23","modified_gmt":"2025-12-19T00:52:23","slug":"ett20a-230bs3-medium-duty-elevator-tripod","status":"publish","type":"product","link":"https:\/\/mountlaser.com\/pl\/produkt\/ett20a-230bs3-medium-duty-elevator-tripod\/","title":{"rendered":"ETT20A-230BS3 Statyw podno\u015bnikowy \u015bredniej wytrzyma\u0142o\u015bci"},"content":{"rendered":"<p>Ten <a href=\"https:\/\/mountlaser.com\/pl\/\"><strong>Statyw podnosz\u0105cy \u015bredniej wytrzyma\u0142o\u015bci<\/strong><\/a> To solidne i wszechstronne rozwi\u0105zanie przeznaczone do zastosowa\u0144 z laserami liniowymi i obrotowymi w budownictwie i geodezji. Wykonane z wysokiej jako\u015bci oksydowanego aluminium, <a href=\"https:\/\/mountlaser.com\/pl\/about-us\/\"><strong>Profesjonalny statyw budowlany<\/strong><\/a> zapewnia idealn\u0105 r\u00f3wnowag\u0119 mi\u0119dzy wytrzyma\u0142o\u015bci\u0105, trwa\u0142o\u015bci\u0105 i przeno\u015bno\u015bci\u0105.<\/p>\n<p>Dost\u0119pny w wielu konfiguracjach \u2013 w tym 3-sekcyjnej (S3) i 4-sekcyjnej (S4) \u2013 tr\u00f3jn\u00f3g podnoszony o \u015bredniej wytrzyma\u0142o\u015bci zapewnia optymaln\u0105 regulacj\u0119 wysoko\u015bci i stabilno\u015b\u0107 w r\u00f3\u017cnych miejscach pracy. Stopy w kszta\u0142cie podkowy zapewniaj\u0105 lepsz\u0105 przyczepno\u015b\u0107 i r\u00f3wnowag\u0119 na nier\u00f3wnych powierzchniach, a lekka konstrukcja pozwala na \u0142atwy transport i monta\u017c.<\/p>\n<p>Zaprojektowany do d\u0142ugotrwa\u0142ego, profesjonalnego u\u017cytku, statyw podnoszony o \u015bredniej wytrzyma\u0142o\u015bci zapewnia precyzyjne poziomowanie i niezawodne podparcie dla instrument\u00f3w laserowych. Niezale\u017cnie od tego, czy chodzi o prace zwi\u0105zane z ustawianiem wsp\u00f3\u0142rz\u0119dnych wewn\u0105trz budynk\u00f3w, czy o pomiary na zewn\u0105trz, gwarantuje on sta\u0142\u0105 dok\u0142adno\u015b\u0107 i \u0142atwo\u015b\u0107 obs\u0142ugi.<\/p>\n<p><img fetchpriority=\"high\" decoding=\"async\" class=\"aligncenter wp-image-4048\" src=\"https:\/\/mountlaser.com\/wp-content\/uploads\/2025\/11\/ETT20-3003.webp\" alt=\"Medium-Duty Elevating Tripod\" width=\"500\" height=\"500\" srcset=\"https:\/\/mountlaser.com\/wp-content\/uploads\/2025\/11\/ETT20-3003.webp 1000w, https:\/\/mountlaser.com\/wp-content\/uploads\/2025\/11\/ETT20-3003-300x300.webp 300w, https:\/\/mountlaser.com\/wp-content\/uploads\/2025\/11\/ETT20-3003-400x400.webp 400w, https:\/\/mountlaser.com\/wp-content\/uploads\/2025\/11\/ETT20-3003-800x800.webp 800w, https:\/\/mountlaser.com\/wp-content\/uploads\/2025\/11\/ETT20-3003-600x600.webp 600w, https:\/\/mountlaser.com\/wp-content\/uploads\/2025\/11\/ETT20-3003-150x150.webp 150w, https:\/\/mountlaser.com\/wp-content\/uploads\/2025\/11\/ETT20-3003-768x768.webp 768w, https:\/\/mountlaser.com\/wp-content\/uploads\/2025\/11\/ETT20-3003-12x12.webp 12w\" sizes=\"(max-width: 500px) 100vw, 500px\" \/><\/p>\n<p><strong><a href=\"https:\/\/mountlaser.com\/pl\/contact-us\/\">Statyw podno\u015bnikowy \u015bredniej wytrzyma\u0142o\u015bci<\/a> Specyfikacje<\/strong><\/p>\n<div>\n<table style=\"border-collapse: collapse; width: 1142.28pt;\" border=\"0\" width=\"1523\" cellspacing=\"0\" cellpadding=\"0\">\n<tbody>\n<tr style=\"height: 17.25pt;\">\n<td class=\"et2\" style=\"height: 17.25pt; width: 322.50pt;\" width=\"430\" height=\"23\">NUMER<\/td>\n<td class=\"et3\" style=\"width: 309.00pt;\" width=\"412\">KOLOR<\/td>\n<td class=\"et4\" style=\"width: 88.50pt;\" width=\"118\">TWORZYWO<\/td>\n<td class=\"et5\" style=\"width: 138.00pt;\" width=\"184\">WYSOKO\u015a\u0106 STATYWU<\/td>\n<td class=\"et5\" style=\"width: 176.25pt;\" width=\"235\">WYSOKO\u015a\u0106 ROBOCZA<\/td>\n<td class=\"et2\" style=\"width: 54.00pt;\" width=\"72\">P\u00f3\u0142nocny zach\u00f3d.<\/td>\n<td class=\"et2\" style=\"width: 54.00pt;\" width=\"72\">SEKCJE<\/td>\n<\/tr>\n<tr style=\"height: 17.25pt;\">\n<td style=\"height: 17.25pt;\" height=\"23\">ETT20A-120BS3<\/td>\n<td class=\"et6\">Czarny<\/td>\n<td class=\"et4\">Aluminium<\/td>\n<td class=\"et7\">49-127 cm<\/td>\n<td>45-120 cm<\/td>\n<td>1,35 kg<\/td>\n<td align=\"right\">3<\/td>\n<\/tr>\n<tr style=\"height: 17.25pt;\">\n<td style=\"height: 17.25pt;\" height=\"23\">ETT20A-160BS3<\/td>\n<td class=\"et6\">Czarny<\/td>\n<td class=\"et4\">Aluminium<\/td>\n<td>600-169 cm<\/td>\n<td>550-160 cm<\/td>\n<td>1,55 kg<\/td>\n<td align=\"right\">3<\/td>\n<\/tr>\n<tr style=\"height: 17.25pt;\">\n<td style=\"height: 17.25pt;\" height=\"23\">ETT20A-180BS3<\/td>\n<td class=\"et6\">Czarny<\/td>\n<td class=\"et4\">Aluminium<\/td>\n<td>660-189 cm<\/td>\n<td>620-180 cm<\/td>\n<td>1,70 kg<\/td>\n<td align=\"right\">3<\/td>\n<\/tr>\n<tr style=\"height: 17.25pt;\">\n<td style=\"height: 17.25pt;\" height=\"23\">ETT20A-230BS3<\/td>\n<td class=\"et6\">Czarny<\/td>\n<td class=\"et4\">Aluminium<\/td>\n<td>830-240 cm<\/td>\n<td>780-230 cm<\/td>\n<td>2,05 kg<\/td>\n<td align=\"right\">3<\/td>\n<\/tr>\n<tr style=\"height: 17.25pt;\">\n<td style=\"height: 17.25pt;\" height=\"23\">ETT20A-300BS4<\/td>\n<td class=\"et6\">Czarny<\/td>\n<td class=\"et4\">Aluminium<\/td>\n<td>900-312 cm<\/td>\n<td>850-300 cm<\/td>\n<td>2,45 kg<\/td>\n<td align=\"right\">4<\/td>\n<\/tr>\n<\/tbody>\n<\/table>\n<\/div>\n<p>&nbsp;<\/p>","protected":false},"excerpt":{"rendered":"<ul>\n<li>Idealny do zastosowa\u0144 laserowych zar\u00f3wno liniowych, jak i obrotowych.<\/li>\n<li>Wykonane z trwa\u0142ego oksydowanego aluminium.<\/li>\n<li>Stopy w kszta\u0142cie podkowy zapewniaj\u0105ce stabiln\u0105 pozycj\u0119.<\/li>\n<li>Dost\u0119pne w wersji 3-sekcyjnej i 4-sekcyjnej, zapewniaj\u0105cej wszechstronn\u0105 kontrol\u0119 wysoko\u015bci.<\/li>\n<li>Lekka konstrukcja zapewniaj\u0105ca \u0142atwo\u015b\u0107 przenoszenia i monta\u017cu.<\/li>\n<\/ul>","protected":false},"featured_media":4042,"comment_status":"open","ping_status":"closed","template":"","meta":[],"product_brand":[],"product_cat":[94,122],"product_tag":[],"class_list":{"0":"post-4039","1":"product","2":"type-product","3":"status-publish","4":"has-post-thumbnail","6":"product_cat-laser-level-accessory","7":"product_cat-laser-level-tripod","9":"first","10":"instock","11":"shipping-taxable","12":"product-type-simple"},"_links":{"self":[{"href":"https:\/\/mountlaser.com\/pl\/wp-json\/wp\/v2\/product\/4039","targetHints":{"allow":["GET"]}}],"collection":[{"href":"https:\/\/mountlaser.com\/pl\/wp-json\/wp\/v2\/product"}],"about":[{"href":"https:\/\/mountlaser.com\/pl\/wp-json\/wp\/v2\/types\/product"}],"replies":[{"embeddable":true,"href":"https:\/\/mountlaser.com\/pl\/wp-json\/wp\/v2\/comments?post=4039"}],"wp:featuredmedia":[{"embeddable":true,"href":"https:\/\/mountlaser.com\/pl\/wp-json\/wp\/v2\/media\/4042"}],"wp:attachment":[{"href":"https:\/\/mountlaser.com\/pl\/wp-json\/wp\/v2\/media?parent=4039"}],"wp:term":[{"taxonomy":"product_brand","embeddable":true,"href":"https:\/\/mountlaser.com\/pl\/wp-json\/wp\/v2\/product_brand?post=4039"},{"taxonomy":"product_cat","embeddable":true,"href":"https:\/\/mountlaser.com\/pl\/wp-json\/wp\/v2\/product_cat?post=4039"},{"taxonomy":"product_tag","embeddable":true,"href":"https:\/\/mountlaser.com\/pl\/wp-json\/wp\/v2\/product_tag?post=4039"}],"curies":[{"name":"wp","href":"https:\/\/api.w.org\/{rel}","templated":true}]}}