{"id":403,"date":"2024-03-20T16:30:44","date_gmt":"2024-03-20T16:30:44","guid":{"rendered":"https:\/\/startersites.io\/blocksy\/pottery\/?post_type=product&#038;p=403"},"modified":"2025-12-01T07:44:14","modified_gmt":"2025-12-01T07:44:14","slug":"tr-8-japanese-style-tribrach","status":"publish","type":"product","link":"https:\/\/mountlaser.com\/pl\/produkt\/tr-8-japanese-style-tribrach\/","title":{"rendered":"TR-8 Podk\u0142ad w stylu japo\u0144skim"},"content":{"rendered":"<p>Zwi\u0119ksz dok\u0142adno\u015b\u0107 pomiar\u00f3w dzi\u0119ki <a href=\"https:\/\/mountlaser.com\/pl\/\"><strong>Monta\u017c lasera TR-8<\/strong><\/a>, A <a href=\"https:\/\/mountlaser.com\/pl\/kategoria-produktu\/surveying-accessory\/\"><strong>Precyzyjny tr\u00f3jbrach w stylu japo\u0144skim<\/strong><\/a> Zaprojektowany dla profesjonalist\u00f3w, kt\u00f3rzy wymagaj\u0105 niezmiennej niezawodno\u015bci. Ten model spe\u0142nia najwy\u017csze japo\u0144skie standardy produkcji TOP, zapewniaj\u0105c wyj\u0105tkow\u0105 stabilno\u015b\u0107 tachimetru bez konieczno\u015bci stosowania pionu optycznego.<\/p>\n<p><img fetchpriority=\"high\" decoding=\"async\" class=\"aligncenter wp-image-2133\" src=\"https:\/\/mountlaser.com\/wp-content\/uploads\/2025\/09\/10-1.webp\" alt=\"Precision Japanese-Style Tribrach \" width=\"500\" height=\"500\" srcset=\"https:\/\/mountlaser.com\/wp-content\/uploads\/2025\/09\/10-1.webp 1000w, https:\/\/mountlaser.com\/wp-content\/uploads\/2025\/09\/10-1-300x300.webp 300w, https:\/\/mountlaser.com\/wp-content\/uploads\/2025\/09\/10-1-400x400.webp 400w, https:\/\/mountlaser.com\/wp-content\/uploads\/2025\/09\/10-1-800x800.webp 800w, https:\/\/mountlaser.com\/wp-content\/uploads\/2025\/09\/10-1-600x600.webp 600w, https:\/\/mountlaser.com\/wp-content\/uploads\/2025\/09\/10-1-150x150.webp 150w, https:\/\/mountlaser.com\/wp-content\/uploads\/2025\/09\/10-1-768x768.webp 768w, https:\/\/mountlaser.com\/wp-content\/uploads\/2025\/09\/10-1-12x12.webp 12w\" sizes=\"(max-width: 500px) 100vw, 500px\" \/><br \/>\nTen <a href=\"https:\/\/mountlaser.com\/pl\/contact-us\/\">TR-8 Precision Japo\u0144ski tr\u00f3jbrach<\/a> Zosta\u0142 zaprojektowany tak, aby wytrzyma\u0107 intensywne codzienne u\u017cytkowanie, zapewniaj\u0105c sta\u0142\u0105 wydajno\u015b\u0107 na ka\u017cdym placu budowy. Dost\u0119pny w kolorze \u017c\u00f3\u0142tym, szarym lub czarnym, co u\u0142atwia identyfikacj\u0119 sprz\u0119tu. Je\u015bli Twoja praca wymaga najlepszego fundamentu, wybierz precyzyjn\u0105 podstawk\u0119 TR-8 Precision w stylu japo\u0144skim od Mount Laser.<\/p>","protected":false},"excerpt":{"rendered":"<ul>\n<li>Pionownik optyczny bez statywu (TR-8): zapewnia solidne, ekonomiczne i proste rozwi\u0105zanie monta\u017cowe.<\/li>\n<li>Japo\u0144ski standard najwy\u017cszej jako\u015bci: charakteryzuje si\u0119 doskona\u0142ym wykonaniem i trwa\u0142ymi materia\u0142ami<\/li>\n<li>dla d\u0142ugotrwa\u0142ej wydajno\u015bci w trudnych warunkach.<\/li>\n<\/ul>","protected":false},"featured_media":2129,"comment_status":"open","ping_status":"closed","template":"","meta":[],"product_brand":[],"product_cat":[79,99],"product_tag":[],"class_list":{"0":"post-403","1":"product","2":"type-product","3":"status-publish","4":"has-post-thumbnail","6":"product_cat-surveying-accessory","7":"product_cat-japanese-style-tribrach","9":"first","10":"instock","11":"shipping-taxable","12":"product-type-simple"},"_links":{"self":[{"href":"https:\/\/mountlaser.com\/pl\/wp-json\/wp\/v2\/product\/403","targetHints":{"allow":["GET"]}}],"collection":[{"href":"https:\/\/mountlaser.com\/pl\/wp-json\/wp\/v2\/product"}],"about":[{"href":"https:\/\/mountlaser.com\/pl\/wp-json\/wp\/v2\/types\/product"}],"replies":[{"embeddable":true,"href":"https:\/\/mountlaser.com\/pl\/wp-json\/wp\/v2\/comments?post=403"}],"wp:featuredmedia":[{"embeddable":true,"href":"https:\/\/mountlaser.com\/pl\/wp-json\/wp\/v2\/media\/2129"}],"wp:attachment":[{"href":"https:\/\/mountlaser.com\/pl\/wp-json\/wp\/v2\/media?parent=403"}],"wp:term":[{"taxonomy":"product_brand","embeddable":true,"href":"https:\/\/mountlaser.com\/pl\/wp-json\/wp\/v2\/product_brand?post=403"},{"taxonomy":"product_cat","embeddable":true,"href":"https:\/\/mountlaser.com\/pl\/wp-json\/wp\/v2\/product_cat?post=403"},{"taxonomy":"product_tag","embeddable":true,"href":"https:\/\/mountlaser.com\/pl\/wp-json\/wp\/v2\/product_tag?post=403"}],"curies":[{"name":"wp","href":"https:\/\/api.w.org\/{rel}","templated":true}]}}