{"id":4027,"date":"2025-11-11T09:10:43","date_gmt":"2025-11-11T09:10:43","guid":{"rendered":"https:\/\/mountlaser.com\/?post_type=product&#038;p=4027"},"modified":"2025-12-18T08:44:02","modified_gmt":"2025-12-18T08:44:02","slug":"ba3-160hp-black-elevator-tripod","status":"publish","type":"product","link":"https:\/\/mountlaser.com\/pl\/produkt\/ba3-160hp-black-elevator-tripod\/","title":{"rendered":"Statyw podnosz\u0105cy BA3-160HP w kolorze czarnym"},"content":{"rendered":"<p>Ten <a href=\"https:\/\/mountlaser.com\/pl\/\"><strong>Statyw podnosz\u0105cy BA3-160HP w kolorze czarnym<\/strong> <\/a>jest <a href=\"https:\/\/mountlaser.com\/pl\/products\/\"><strong>Wysokiej jako\u015bci statyw do poziomicy laserowej<\/strong> <\/a>Zaprojektowany dla profesjonalist\u00f3w, kt\u00f3rzy wymagaj\u0105 maksymalnej stabilno\u015bci, precyzji i wszechstronno\u015bci w swojej pracy pomiarowej. Wykonany z tlenku aluminium, ten solidny statyw zapewnia wyj\u0105tkow\u0105 wytrzyma\u0142o\u015b\u0107, zachowuj\u0105c jednocze\u015bnie lekk\u0105 konstrukcj\u0119, co u\u0142atwia przenoszenie.<\/p>\n<p>Wyko\u0144czony w eleganckim czarnym kolorze, statyw BA3-160HP Black Elevator posiada stop\u0119 w kszta\u0142cie podkowy, zapewniaj\u0105c\u0105 stabilne podparcie nawet na nier\u00f3wnych powierzchniach. Opcjonalny hak centralny i gumowe nak\u0142adki antypo\u015blizgowe gwarantuj\u0105 pewny chwyt i redukcj\u0119 wibracji podczas u\u017cytkowania. Wysokiej jako\u015bci statyw laserowy posiada r\u00f3wnie\u017c zdejmowan\u0105, uchyln\u0105 g\u0142owic\u0119 z gwintem 1\/4\u2033-20, co zapewnia kompatybilno\u015b\u0107 z r\u00f3\u017cnymi poziomicami laserowymi i innymi instrumentami.<\/p>\n<p>Dost\u0119pne w <a href=\"https:\/\/mountlaser.com\/pl\/contact-us\/\">wiele opcji wysoko\u015bci<\/a>\u2014od 45 cm do 300 cm \u2014 czarny statyw podwieszany BA3-160HP spe\u0142nia potrzeby szerokiego zakresu zastosowa\u0144 w budownictwie, geodezji i wyznaczaniu osi. Zosta\u0142 zaprojektowany z my\u015bl\u0105 o precyzyjnym poziomowaniu, co czyni go preferowanym wyborem dla profesjonalist\u00f3w ceni\u0105cych sobie trwa\u0142o\u015b\u0107 i precyzj\u0119.<\/p>\n<p><img fetchpriority=\"high\" decoding=\"async\" class=\"aligncenter wp-image-4031\" src=\"https:\/\/mountlaser.com\/wp-content\/uploads\/2025\/11\/B3160HP4.webp\" alt=\"BA3-160HP Black Elevator Tripod\" width=\"500\" height=\"500\" srcset=\"https:\/\/mountlaser.com\/wp-content\/uploads\/2025\/11\/B3160HP4.webp 1000w, https:\/\/mountlaser.com\/wp-content\/uploads\/2025\/11\/B3160HP4-300x300.webp 300w, https:\/\/mountlaser.com\/wp-content\/uploads\/2025\/11\/B3160HP4-400x400.webp 400w, https:\/\/mountlaser.com\/wp-content\/uploads\/2025\/11\/B3160HP4-800x800.webp 800w, https:\/\/mountlaser.com\/wp-content\/uploads\/2025\/11\/B3160HP4-600x600.webp 600w, https:\/\/mountlaser.com\/wp-content\/uploads\/2025\/11\/B3160HP4-150x150.webp 150w, https:\/\/mountlaser.com\/wp-content\/uploads\/2025\/11\/B3160HP4-768x768.webp 768w, https:\/\/mountlaser.com\/wp-content\/uploads\/2025\/11\/B3160HP4-12x12.webp 12w\" sizes=\"(max-width: 500px) 100vw, 500px\" \/><\/p>\n<p><strong>Specyfikacja czarnego statywu podnosz\u0105cego BA3-160HP<\/strong><\/p>\n<div>\n<table style=\"border-collapse: collapse; width: 564.02pt;\" border=\"0\" width=\"752\" cellspacing=\"0\" cellpadding=\"0\">\n<tbody>\n<tr style=\"height: 14.25pt;\">\n<td class=\"et2\" style=\"height: 14.25pt; width: 127.50pt;\" width=\"170\" height=\"19\">NUMER<\/td>\n<td class=\"et3\" style=\"width: 92.25pt;\" width=\"123\">KOLOR<\/td>\n<td class=\"et3\" style=\"width: 77.25pt;\" width=\"103\">TWORZYWO<\/td>\n<td class=\"et3\" style=\"width: 96.75pt;\" width=\"129\">WYSOKO\u015a\u0106<\/td>\n<td class=\"et3\" style=\"width: 170.25pt;\" width=\"227\">NITKA<\/td>\n<\/tr>\n<tr style=\"height: 14.25pt;\">\n<td class=\"et4\" style=\"height: 14.25pt;\" height=\"19\">EBA3-120\/150\/180 KM<\/td>\n<td class=\"et4\">Czarny<\/td>\n<td class=\"et4\">Aluminium<\/td>\n<td class=\"et4\">120\/150\/180 cm<\/td>\n<td class=\"et4\">G\u0142owica plastikowa 5\/8\u2033-11<\/td>\n<\/tr>\n<tr style=\"height: 14.25pt;\">\n<td class=\"et4\" style=\"height: 14.25pt;\" height=\"19\">BA3\/120\/160 KM<\/td>\n<td class=\"et4\">Czarny<\/td>\n<td class=\"et4\">Aluminium<\/td>\n<td class=\"et4\">120\/160 cm<\/td>\n<td class=\"et4\">G\u0142owica plastikowa 5\/8\u2033-11<\/td>\n<\/tr>\n<tr style=\"height: 14.25pt;\">\n<td class=\"et4\" style=\"height: 14.25pt;\" height=\"19\">BA3-180\/200HB<\/td>\n<td class=\"et4\">Czarny<\/td>\n<td class=\"et4\">Aluminium<\/td>\n<td class=\"et4\">180\/200 cm<\/td>\n<td class=\"et4\">Du\u017ca okr\u0105g\u0142a g\u0142\u00f3wka 5\/8\u2033-11<\/td>\n<\/tr>\n<tr style=\"height: 14.25pt;\">\n<td class=\"et4\" style=\"height: 14.25pt;\" height=\"19\">BA3-300HA<\/td>\n<td class=\"et4\">Czarny<\/td>\n<td class=\"et4\">Aluminium<\/td>\n<td class=\"et4\">300 cm<\/td>\n<td class=\"et4\">G\u0142owica aluminiowa 5\/8\u2033-11<\/td>\n<\/tr>\n<\/tbody>\n<\/table>\n<\/div>","protected":false},"excerpt":{"rendered":"<ul>\n<li>Materia\u0142: Tlenek aluminium zapewniaj\u0105cy lekko\u015b\u0107 i trwa\u0142o\u015b\u0107<\/li>\n<li>Kolor: Profesjonalne matowe wyko\u0144czenie w kolorze czarnym<\/li>\n<li>Typ stopy: podstawa w kszta\u0142cie podkowy z opcjonaln\u0105 gumow\u0105 pow\u0142ok\u0105 antypo\u015blizgow\u0105<\/li>\n<li>Zakres wysoko\u015bci: 0,45 m \u2013 3,0 m<\/li>\n<li>Opcja dodatkowa: Hak \u015brodkowy zapewniaj\u0105cy lepsz\u0105 stabilno\u015b\u0107<\/li>\n<\/ul>","protected":false},"featured_media":4028,"comment_status":"open","ping_status":"closed","template":"","meta":[],"product_brand":[],"product_cat":[122,94],"product_tag":[],"class_list":{"0":"post-4027","1":"product","2":"type-product","3":"status-publish","4":"has-post-thumbnail","6":"product_cat-laser-level-tripod","7":"product_cat-laser-level-accessory","9":"first","10":"instock","11":"shipping-taxable","12":"product-type-simple"},"_links":{"self":[{"href":"https:\/\/mountlaser.com\/pl\/wp-json\/wp\/v2\/product\/4027","targetHints":{"allow":["GET"]}}],"collection":[{"href":"https:\/\/mountlaser.com\/pl\/wp-json\/wp\/v2\/product"}],"about":[{"href":"https:\/\/mountlaser.com\/pl\/wp-json\/wp\/v2\/types\/product"}],"replies":[{"embeddable":true,"href":"https:\/\/mountlaser.com\/pl\/wp-json\/wp\/v2\/comments?post=4027"}],"wp:featuredmedia":[{"embeddable":true,"href":"https:\/\/mountlaser.com\/pl\/wp-json\/wp\/v2\/media\/4028"}],"wp:attachment":[{"href":"https:\/\/mountlaser.com\/pl\/wp-json\/wp\/v2\/media?parent=4027"}],"wp:term":[{"taxonomy":"product_brand","embeddable":true,"href":"https:\/\/mountlaser.com\/pl\/wp-json\/wp\/v2\/product_brand?post=4027"},{"taxonomy":"product_cat","embeddable":true,"href":"https:\/\/mountlaser.com\/pl\/wp-json\/wp\/v2\/product_cat?post=4027"},{"taxonomy":"product_tag","embeddable":true,"href":"https:\/\/mountlaser.com\/pl\/wp-json\/wp\/v2\/product_tag?post=4027"}],"curies":[{"name":"wp","href":"https:\/\/api.w.org\/{rel}","templated":true}]}}