{"id":3985,"date":"2025-11-11T07:06:43","date_gmt":"2025-11-11T07:06:43","guid":{"rendered":"https:\/\/mountlaser.com\/?post_type=product&#038;p=3985"},"modified":"2025-12-18T09:20:57","modified_gmt":"2025-12-18T09:20:57","slug":"sa2-150hp-silver-elevator-tripod","status":"publish","type":"product","link":"https:\/\/mountlaser.com\/pl\/produkt\/sa2-150hp-silver-elevator-tripod\/","title":{"rendered":"Statyw podnosz\u0105cy SA2-150HP Silver"},"content":{"rendered":"<p data-start=\"281\" data-end=\"787\">Ten <a href=\"https:\/\/mountlaser.com\/pl\/products\/\"><strong data-start=\"285\" data-end=\"321\">Statyw podnosz\u0105cy SA2-120HP Silver<\/strong><\/a> To wszechstronne i trwa\u0142e rozwi\u0105zanie wsporcze, zaprojektowane do profesjonalnych zada\u0144 zwi\u0105zanych z niwelacj\u0105 laserow\u0105 i geodezj\u0105. Wykonane z wysokiej jako\u015bci aluminium tlenku glinu, zapewnia doskona\u0142\u0105 wytrzyma\u0142o\u015b\u0107, a jednocze\u015bnie jest lekkie i odporne na korozj\u0119. Jako doskona\u0142a alternatywa w segmencie <a href=\"https:\/\/mountlaser.com\/pl\/\"><strong data-start=\"588\" data-end=\"622\">Czarny aluminiowy statyw podnosz\u0105cy<\/strong><\/a> W tej kategorii statyw podnosz\u0105cy SA2-120HP Silver Elevator oferuje tak\u0105 sam\u0105 stabilno\u015b\u0107 klasy profesjonalnej, jak r\u00f3wnie\u017c charakterystyczne srebrne wyko\u0144czenie i ulepszone mo\u017cliwo\u015bci konfiguracji.<\/p>\n<p data-start=\"789\" data-end=\"1342\">Zaprojektowany z nogami w kszta\u0142cie podkowy, statyw podnosz\u0105cy SA2-120HP Silver Elevator zapewnia mocn\u0105 przyczepno\u015b\u0107 i niezawodn\u0105 r\u00f3wnowag\u0119 na nier\u00f3wnym terenie. Konstrukcja ta gwarantuje stabilne pozycjonowanie laserowe, podobne do czarnego aluminiowego statywu podnosz\u0105cego, dzi\u0119ki czemu idealnie nadaje si\u0119 do prac budowlanych, instalacji wewn\u0119trznych i og\u00f3lnych prac niwelacyjnych. Dzi\u0119ki dost\u0119pnym wysoko\u015bciom 1,20 m, 1,50 m i 1,80 m, statyw podnosz\u0105cy SA2-120HP Silver Elevator z \u0142atwo\u015bci\u0105 dostosowuje si\u0119 do r\u00f3\u017cnych warunk\u00f3w pracy, zachowuj\u0105c jednocze\u015bnie wytrzyma\u0142o\u015b\u0107, jakiej mo\u017cna oczekiwa\u0107 od czarnego aluminiowego statywu podnosz\u0105cego.<\/p>\n<p data-start=\"1344\" data-end=\"1905\">Statyw podnoszony SA2-120HP Silver Elevator jest standardowo wyposa\u017cony w plastikow\u0105 g\u0142owic\u0119 z gwintem 5\/8\u2033-11, kompatybiln\u0105 z wi\u0119kszo\u015bci\u0105 niwelator\u00f3w laserowych i instrument\u00f3w geodezyjnych. Dla dodatkowej elastyczno\u015bci u\u017cytkownicy mog\u0105 wybra\u0107 opcjonalne g\u0142owice, w tym g\u0142owic\u0119 aluminiow\u0105, du\u017c\u0105, okr\u0105g\u0142\u0105, ocynkowan\u0105 g\u0142owic\u0119 lub zdejmowan\u0105 g\u0142owic\u0119 uchyln\u0105 z gwintem 1\/4\u2033-20. Opcjonalne akcesoria, takie jak uchwyt do przenoszenia i hak centralny, dodatkowo zwi\u0119kszaj\u0105 u\u017cyteczno\u015b\u0107, umo\u017cliwiaj\u0105c ustawienie statywu w odpowiednim po\u0142o\u017ceniu. <a href=\"https:\/\/mountlaser.com\/pl\/contact-us\/\">Statyw podnosz\u0105cy SA2-120HP Silver<\/a> jako elastyczna i wysokiej jako\u015bci alternatywa dla tradycyjnego, czarnego aluminiowego statywu podnosz\u0105cego.<\/p>\n<p><img fetchpriority=\"high\" decoding=\"async\" class=\"aligncenter wp-image-3990\" src=\"https:\/\/mountlaser.com\/wp-content\/uploads\/2025\/11\/S2150HP5.webp\" alt=\"SA2-120HP Silver Elevator Tripod\" width=\"500\" height=\"500\" srcset=\"https:\/\/mountlaser.com\/wp-content\/uploads\/2025\/11\/S2150HP5.webp 1000w, https:\/\/mountlaser.com\/wp-content\/uploads\/2025\/11\/S2150HP5-300x300.webp 300w, https:\/\/mountlaser.com\/wp-content\/uploads\/2025\/11\/S2150HP5-400x400.webp 400w, https:\/\/mountlaser.com\/wp-content\/uploads\/2025\/11\/S2150HP5-800x800.webp 800w, https:\/\/mountlaser.com\/wp-content\/uploads\/2025\/11\/S2150HP5-600x600.webp 600w, https:\/\/mountlaser.com\/wp-content\/uploads\/2025\/11\/S2150HP5-150x150.webp 150w, https:\/\/mountlaser.com\/wp-content\/uploads\/2025\/11\/S2150HP5-768x768.webp 768w, https:\/\/mountlaser.com\/wp-content\/uploads\/2025\/11\/S2150HP5-12x12.webp 12w\" sizes=\"(max-width: 500px) 100vw, 500px\" \/><\/p>\n<table width=\"818\">\n<tbody>\n<tr>\n<td width=\"170\">NUMER<\/td>\n<td width=\"123\">KOLOR<\/td>\n<td width=\"103\">TWORZYWO<\/td>\n<td width=\"129\">WYSOKO\u015a\u0106<\/td>\n<td width=\"293\">NITKA<\/td>\n<\/tr>\n<tr>\n<td>SA2-120\/150\/180 KM<\/td>\n<td>\u00a0Srebrny<\/td>\n<td>Aluminium<\/td>\n<td>120\/150\/180 cm<\/td>\n<td>G\u0142owica plastikowa 5\/8\u2033-11<\/td>\n<\/tr>\n<tr>\n<td>SA2-120\/150\/180HA<\/td>\n<td>\u00a0Srebrny<\/td>\n<td>Aluminium<\/td>\n<td>120\/150\/180 cm<\/td>\n<td>G\u0142owica aluminiowa 5\/8\u2033-11<\/td>\n<\/tr>\n<tr>\n<td>SA2-120\/150\/180HB<\/td>\n<td>\u00a0Srebrny<\/td>\n<td>Aluminium<\/td>\n<td>120\/150\/180 cm<\/td>\n<td>Du\u017ca okr\u0105g\u0142a g\u0142\u00f3wka 5\/8\u2033-11<\/td>\n<\/tr>\n<tr>\n<td>SA2-120\/150\/180HPR<\/td>\n<td>\u00a0Srebrny<\/td>\n<td>Aluminium<\/td>\n<td>120\/150\/180 cm<\/td>\n<td>G\u0142owica plastikowa 5\/8\u2033-11 + wyjmowana g\u0142owica uchylna 1\/4\u2033-20<\/td>\n<\/tr>\n<\/tbody>\n<\/table>","protected":false},"excerpt":{"rendered":"<ul>\n<li>Zapewnia stabilne i dok\u0142adne wsparcie dla poziomic laserowych i instrument\u00f3w geodezyjnych<\/li>\n<li>Regulacja wysoko\u015bci na wz\u00f3r windy umo\u017cliwia precyzyjne pozycjonowanie na wielu wysoko\u015bciach roboczych<\/li>\n<li>Stopy w kszta\u0142cie podkowy zwi\u0119kszaj\u0105 stabilno\u015b\u0107 na nier\u00f3wnych lub mi\u0119kkich powierzchniach<\/li>\n<li>R\u00f3\u017cnorodne opcje g\u0142owic zapewniaj\u0105 kompatybilno\u015b\u0107 z r\u00f3\u017cnymi instrumentami i zastosowaniami<\/li>\n<li>Opcjonalny uchwyt i \u015brodkowy hak u\u0142atwiaj\u0105 przenoszenie i zwi\u0119kszaj\u0105 wygod\u0119 w miejscu pracy<\/li>\n<\/ul>","protected":false},"featured_media":3989,"comment_status":"open","ping_status":"closed","template":"","meta":[],"product_brand":[],"product_cat":[94,122],"product_tag":[],"class_list":{"0":"post-3985","1":"product","2":"type-product","3":"status-publish","4":"has-post-thumbnail","6":"product_cat-laser-level-accessory","7":"product_cat-laser-level-tripod","9":"first","10":"instock","11":"shipping-taxable","12":"product-type-simple"},"_links":{"self":[{"href":"https:\/\/mountlaser.com\/pl\/wp-json\/wp\/v2\/product\/3985","targetHints":{"allow":["GET"]}}],"collection":[{"href":"https:\/\/mountlaser.com\/pl\/wp-json\/wp\/v2\/product"}],"about":[{"href":"https:\/\/mountlaser.com\/pl\/wp-json\/wp\/v2\/types\/product"}],"replies":[{"embeddable":true,"href":"https:\/\/mountlaser.com\/pl\/wp-json\/wp\/v2\/comments?post=3985"}],"wp:featuredmedia":[{"embeddable":true,"href":"https:\/\/mountlaser.com\/pl\/wp-json\/wp\/v2\/media\/3989"}],"wp:attachment":[{"href":"https:\/\/mountlaser.com\/pl\/wp-json\/wp\/v2\/media?parent=3985"}],"wp:term":[{"taxonomy":"product_brand","embeddable":true,"href":"https:\/\/mountlaser.com\/pl\/wp-json\/wp\/v2\/product_brand?post=3985"},{"taxonomy":"product_cat","embeddable":true,"href":"https:\/\/mountlaser.com\/pl\/wp-json\/wp\/v2\/product_cat?post=3985"},{"taxonomy":"product_tag","embeddable":true,"href":"https:\/\/mountlaser.com\/pl\/wp-json\/wp\/v2\/product_tag?post=3985"}],"curies":[{"name":"wp","href":"https:\/\/api.w.org\/{rel}","templated":true}]}}