{"id":3974,"date":"2025-11-11T06:03:38","date_gmt":"2025-11-11T06:03:38","guid":{"rendered":"https:\/\/mountlaser.com\/?post_type=product&#038;p=3974"},"modified":"2025-12-18T07:00:10","modified_gmt":"2025-12-18T07:00:10","slug":"sa11-050f-silver-mini-elevator-tripod","status":"publish","type":"product","link":"https:\/\/mountlaser.com\/pl\/produkt\/sa11-050f-silver-mini-elevator-tripod\/","title":{"rendered":"SA11-050F Srebrny miniaturowy statyw podnosz\u0105cy"},"content":{"rendered":"<p>Ten <a href=\"https:\/\/mountlaser.com\/pl\/\"><strong>Srebrny mini statyw do windy<\/strong><\/a> jest kompaktowy i trwa\u0142y <a href=\"https:\/\/mountlaser.com\/pl\/products\/\"><strong>Statyw do poziomicy laserowej z g\u0142owic\u0105 uchyln\u0105 SA11-050F<\/strong><\/a> Zaprojektowany dla profesjonalist\u00f3w, kt\u00f3rzy wymagaj\u0105 precyzji w lekkiej formie. Wykonany z tlenku aluminium, ten statyw \u0142\u0105czy w sobie wytrzyma\u0142o\u015b\u0107 i mobilno\u015b\u0107, dzi\u0119ki czemu idealnie nadaje si\u0119 do niwelacji laserowej, instalacji wewn\u0119trznych i precyzyjnych pomiar\u00f3w.<\/p>\n<p>Zaprojektowany w stylowym srebrnym wyko\u0144czeniu, statyw Silver Mini Elevator posiada sta\u0142\u0105, uchyln\u0105 g\u0142owic\u0119 z wyjmowanym gwintem 1\/4\u2033-20, co pozwala u\u017cytkownikom na \u0142atw\u0105 regulacj\u0119 k\u0105t\u00f3w lasera i monta\u017c r\u00f3\u017cnych narz\u0119dzi niwelacyjnych. Dost\u0119pny w wersjach o wysoko\u015bci 50 cm i 100 cm, statyw SA11-050F z uchyln\u0105 g\u0142owic\u0105 laserow\u0105 zapewnia elastyczno\u015b\u0107 zar\u00f3wno przy pomiarach sto\u0142owych, jak i na ma\u0142ej wysoko\u015bci, gwarantuj\u0105c optymaln\u0105 dok\u0142adno\u015b\u0107 w ciasnych lub wymagaj\u0105cych du\u017cej precyzji przestrzeniach roboczych.<\/p>\n<p>Ten <a href=\"https:\/\/mountlaser.com\/pl\/contact-us\/\">Srebrny mini statyw do windy<\/a>\u2019Stabilna aluminiowa rama i precyzyjna regulacja nachylenia sprawiaj\u0105, \u017ce jest to doskona\u0142y wyb\u00f3r dla wykonawc\u00f3w, in\u017cynier\u00f3w i geodet\u00f3w, kt\u00f3rzy ceni\u0105 sobie stabilno\u015b\u0107 i kontrol\u0119 w kompaktowych przestrzeniach.<\/p>\n<p><img fetchpriority=\"high\" decoding=\"async\" class=\"aligncenter wp-image-3976\" src=\"https:\/\/mountlaser.com\/wp-content\/uploads\/2025\/11\/S110502.webp\" alt=\"SA11-050F Silver Mini Elevator Tripod\" width=\"500\" height=\"500\" srcset=\"https:\/\/mountlaser.com\/wp-content\/uploads\/2025\/11\/S110502.webp 1000w, https:\/\/mountlaser.com\/wp-content\/uploads\/2025\/11\/S110502-300x300.webp 300w, https:\/\/mountlaser.com\/wp-content\/uploads\/2025\/11\/S110502-400x400.webp 400w, https:\/\/mountlaser.com\/wp-content\/uploads\/2025\/11\/S110502-800x800.webp 800w, https:\/\/mountlaser.com\/wp-content\/uploads\/2025\/11\/S110502-600x600.webp 600w, https:\/\/mountlaser.com\/wp-content\/uploads\/2025\/11\/S110502-150x150.webp 150w, https:\/\/mountlaser.com\/wp-content\/uploads\/2025\/11\/S110502-768x768.webp 768w, https:\/\/mountlaser.com\/wp-content\/uploads\/2025\/11\/S110502-12x12.webp 12w\" sizes=\"(max-width: 500px) 100vw, 500px\" \/><\/p>\n<div>\n<table style=\"border-collapse: collapse; width: 1034.28pt;\" border=\"0\" width=\"1379\" cellspacing=\"0\" cellpadding=\"0\">\n<tbody>\n<tr style=\"height: 17.25pt;\">\n<td class=\"et2\" style=\"height: 17.25pt; width: 322.50pt;\" width=\"430\" height=\"23\">NUMER<\/td>\n<td class=\"et3\" style=\"width: 309.00pt;\" width=\"412\">KOLOR<\/td>\n<td class=\"et4\" style=\"width: 88.50pt;\" width=\"118\">TWORZYWO<\/td>\n<td class=\"et4\" style=\"width: 138.00pt;\" width=\"184\">WYSOKO\u015a\u0106<\/td>\n<td class=\"et4\" style=\"width: 176.25pt;\" width=\"235\">NITKA<\/td>\n<\/tr>\n<tr style=\"height: 17.25pt;\">\n<td class=\"et5\" style=\"height: 17.25pt;\" height=\"23\">SA11-050F<\/td>\n<td class=\"et5\">Srebrny<\/td>\n<td class=\"et4\">Aluminium<\/td>\n<td class=\"et5\">50 cm<\/td>\n<td class=\"et5\">G\u0142owica sta\u0142a z mo\u017cliwo\u015bci\u0105 pochylenia, gwint 1\/4\u2033-20<\/td>\n<\/tr>\n<tr style=\"height: 17.25pt;\">\n<td class=\"et5\" style=\"height: 17.25pt;\" height=\"23\">SA11-100F<\/td>\n<td class=\"et5\">Srebrny<\/td>\n<td class=\"et4\">Aluminium<\/td>\n<td class=\"et5\">100 cm<\/td>\n<td class=\"et5\">G\u0142owica sta\u0142a z mo\u017cliwo\u015bci\u0105 pochylenia, gwint 1\/4\u2033-20<\/td>\n<\/tr>\n<\/tbody>\n<\/table>\n<\/div>","protected":false},"excerpt":{"rendered":"<ul>\n<li>Materia\u0142: Tlenek aluminium zapewniaj\u0105cy trwa\u0142o\u015b\u0107 i lekko\u015b\u0107<\/li>\n<li>Kolor: Profesjonalne wyko\u0144czenie w kolorze srebrnym<\/li>\n<li>Typ g\u0142owicy: sta\u0142a, odchylana g\u0142owica z wyjmowanym gwintem 1\/4\u2033-20<\/li>\n<li>Opcje wysoko\u015bci: 50 cm \/ 100 cm (mo\u017cliwo\u015b\u0107 dostosowania)<\/li>\n<li>Konstrukcja: Kompaktowa i stabilna, idealna do u\u017cytku na ma\u0142ej wysoko\u015bci lub na stole<\/li>\n<\/ul>","protected":false},"featured_media":3976,"comment_status":"open","ping_status":"closed","template":"","meta":[],"product_brand":[],"product_cat":[94,122],"product_tag":[],"class_list":{"0":"post-3974","1":"product","2":"type-product","3":"status-publish","4":"has-post-thumbnail","6":"product_cat-laser-level-accessory","7":"product_cat-laser-level-tripod","9":"first","10":"instock","11":"shipping-taxable","12":"product-type-simple"},"_links":{"self":[{"href":"https:\/\/mountlaser.com\/pl\/wp-json\/wp\/v2\/product\/3974","targetHints":{"allow":["GET"]}}],"collection":[{"href":"https:\/\/mountlaser.com\/pl\/wp-json\/wp\/v2\/product"}],"about":[{"href":"https:\/\/mountlaser.com\/pl\/wp-json\/wp\/v2\/types\/product"}],"replies":[{"embeddable":true,"href":"https:\/\/mountlaser.com\/pl\/wp-json\/wp\/v2\/comments?post=3974"}],"wp:featuredmedia":[{"embeddable":true,"href":"https:\/\/mountlaser.com\/pl\/wp-json\/wp\/v2\/media\/3976"}],"wp:attachment":[{"href":"https:\/\/mountlaser.com\/pl\/wp-json\/wp\/v2\/media?parent=3974"}],"wp:term":[{"taxonomy":"product_brand","embeddable":true,"href":"https:\/\/mountlaser.com\/pl\/wp-json\/wp\/v2\/product_brand?post=3974"},{"taxonomy":"product_cat","embeddable":true,"href":"https:\/\/mountlaser.com\/pl\/wp-json\/wp\/v2\/product_cat?post=3974"},{"taxonomy":"product_tag","embeddable":true,"href":"https:\/\/mountlaser.com\/pl\/wp-json\/wp\/v2\/product_tag?post=3974"}],"curies":[{"name":"wp","href":"https:\/\/api.w.org\/{rel}","templated":true}]}}