{"id":3955,"date":"2025-11-11T05:43:10","date_gmt":"2025-11-11T05:43:10","guid":{"rendered":"https:\/\/mountlaser.com\/?post_type=product&#038;p=3955"},"modified":"2025-12-18T08:11:52","modified_gmt":"2025-12-18T08:11:52","slug":"ba5-120-150hf-black-elevator-tripod","status":"publish","type":"product","link":"https:\/\/mountlaser.com\/pl\/produkt\/ba5-120-150hf-black-elevator-tripod\/","title":{"rendered":"Statyw podnosz\u0105cy BA5-120\/150HF w kolorze czarnym"},"content":{"rendered":"<p>Ten <a href=\"https:\/\/mountlaser.com\/pl\/\"><strong>Czarny statyw do windy<\/strong><\/a> jest trwa\u0142y i profesjonalny <a href=\"https:\/\/mountlaser.com\/pl\/products\/\"><strong>Statyw do poziomicy laserowej z pochylon\u0105 g\u0142owic\u0105<\/strong> <\/a>Zaprojektowany, aby zapewni\u0107 doskona\u0142\u0105 stabilno\u015b\u0107, precyzj\u0119 i elastyczno\u015b\u0107 podczas prac zwi\u0105zanych z niwelacj\u0105 laserow\u0105 i geodezj\u0105. Wykonany z wysokiej jako\u015bci aluminium oksydowanego, ten czarny statyw podnosz\u0105cy gwarantuje d\u0142ugotrwa\u0142\u0105 wytrzyma\u0142o\u015b\u0107, zachowuj\u0105c jednocze\u015bnie lekk\u0105 konstrukcj\u0119, co u\u0142atwia przenoszenie.<\/p>\n<p>Statyw Black Elevator posiada sta\u0142\u0105, pochylan\u0105 g\u0142owic\u0119 z wyjmowanym gwintem 1\/4\u2033-20, co pozwala u\u017cytkownikom na \u0142atw\u0105 regulacj\u0119 k\u0105ta nachylenia instrumentu i bezpieczny monta\u017c r\u00f3\u017cnego rodzaju niwelator\u00f3w laserowych i urz\u0105dze\u0144 pomiarowych. Konstrukcja stopy w kszta\u0142cie podkowy zapewnia pewny chwyt na nier\u00f3wnych lub szorstkich powierzchniach, gwarantuj\u0105c stabilno\u015b\u0107 w ka\u017cdym \u015brodowisku pracy.<\/p>\n<p><img fetchpriority=\"high\" decoding=\"async\" class=\"aligncenter wp-image-3959\" src=\"https:\/\/mountlaser.com\/wp-content\/uploads\/2025\/11\/B5120HF4.webp\" alt=\"BA5-120HF BLACK ELEVATOR TRIPOD\" width=\"500\" height=\"500\" srcset=\"https:\/\/mountlaser.com\/wp-content\/uploads\/2025\/11\/B5120HF4.webp 1000w, https:\/\/mountlaser.com\/wp-content\/uploads\/2025\/11\/B5120HF4-300x300.webp 300w, https:\/\/mountlaser.com\/wp-content\/uploads\/2025\/11\/B5120HF4-400x400.webp 400w, https:\/\/mountlaser.com\/wp-content\/uploads\/2025\/11\/B5120HF4-800x800.webp 800w, https:\/\/mountlaser.com\/wp-content\/uploads\/2025\/11\/B5120HF4-600x600.webp 600w, https:\/\/mountlaser.com\/wp-content\/uploads\/2025\/11\/B5120HF4-150x150.webp 150w, https:\/\/mountlaser.com\/wp-content\/uploads\/2025\/11\/B5120HF4-768x768.webp 768w, https:\/\/mountlaser.com\/wp-content\/uploads\/2025\/11\/B5120HF4-12x12.webp 12w\" sizes=\"(max-width: 500px) 100vw, 500px\" \/><\/p>\n<p>Dost\u0119pne w d\u0142ugo\u015bciach 120 cm i 150 cm <a href=\"https:\/\/mountlaser.com\/pl\/contact-us\/\">opcje wysoko\u015bci<\/a>, Statyw z uchyln\u0105 g\u0142owic\u0105 laserow\u0105 mo\u017cna r\u00f3wnie\u017c dostosowa\u0107 do konkretnych potrzeb pomiarowych. Eleganckie, oksydowane na czarno wyko\u0144czenie nie tylko podkre\u015bla jego profesjonalny wygl\u0105d, ale tak\u017ce zapewnia odporno\u015b\u0107 na korozj\u0119 i zu\u017cycie \u2013 dzi\u0119ki czemu jest niezawodnym towarzyszem zar\u00f3wno w projektach pomiarowych wewn\u0105trz, jak i na zewn\u0105trz.<\/p>\n<table style=\"height: 241px;\" width=\"862\">\n<tbody>\n<tr>\n<td width=\"170\">NUMER<\/td>\n<td width=\"123\">KOLOR<\/td>\n<td width=\"103\">TWORZYWO<\/td>\n<td width=\"96\">WYSOKO\u015a\u0106<\/td>\n<td width=\"227\">NITKA<\/td>\n<\/tr>\n<tr>\n<td>BS5-120HF<\/td>\n<td>Czarny<\/td>\n<td>Stal<\/td>\n<td>120 cm<\/td>\n<td rowspan=\"4\" width=\"227\">\u00a0Sta\u0142a g\u0142owica uchylna z wyjmowanym gwintem 1\/4\u2033-20<\/td>\n<\/tr>\n<tr>\n<td>BS5-150HF<\/td>\n<td>Czarny<\/td>\n<td>Stal<\/td>\n<td>150 cm<\/td>\n<\/tr>\n<tr>\n<td>BA5-120HF<\/td>\n<td>Czarny<\/td>\n<td>Aluminium<\/td>\n<td>120 cm<\/td>\n<\/tr>\n<tr>\n<td>BA5-150HF<\/td>\n<td>Czarny<\/td>\n<td>Aluminium<\/td>\n<td>150 cm<\/td>\n<\/tr>\n<\/tbody>\n<\/table>\n<p>&nbsp;<\/p>","protected":false},"excerpt":{"rendered":"<ul>\n<li>Typ g\u0142owicy: sta\u0142a, odchylana g\u0142owica z wyjmowanym gwintem 1\/4\u2033-20<\/li>\n<li>Opcje wysoko\u015bci: 120 cm \/ 150 cm (mo\u017cliwo\u015b\u0107 dostosowania)<\/li>\n<li>Konstrukcja stopy: w stylu podkowy, zapewniaj\u0105ca pewny kontakt z pod\u0142o\u017cem<\/li>\n<li>Kolor: Eleganckie czarne wyko\u0144czenie zapewniaj\u0105ce profesjonalny wygl\u0105d<\/li>\n<\/ul>","protected":false},"featured_media":3966,"comment_status":"open","ping_status":"closed","template":"","meta":[],"product_brand":[],"product_cat":[94,122],"product_tag":[],"class_list":{"0":"post-3955","1":"product","2":"type-product","3":"status-publish","4":"has-post-thumbnail","6":"product_cat-laser-level-accessory","7":"product_cat-laser-level-tripod","9":"first","10":"instock","11":"shipping-taxable","12":"product-type-simple"},"_links":{"self":[{"href":"https:\/\/mountlaser.com\/pl\/wp-json\/wp\/v2\/product\/3955","targetHints":{"allow":["GET"]}}],"collection":[{"href":"https:\/\/mountlaser.com\/pl\/wp-json\/wp\/v2\/product"}],"about":[{"href":"https:\/\/mountlaser.com\/pl\/wp-json\/wp\/v2\/types\/product"}],"replies":[{"embeddable":true,"href":"https:\/\/mountlaser.com\/pl\/wp-json\/wp\/v2\/comments?post=3955"}],"wp:featuredmedia":[{"embeddable":true,"href":"https:\/\/mountlaser.com\/pl\/wp-json\/wp\/v2\/media\/3966"}],"wp:attachment":[{"href":"https:\/\/mountlaser.com\/pl\/wp-json\/wp\/v2\/media?parent=3955"}],"wp:term":[{"taxonomy":"product_brand","embeddable":true,"href":"https:\/\/mountlaser.com\/pl\/wp-json\/wp\/v2\/product_brand?post=3955"},{"taxonomy":"product_cat","embeddable":true,"href":"https:\/\/mountlaser.com\/pl\/wp-json\/wp\/v2\/product_cat?post=3955"},{"taxonomy":"product_tag","embeddable":true,"href":"https:\/\/mountlaser.com\/pl\/wp-json\/wp\/v2\/product_tag?post=3955"}],"curies":[{"name":"wp","href":"https:\/\/api.w.org\/{rel}","templated":true}]}}