{"id":3952,"date":"2025-11-11T03:10:14","date_gmt":"2025-11-11T03:10:14","guid":{"rendered":"https:\/\/mountlaser.com\/?post_type=product&#038;p=3952"},"modified":"2025-12-18T09:03:46","modified_gmt":"2025-12-18T09:03:46","slug":"sa1-045hp-silver-elevator-tripod","status":"publish","type":"product","link":"https:\/\/mountlaser.com\/pl\/produkt\/sa1-045hp-silver-elevator-tripod\/","title":{"rendered":"SA1-045HP SREBRNY STATYW PODNO\u015aNIKOWY"},"content":{"rendered":"<p data-start=\"300\" data-end=\"814\">Ten <a href=\"https:\/\/mountlaser.com\/pl\/\"><strong data-start=\"304\" data-end=\"340\">SA1-045HP SREBRNY STATYW PODNO\u015aNIKOWY<\/strong><\/a> to praktyczne i ekonomiczne rozwi\u0105zanie wspomagaj\u0105ce przeznaczone dla u\u017cytkownik\u00f3w niwelator\u00f3w laserowych, kt\u00f3rzy wymagaj\u0105 niezawodno\u015bci bez wysokich koszt\u00f3w. <a href=\"https:\/\/mountlaser.com\/pl\/products\/\"><strong data-start=\"472\" data-end=\"503\">Ekonomiczny statyw do poziomicy laserowej<\/strong><\/a>, Posiada lekk\u0105 konstrukcj\u0119 z tlenku aluminium w po\u0142\u0105czeniu ze stabiln\u0105 stop\u0105 w kszta\u0142cie podkowy, dzi\u0119ki czemu idealnie nadaje si\u0119 do poziomowania zar\u00f3wno wewn\u0105trz, jak i na zewn\u0105trz. STATYW SA1-045HP SILVER ELEVATOR zapewnia niezawodn\u0105 prac\u0119, zachowuj\u0105c jednocze\u015bnie doskona\u0142\u0105 warto\u015b\u0107 jako ekonomiczny statyw do poziomowania laserowego.<\/p>\n<p data-start=\"816\" data-end=\"1412\">Wyko\u0144czony w profesjonalnym srebrnym kolorze, statyw SA1-045HP SILVER ELEVATOR jest wykonany z wytrzyma\u0142ego aluminium oksydowanego, co zapewnia odporno\u015b\u0107 na korozj\u0119 i d\u0142ug\u0105 \u017cywotno\u015b\u0107. Ten ekonomiczny statyw do poziomicy laserowej jest standardowo wyposa\u017cony w plastikow\u0105 g\u0142owic\u0119 z gwintem 5\/8\u2033-11, co zapewnia kompatybilno\u015b\u0107 z wi\u0119kszo\u015bci\u0105 poziomic laserowych i instrument\u00f3w geodezyjnych. Dla u\u017cytkownik\u00f3w wymagaj\u0105cych wi\u0119kszej elastyczno\u015bci, statyw SA1-045HP SILVER ELEVATOR jest r\u00f3wnie\u017c dost\u0119pny z opcjonaln\u0105, odchylan\u0105 g\u0142owic\u0105 z od\u0142\u0105czanym gwintem 1\/4\u2033-20, co dodatkowo zwi\u0119ksza jego wszechstronno\u015b\u0107 jako ekonomicznego statywu do poziomicy laserowej.<\/p>\n<p data-start=\"1414\" data-end=\"1873\">Dzi\u0119ki wielu dost\u0119pnym wysoko\u015bciom: 0,45 m, 1,20 m i 1,50 m, statyw SA1-045HP SILVER ELEVATOR z \u0142atwo\u015bci\u0105 dopasowuje si\u0119 do r\u00f3\u017cnych wymaga\u0144 placu budowy. Stopy w kszta\u0142cie podkowy poprawiaj\u0105 przyczepno\u015b\u0107 i stabilno\u015b\u0107, gwarantuj\u0105c precyzyjne pozycjonowanie lasera nawet na nier\u00f3wnych powierzchniach. Zaprojektowany do prac budowlanych, wyka\u0144czania wn\u0119trz i og\u00f3lnych prac niwelacyjnych, ten statyw jest idealny do prac w terenie. <a href=\"https:\/\/mountlaser.com\/pl\/contact-us\/\">Ekonomiczny statyw do poziomicy laserowej<\/a> oferuje inteligentne po\u0142\u0105czenie wydajno\u015bci, przeno\u015bno\u015bci i przyst\u0119pnej ceny.<\/p>\n<p><img fetchpriority=\"high\" decoding=\"async\" class=\"aligncenter wp-image-3945\" src=\"https:\/\/mountlaser.com\/wp-content\/uploads\/2025\/11\/S11503.webp\" alt=\"SA1-045HP SILVER ELEVATOR TRIPOD\" width=\"500\" height=\"500\" srcset=\"https:\/\/mountlaser.com\/wp-content\/uploads\/2025\/11\/S11503.webp 1000w, https:\/\/mountlaser.com\/wp-content\/uploads\/2025\/11\/S11503-300x300.webp 300w, https:\/\/mountlaser.com\/wp-content\/uploads\/2025\/11\/S11503-400x400.webp 400w, https:\/\/mountlaser.com\/wp-content\/uploads\/2025\/11\/S11503-800x800.webp 800w, https:\/\/mountlaser.com\/wp-content\/uploads\/2025\/11\/S11503-600x600.webp 600w, https:\/\/mountlaser.com\/wp-content\/uploads\/2025\/11\/S11503-150x150.webp 150w, https:\/\/mountlaser.com\/wp-content\/uploads\/2025\/11\/S11503-768x768.webp 768w, https:\/\/mountlaser.com\/wp-content\/uploads\/2025\/11\/S11503-12x12.webp 12w\" sizes=\"(max-width: 500px) 100vw, 500px\" \/><\/p>\n<p>&nbsp;<\/p>\n<div>\n<table style=\"border-collapse: collapse; width: 613.52pt;\" border=\"0\" width=\"818\" cellspacing=\"0\" cellpadding=\"0\">\n<tbody>\n<tr style=\"height: 14.25pt;\">\n<td class=\"et2\" style=\"height: 14.25pt; width: 127.50pt;\" width=\"170\" height=\"19\">NUMER<\/td>\n<td class=\"et3\" style=\"width: 92.25pt;\" width=\"123\">KOLOR<\/td>\n<td class=\"et3\" style=\"width: 77.25pt;\" width=\"103\">TWORZYWO<\/td>\n<td class=\"et3\" style=\"width: 96.75pt;\" width=\"129\">WYSOKO\u015a\u0106<\/td>\n<td class=\"et3\" style=\"width: 219.75pt;\" width=\"293\">NITKA<\/td>\n<\/tr>\n<tr style=\"height: 14.25pt;\">\n<td class=\"et4\" style=\"height: 14.25pt;\" height=\"19\">SA1-045\/120\/150HP<\/td>\n<td class=\"et4\">Srebrny<\/td>\n<td class=\"et4\">Aluminium<\/td>\n<td class=\"et4\">45\/120\/150 cm<\/td>\n<td class=\"et4\">G\u0142owica plastikowa 5\/8\u2033-11<\/td>\n<\/tr>\n<tr style=\"height: 14.25pt;\">\n<td class=\"et4\" style=\"height: 14.25pt;\" height=\"19\">SA1-045\/120\/150HPR<\/td>\n<td class=\"et4\">Srebrny<\/td>\n<td class=\"et4\">Aluminium<\/td>\n<td class=\"et4\">45\/120\/150 cm<\/td>\n<td class=\"et4\">G\u0142owica plastikowa 5\/8\u2033-11 + wyjmowana g\u0142owica uchylna 1\/4\u2033-20<\/td>\n<\/tr>\n<\/tbody>\n<\/table>\n<\/div>","protected":false},"excerpt":{"rendered":"<ul>\n<li>Zapewnia stabilne i niezawodne wsparcie dla poziomic laserowych podczas prac wyr\u00f3wnuj\u0105cych i uk\u0142adaj\u0105cych<\/li>\n<li>Regulacja wysoko\u015bci na wz\u00f3r windy umo\u017cliwia precyzyjne pozycjonowanie na r\u00f3\u017cnych wysoko\u015bciach roboczych<\/li>\n<li>Stopy w kszta\u0142cie podkowy zwi\u0119kszaj\u0105 stabilno\u015b\u0107 na nier\u00f3wnym lub mi\u0119kkim pod\u0142o\u017cu<\/li>\n<li>G\u0142owica z tworzywa sztucznego z gwintem 5\/8\u2033-11 zapewnia szerok\u0105 kompatybilno\u015b\u0107 z instrumentami<\/li>\n<li>Opcjonalna, zdejmowana g\u0142owica uchylna z gwintem 1\/4\u2033-20 zwi\u0119ksza elastyczno\u015b\u0107 w r\u00f3\u017cnych zastosowaniach<\/li>\n<\/ul>","protected":false},"featured_media":3944,"comment_status":"open","ping_status":"closed","template":"","meta":[],"product_brand":[],"product_cat":[94,122],"product_tag":[],"class_list":{"0":"post-3952","1":"product","2":"type-product","3":"status-publish","4":"has-post-thumbnail","6":"product_cat-laser-level-accessory","7":"product_cat-laser-level-tripod","9":"first","10":"instock","11":"shipping-taxable","12":"product-type-simple"},"_links":{"self":[{"href":"https:\/\/mountlaser.com\/pl\/wp-json\/wp\/v2\/product\/3952","targetHints":{"allow":["GET"]}}],"collection":[{"href":"https:\/\/mountlaser.com\/pl\/wp-json\/wp\/v2\/product"}],"about":[{"href":"https:\/\/mountlaser.com\/pl\/wp-json\/wp\/v2\/types\/product"}],"replies":[{"embeddable":true,"href":"https:\/\/mountlaser.com\/pl\/wp-json\/wp\/v2\/comments?post=3952"}],"wp:featuredmedia":[{"embeddable":true,"href":"https:\/\/mountlaser.com\/pl\/wp-json\/wp\/v2\/media\/3944"}],"wp:attachment":[{"href":"https:\/\/mountlaser.com\/pl\/wp-json\/wp\/v2\/media?parent=3952"}],"wp:term":[{"taxonomy":"product_brand","embeddable":true,"href":"https:\/\/mountlaser.com\/pl\/wp-json\/wp\/v2\/product_brand?post=3952"},{"taxonomy":"product_cat","embeddable":true,"href":"https:\/\/mountlaser.com\/pl\/wp-json\/wp\/v2\/product_cat?post=3952"},{"taxonomy":"product_tag","embeddable":true,"href":"https:\/\/mountlaser.com\/pl\/wp-json\/wp\/v2\/product_tag?post=3952"}],"curies":[{"name":"wp","href":"https:\/\/api.w.org\/{rel}","templated":true}]}}