{"id":3932,"date":"2025-11-11T01:26:15","date_gmt":"2025-11-11T01:26:15","guid":{"rendered":"https:\/\/mountlaser.com\/?post_type=product&#038;p=3932"},"modified":"2025-11-27T06:19:58","modified_gmt":"2025-11-27T06:19:58","slug":"gps-extension-pole","status":"publish","type":"product","link":"https:\/\/mountlaser.com\/pl\/produkt\/gps-extension-pole\/","title":{"rendered":"Przed\u0142u\u017cacz GPS"},"content":{"rendered":"<p>Przed\u0142u\u017cacze GPS dost\u0119pne s\u0105 w dw\u00f3ch materia\u0142ach: aluminiowych i z w\u0142\u00f3kna w\u0119glowego.<\/p>\n<p>Ten <a href=\"https:\/\/mountlaser.com\/pl\/products\/\"><strong>Przed\u0142u\u017cacz do GNSS<\/strong> <\/a>To precyzyjnie zaprojektowany dodatek zapewniaj\u0105cy stabilne i regulowane podparcie dla odbiornik\u00f3w GNSS, tachimetr\u00f3w i instrument\u00f3w laserowych. Wykonany z wysokiej jako\u015bci materia\u0142\u00f3w, w tym aluminiowego dr\u0105\u017cka przed\u0142u\u017caj\u0105cego, wysokiej jako\u015bci w\u0142\u00f3kna w\u0119glowego i w\u0142\u00f3kna w\u0119glowego Toray 100%, zapewnia profesjonaln\u0105 geodetom wyj\u0105tkow\u0105 wytrzyma\u0142o\u015b\u0107, stabilno\u015b\u0107 i lekko\u015b\u0107.<\/p>\n<p>Ten <a href=\"https:\/\/mountlaser.com\/pl\/about-us\/\"><strong>Przed\u0142u\u017cka z w\u0142\u00f3kna w\u0119glowego<\/strong> <\/a>Przeznaczony do precyzyjnych pomiar\u00f3w i prac geodezyjnych, wymagaj\u0105cych lekkiej konstrukcji, wytrzyma\u0142o\u015bci i wyj\u0105tkowej stabilno\u015bci. Wykonany z wysokiej jako\u015bci w\u0142\u00f3kna w\u0119glowego, ten przed\u0142u\u017cacz z w\u0142\u00f3kna w\u0119glowego oferuje doskona\u0142\u0105 sztywno\u015b\u0107, a jednocze\u015bnie znacznie redukuje wag\u0119 ca\u0142kowit\u0105, dzi\u0119ki czemu jest \u0142atwy w transporcie i idealny do d\u0142ugotrwa\u0142ych prac w terenie.<\/p>\n<p>Ka\u017cdy wysi\u0119gnik do GNSS jest wyposa\u017cony w gwint m\u0119ski i \u017ce\u0144ski 5\/8\u2033-11, co zapewnia uniwersaln\u0105 kompatybilno\u015b\u0107 z r\u00f3\u017cnymi instrumentami i adapterami. Dost\u0119pny w r\u00f3\u017cnych d\u0142ugo\u015bciach od 15 cm do 100 cm i \u015brednicach 25 mm lub 32 mm, umo\u017cliwia elastyczn\u0105 regulacj\u0119 wysoko\u015bci, dostosowuj\u0105c si\u0119 do zr\u00f3\u017cnicowanych wymaga\u0144 terenowych. Wersja z aluminium oferuje doskona\u0142\u0105 r\u00f3wnowag\u0119 mi\u0119dzy wytrzyma\u0142o\u015bci\u0105 a wag\u0105, a modele z w\u0142\u00f3kna w\u0119glowego gwarantuj\u0105 maksymaln\u0105 sztywno\u015b\u0107 przy minimalnym obci\u0105\u017ceniu.<\/p>\n<p><!--StartFragment --><\/p>\n<p class=\"pf0\"><span class=\"cf0\"><a href=\"https:\/\/mountlaser.com\/pl\/contact-us\/\">Przed\u0142u\u017cacz GPS<\/a>, znany r\u00f3wnie\u017c jako przed\u0142u\u017cacz GPS, wyst\u0119puje w trzech kolorach:<\/span><\/p>\n<p class=\"pf0\"><span class=\"cf0\">Przed\u0142u\u017cacz GPS \u2013 \u017c\u00f3\u0142ty<\/span><\/p>\n<p class=\"pf0\">Przed\u0142u\u017cacz GPS \u2013 szary<\/p>\n<p class=\"pf0\"><span class=\"cf0\">Przed\u0142u\u017cacz GPS \u2013 zielony<\/span><\/p>\n<p><!--EndFragment --><\/p>\n<p><img fetchpriority=\"high\" decoding=\"async\" class=\"aligncenter wp-image-3935\" src=\"https:\/\/mountlaser.com\/wp-content\/uploads\/2025\/11\/Extension-Pole3.webp\" alt=\"Extension Pole for GNSS\" width=\"500\" height=\"500\" srcset=\"https:\/\/mountlaser.com\/wp-content\/uploads\/2025\/11\/Extension-Pole3.webp 1000w, https:\/\/mountlaser.com\/wp-content\/uploads\/2025\/11\/Extension-Pole3-300x300.webp 300w, https:\/\/mountlaser.com\/wp-content\/uploads\/2025\/11\/Extension-Pole3-400x400.webp 400w, https:\/\/mountlaser.com\/wp-content\/uploads\/2025\/11\/Extension-Pole3-800x800.webp 800w, https:\/\/mountlaser.com\/wp-content\/uploads\/2025\/11\/Extension-Pole3-600x600.webp 600w, https:\/\/mountlaser.com\/wp-content\/uploads\/2025\/11\/Extension-Pole3-150x150.webp 150w, https:\/\/mountlaser.com\/wp-content\/uploads\/2025\/11\/Extension-Pole3-768x768.webp 768w, https:\/\/mountlaser.com\/wp-content\/uploads\/2025\/11\/Extension-Pole3-12x12.webp 12w\" sizes=\"(max-width: 500px) 100vw, 500px\" \/><\/p>\n<p><strong>Specyfikacje dr\u0105\u017cka przed\u0142u\u017caj\u0105cego do GNSS<\/strong><\/p>\n<div>\n<table style=\"border-collapse: collapse; width: 1034.28pt;\" border=\"0\" width=\"1379\" cellspacing=\"0\" cellpadding=\"0\">\n<tbody>\n<tr style=\"height: 14.25pt;\">\n<td class=\"et2\" style=\"height: 14.25pt; width: 322.50pt;\" width=\"430\" height=\"19\">NUMER<\/td>\n<td class=\"et2\" style=\"width: 309.00pt;\" width=\"412\">TWORZYWO<\/td>\n<td class=\"et2\" style=\"width: 88.50pt;\" width=\"118\">\u015aREDNICA<\/td>\n<td class=\"et3\" style=\"width: 138.00pt;\" width=\"184\">D\u0141UGO\u015a\u0106<\/td>\n<td class=\"et2\" style=\"width: 176.25pt;\" width=\"235\">KOLOR<\/td>\n<\/tr>\n<tr style=\"height: 14.25pt;\">\n<td class=\"et4\" style=\"height: 14.25pt;\" height=\"19\">EPA25-10YL<\/td>\n<td class=\"et5\">Aluminium<\/td>\n<td class=\"et4\">25 mm<\/td>\n<td class=\"et4\">10 cm<\/td>\n<td class=\"et6\">YL\/ GN\/ GY<\/td>\n<\/tr>\n<tr style=\"height: 14.25pt;\">\n<td class=\"et6\" style=\"height: 14.25pt;\" height=\"19\">EPA32-10YL<\/td>\n<td class=\"et2\">Aluminium<\/td>\n<td class=\"et6\">32 mm<\/td>\n<td class=\"et6\">10 cm<\/td>\n<td class=\"et6\">YL\/ GN\/ GY<\/td>\n<\/tr>\n<tr style=\"height: 14.25pt;\">\n<td class=\"et2\" style=\"height: 14.25pt;\" height=\"19\">EPC25-10<\/td>\n<td class=\"et6\">W\u0142\u00f3kno w\u0119glowe premium<\/td>\n<td class=\"et6\">25 mm<\/td>\n<td class=\"et7\">10 cm<\/td>\n<td class=\"et6\">BK<\/td>\n<\/tr>\n<tr style=\"height: 14.25pt;\">\n<td class=\"et6\" style=\"height: 14.25pt;\" height=\"19\">EPC32-10<\/td>\n<td class=\"et6\">W\u0142\u00f3kno w\u0119glowe premium<\/td>\n<td class=\"et6\">32 mm<\/td>\n<td class=\"et7\">10 cm<\/td>\n<td class=\"et6\">BK<\/td>\n<\/tr>\n<tr style=\"height: 14.25pt;\">\n<td class=\"et6\" style=\"height: 14.25pt;\" height=\"19\">EPTC32-10<\/td>\n<td class=\"et8\">100% Toray w\u0142\u00f3kno w\u0119glowe<\/td>\n<td class=\"et7\">32 mm<\/td>\n<td class=\"et7\">10 cm<\/td>\n<td class=\"et6\">BK<\/td>\n<\/tr>\n<\/tbody>\n<\/table>\n<\/div>","protected":false},"excerpt":{"rendered":"<ul>\n<li>Gwinty m\u0119skie i \u017ce\u0144skie 5\/8\u2033-11 zapewniaj\u0105ce wszechstronn\u0105 kompatybilno\u015b\u0107 z instrumentami<\/li>\n<li>Wytrzyma\u0142y aluminiowy dr\u0105\u017cek przed\u0142u\u017caj\u0105cy lub lekka konstrukcja z w\u0142\u00f3kna w\u0119glowego<\/li>\n<li>Wiele opcji kolorystycznych: \u017c\u00f3\u0142ty, zielony i szary dla lepszej widoczno\u015bci<\/li>\n<li>Zaprojektowany do precyzyjnego ustawiania w zastosowaniach GNSS i pomiar\u00f3w laserowych<\/li>\n<\/ul>","protected":false},"featured_media":3934,"comment_status":"open","ping_status":"closed","template":"","meta":[],"product_brand":[],"product_cat":[84,121],"product_tag":[],"class_list":{"0":"post-3932","1":"product","2":"type-product","3":"status-publish","4":"has-post-thumbnail","6":"product_cat-gnss-accessory","7":"product_cat-extension-pole","9":"first","10":"instock","11":"shipping-taxable","12":"product-type-simple"},"_links":{"self":[{"href":"https:\/\/mountlaser.com\/pl\/wp-json\/wp\/v2\/product\/3932","targetHints":{"allow":["GET"]}}],"collection":[{"href":"https:\/\/mountlaser.com\/pl\/wp-json\/wp\/v2\/product"}],"about":[{"href":"https:\/\/mountlaser.com\/pl\/wp-json\/wp\/v2\/types\/product"}],"replies":[{"embeddable":true,"href":"https:\/\/mountlaser.com\/pl\/wp-json\/wp\/v2\/comments?post=3932"}],"wp:featuredmedia":[{"embeddable":true,"href":"https:\/\/mountlaser.com\/pl\/wp-json\/wp\/v2\/media\/3934"}],"wp:attachment":[{"href":"https:\/\/mountlaser.com\/pl\/wp-json\/wp\/v2\/media?parent=3932"}],"wp:term":[{"taxonomy":"product_brand","embeddable":true,"href":"https:\/\/mountlaser.com\/pl\/wp-json\/wp\/v2\/product_brand?post=3932"},{"taxonomy":"product_cat","embeddable":true,"href":"https:\/\/mountlaser.com\/pl\/wp-json\/wp\/v2\/product_cat?post=3932"},{"taxonomy":"product_tag","embeddable":true,"href":"https:\/\/mountlaser.com\/pl\/wp-json\/wp\/v2\/product_tag?post=3932"}],"curies":[{"name":"wp","href":"https:\/\/api.w.org\/{rel}","templated":true}]}}