{"id":3924,"date":"2025-11-10T09:28:22","date_gmt":"2025-11-10T09:28:22","guid":{"rendered":"https:\/\/mountlaser.com\/?post_type=product&#038;p=3924"},"modified":"2025-11-27T06:55:46","modified_gmt":"2025-11-27T06:55:46","slug":"dz460-aluminum-prism-pole","status":"publish","type":"product","link":"https:\/\/mountlaser.com\/pl\/produkt\/dz460-aluminum-prism-pole\/","title":{"rendered":"DZ460 Aluminiowy s\u0142up pryzmatyczny"},"content":{"rendered":"<p>Poznaj najlepsze rozwi\u0105zanie do wymagaj\u0105cych zada\u0144 geodezyjnych: aluminiowy s\u0142upek pryzmatyczny Mount Laser DZ460. Ten najwy\u017cszej jako\u015bci<a href=\"https:\/\/mountlaser.com\/pl\/products\/\"><strong> Lekki, przeno\u015bny aluminiowy dr\u0105\u017cek pryzmatyczny<\/strong> <\/a>Zosta\u0142 zaprojektowany dla profesjonalist\u00f3w, kt\u00f3rzy potrzebuj\u0105 wi\u0119kszego zasi\u0119gu bez konieczno\u015bci u\u017cywania ci\u0119\u017ckiego sprz\u0119tu. Wykonany z wysokowytrzyma\u0142ego stopu aluminium, zapewnia idealn\u0105 r\u00f3wnowag\u0119 mi\u0119dzy wyj\u0105tkow\u0105 trwa\u0142o\u015bci\u0105 a \u0142atwo\u015bci\u0105 przenoszenia, dzi\u0119ki czemu idealnie nadaje si\u0119 do d\u0142ugich godzin pracy w terenie i transportu do odleg\u0142ych miejsc pracy.<\/p>\n<p>Poczuj wygod\u0119 prawdziwie lekkiej, przeno\u015bnej, aluminiowej tyczki pryzmatycznej, kt\u00f3ra nie rezygnuje ze stabilno\u015bci. DZ460 posiada solidny, aluminiowy mechanizm blokuj\u0105cy, kt\u00f3ry zapewnia bezpieczne zablokowanie ka\u017cdej sekcji na \u017c\u0105danej wysoko\u015bci, zapobiegaj\u0105c jej przesuwaniu si\u0119 i zapewniaj\u0105c dok\u0142adno\u015b\u0107 pomiaru. Wyposa\u017cona jest w 30-stopow\u0105, okr\u0105g\u0142\u0105 libell\u0119 do precyzyjnego pomiaru pionu oraz rurk\u0119 z czyteln\u0105 skal\u0105 metryczn\u0105 do szybkich odczyt\u00f3w. Dzi\u0119ki licznym adapterom do monta\u017cu pryzmatu i opcjonalnej gumowej os\u0142onie antypo\u015blizgowej dla pewniejszego chwytu, DZ460 wyr\u00f3\u017cnia si\u0119 jako lekka, przeno\u015bna, aluminiowa tyczka pryzmatyczna dla geodet\u00f3w ceni\u0105cych sobie wydajno\u015b\u0107, niezawodno\u015b\u0107 i wydajno\u015b\u0107 w ka\u017cdym projekcie.<\/p>\n<p><a href=\"https:\/\/mountlaser.com\/pl\/contact-us\/\"><strong>DZ460 Aluminiowy s\u0142up pryzmatyczny<\/strong><\/a> ma 4,6m d\u0142ugo\u015bci.<br \/>\nDZ460 Aluminiowy s\u0142up pryzmatyczny<br \/>\nOPCJA BLOKADY: Dost\u0119pna w czterech typach:<br \/>\nBlokada skr\u0119tna<br \/>\nSzybkoz\u0142\u0105czka<br \/>\nBlokada w stylu GPS<br \/>\nBlokada kompresyjna<\/p>\n<p>&nbsp;<\/p>\n<p><img fetchpriority=\"high\" decoding=\"async\" class=\"aligncenter wp-image-3928\" src=\"https:\/\/mountlaser.com\/wp-content\/uploads\/2025\/11\/DZ460GP5.webp\" alt=\"Lightweight Portable Aluminum Prism Pole\" width=\"500\" height=\"500\" srcset=\"https:\/\/mountlaser.com\/wp-content\/uploads\/2025\/11\/DZ460GP5.webp 1000w, https:\/\/mountlaser.com\/wp-content\/uploads\/2025\/11\/DZ460GP5-300x300.webp 300w, https:\/\/mountlaser.com\/wp-content\/uploads\/2025\/11\/DZ460GP5-400x400.webp 400w, https:\/\/mountlaser.com\/wp-content\/uploads\/2025\/11\/DZ460GP5-800x800.webp 800w, https:\/\/mountlaser.com\/wp-content\/uploads\/2025\/11\/DZ460GP5-600x600.webp 600w, https:\/\/mountlaser.com\/wp-content\/uploads\/2025\/11\/DZ460GP5-150x150.webp 150w, https:\/\/mountlaser.com\/wp-content\/uploads\/2025\/11\/DZ460GP5-768x768.webp 768w, https:\/\/mountlaser.com\/wp-content\/uploads\/2025\/11\/DZ460GP5-12x12.webp 12w\" sizes=\"(max-width: 500px) 100vw, 500px\" \/><\/p>\n<p>&nbsp;<\/p>\n<p><strong>Specyfikacja aluminiowego s\u0142upa pryzmatycznego DZ460<\/strong><\/p>\n<table style=\"border-collapse: collapse; width: 741.77pt;\" border=\"0\" width=\"989\" cellspacing=\"0\" cellpadding=\"0\">\n<tbody>\n<tr style=\"height: 14.25pt;\">\n<td class=\"et2\" style=\"height: 14.25pt; width: 142.50pt;\" width=\"190\" height=\"19\">NUMER<\/td>\n<td class=\"et2\" style=\"width: 127.50pt;\" width=\"170\">D\u0141UGO\u015a\u0106<\/td>\n<td class=\"et2\" style=\"width: 126.00pt;\" width=\"168\">TWORZYWO<\/td>\n<td class=\"et2\" style=\"width: 135.00pt;\" width=\"180\">ABSOLWENCI<\/td>\n<td class=\"et2\" style=\"width: 124.50pt;\" width=\"166\">OPCJA BLOKADY<\/td>\n<td class=\"et2\" style=\"width: 86.25pt;\" width=\"115\">\u015aREDNICA<\/td>\n<\/tr>\n<tr style=\"height: 14.25pt;\">\n<td class=\"et3\" style=\"height: 14.25pt;\" height=\"19\">DZ460<\/td>\n<td class=\"et4\">460 cm<\/td>\n<td class=\"et3\">Aluminium<\/td>\n<td class=\"et3\">Metr<\/td>\n<td class=\"et3\">TL\/ QL\/ GP\/ CL<\/td>\n<td class=\"et3\">18\/25\/30\/36 mm<\/td>\n<\/tr>\n<\/tbody>\n<\/table>","protected":false},"excerpt":{"rendered":"<ul>\n<li>Rozszerzony i przeno\u015bny: Oferuje du\u017cy zasi\u0119g, zachowuj\u0105c jednocze\u015bnie lekk\u0105 konstrukcj\u0119, co u\u0142atwia transport i obs\u0142ug\u0119.<\/li>\n<li>Bezpieczny system blokowania: Wytrzyma\u0142y aluminiowy mechanizm blokuj\u0105cy zapewnia solidn\u0105 i niezawodn\u0105 konfiguracj\u0119 przy ka\u017cdym rozszerzeniu.<\/li>\n<li>Wbudowana precyzja: Posiada okr\u0105g\u0142\u0105 libelk\u0119 o \u015brednicy 30 st\u00f3p i \u0142atw\u0105 do odczytania wewn\u0119trzn\u0105 skal\u0119 umo\u017cliwiaj\u0105c\u0105 dok\u0142adne ustawienie wysoko\u015bci.<\/li>\n<\/ul>","protected":false},"featured_media":3925,"comment_status":"open","ping_status":"closed","template":"","meta":[],"product_brand":[],"product_cat":[89,117],"product_tag":[],"class_list":{"0":"post-3924","1":"product","2":"type-product","3":"status-publish","4":"has-post-thumbnail","6":"product_cat-surveying-pole-rod","7":"product_cat-aluminum-prism-pole","9":"first","10":"instock","11":"shipping-taxable","12":"product-type-simple"},"_links":{"self":[{"href":"https:\/\/mountlaser.com\/pl\/wp-json\/wp\/v2\/product\/3924","targetHints":{"allow":["GET"]}}],"collection":[{"href":"https:\/\/mountlaser.com\/pl\/wp-json\/wp\/v2\/product"}],"about":[{"href":"https:\/\/mountlaser.com\/pl\/wp-json\/wp\/v2\/types\/product"}],"replies":[{"embeddable":true,"href":"https:\/\/mountlaser.com\/pl\/wp-json\/wp\/v2\/comments?post=3924"}],"wp:featuredmedia":[{"embeddable":true,"href":"https:\/\/mountlaser.com\/pl\/wp-json\/wp\/v2\/media\/3925"}],"wp:attachment":[{"href":"https:\/\/mountlaser.com\/pl\/wp-json\/wp\/v2\/media?parent=3924"}],"wp:term":[{"taxonomy":"product_brand","embeddable":true,"href":"https:\/\/mountlaser.com\/pl\/wp-json\/wp\/v2\/product_brand?post=3924"},{"taxonomy":"product_cat","embeddable":true,"href":"https:\/\/mountlaser.com\/pl\/wp-json\/wp\/v2\/product_cat?post=3924"},{"taxonomy":"product_tag","embeddable":true,"href":"https:\/\/mountlaser.com\/pl\/wp-json\/wp\/v2\/product_tag?post=3924"}],"curies":[{"name":"wp","href":"https:\/\/api.w.org\/{rel}","templated":true}]}}