{"id":3915,"date":"2025-11-10T09:22:19","date_gmt":"2025-11-10T09:22:19","guid":{"rendered":"https:\/\/mountlaser.com\/?post_type=product&#038;p=3915"},"modified":"2025-11-27T06:58:21","modified_gmt":"2025-11-27T06:58:21","slug":"dz360-aluminum-prism-pole","status":"publish","type":"product","link":"https:\/\/mountlaser.com\/pl\/produkt\/dz360-aluminum-prism-pole\/","title":{"rendered":"DZ360 Aluminiowy s\u0142up pryzmatyczny"},"content":{"rendered":"<p>Rozszerz swoje mo\u017cliwo\u015bci geodezyjne dzi\u0119ki <a href=\"https:\/\/mountlaser.com\/pl\/\">Uchwyt laserowy DZ360<\/a>, najwy\u017cszej jako\u015bci teleskopowy aluminiowy maszt geodezyjny z pryzmatem, zaprojektowany do projekt\u00f3w wymagaj\u0105cych du\u017cego zasi\u0119gu bez utraty stabilno\u015bci i precyzji. Wykonany z wytrzyma\u0142ego aluminium, ten maszt jest jednocze\u015bnie niezwykle lekki i niezwykle wytrzyma\u0142y, zaprojektowany tak, aby wytrzyma\u0107 intensywne, codzienne u\u017cytkowanie na r\u00f3\u017cnych placach budowy.<\/p>\n<p>DZ360 jest przyk\u0142adem idea\u0142u <a href=\"https:\/\/mountlaser.com\/pl\/about-us\/\"><strong>Teleskopowy aluminiowy s\u0142up pryzmatyczny<\/strong><\/a>, oferuj\u0105c du\u017c\u0105 d\u0142ugo\u015b\u0107, umo\u017cliwiaj\u0105c\u0105 wykonywanie pomiar\u00f3w w trudnych warunkach topograficznych i na du\u017cych wysoko\u015bciach.<br \/>\n<a href=\"https:\/\/mountlaser.com\/pl\/products\/\"><strong>DZ360 Aluminiowy s\u0142up pryzmatyczny<\/strong> <\/a>ma 3,6m d\u0142ugo\u015bci.<br \/>\nOpcje blokady tyczki pryzmatycznej DZ360 z aluminium: Dost\u0119pne s\u0105 cztery opcje: blokada obrotowa, blokada szybkoz\u0142\u0105czna, blokada typu GPS i blokada kompresyjna.<\/p>\n<p>Dzi\u0119ki profesjonalnym funkcjom, takim jak 30-stopowa okr\u0105g\u0142a fiolka do precyzyjnego pomiaru pionu i \u0142atwa do odczytania wewn\u0119trzna skala miernika, ten trzpie\u0144 usprawnia Twoj\u0105 prac\u0119.<\/p>\n<p>&nbsp;<\/p>\n<p>&nbsp;<\/p>\n<p><img fetchpriority=\"high\" decoding=\"async\" class=\"aligncenter wp-image-3922\" src=\"https:\/\/mountlaser.com\/wp-content\/uploads\/2025\/11\/DZ360TL5.webp\" alt=\"Telescopic Survey Aluminum Prism Pole\" width=\"500\" height=\"500\" srcset=\"https:\/\/mountlaser.com\/wp-content\/uploads\/2025\/11\/DZ360TL5.webp 1000w, https:\/\/mountlaser.com\/wp-content\/uploads\/2025\/11\/DZ360TL5-300x300.webp 300w, https:\/\/mountlaser.com\/wp-content\/uploads\/2025\/11\/DZ360TL5-400x400.webp 400w, https:\/\/mountlaser.com\/wp-content\/uploads\/2025\/11\/DZ360TL5-800x800.webp 800w, https:\/\/mountlaser.com\/wp-content\/uploads\/2025\/11\/DZ360TL5-600x600.webp 600w, https:\/\/mountlaser.com\/wp-content\/uploads\/2025\/11\/DZ360TL5-150x150.webp 150w, https:\/\/mountlaser.com\/wp-content\/uploads\/2025\/11\/DZ360TL5-768x768.webp 768w, https:\/\/mountlaser.com\/wp-content\/uploads\/2025\/11\/DZ360TL5-12x12.webp 12w\" sizes=\"(max-width: 500px) 100vw, 500px\" \/><\/p>\n<p>&nbsp;<\/p>\n<p><strong>Specyfikacja aluminiowego s\u0142upa pryzmatycznego DZ360<\/strong><\/p>\n<table style=\"border-collapse: collapse; width: 741.77pt;\" border=\"0\" width=\"989\" cellspacing=\"0\" cellpadding=\"0\">\n<tbody>\n<tr style=\"height: 14.25pt;\">\n<td class=\"et2\" style=\"height: 14.25pt; width: 142.50pt;\" width=\"190\" height=\"19\">NUMER<\/td>\n<td class=\"et2\" style=\"width: 127.50pt;\" width=\"170\">D\u0141UGO\u015a\u0106<\/td>\n<td class=\"et2\" style=\"width: 126.00pt;\" width=\"168\">TWORZYWO<\/td>\n<td class=\"et2\" style=\"width: 135.00pt;\" width=\"180\">ABSOLWENCI<\/td>\n<td class=\"et2\" style=\"width: 124.50pt;\" width=\"166\">OPCJA BLOKADY<\/td>\n<td class=\"et2\" style=\"width: 86.25pt;\" width=\"115\">\u015aREDNICA<\/td>\n<\/tr>\n<tr style=\"height: 14.25pt;\">\n<td class=\"et3\" style=\"height: 14.25pt;\" height=\"19\">DZ360<\/td>\n<td class=\"et4\">360 cm<\/td>\n<td class=\"et3\">Aluminium<\/td>\n<td class=\"et3\">Metr<\/td>\n<td class=\"et3\">TL\/ QL\/ GP\/ CL<\/td>\n<td class=\"et3\">18\/25\/30 mm<\/td>\n<\/tr>\n<\/tbody>\n<\/table>","protected":false},"excerpt":{"rendered":"<ul>\n<li>Zintegrowana precyzja: Wyposa\u017cona w okr\u0105g\u0142\u0105 libelk\u0119 o \u015brednicy 30 st\u00f3p i wyra\u017an\u0105 wewn\u0119trzn\u0105 skal\u0119 miernika, co umo\u017cliwia dok\u0142adne pomiary i odczyty.<\/li>\n<li>Konstrukcja zorientowana na u\u017cytkownika: opcjonalna gumowa os\u0142ona antypo\u015blizgowa i wiele opcji adapter\u00f3w zapewniaj\u0105cych wi\u0119kszy komfort i wszechstronno\u015b\u0107.<\/li>\n<\/ul>","protected":false},"featured_media":3916,"comment_status":"open","ping_status":"closed","template":"","meta":[],"product_brand":[],"product_cat":[89,117],"product_tag":[],"class_list":{"0":"post-3915","1":"product","2":"type-product","3":"status-publish","4":"has-post-thumbnail","6":"product_cat-surveying-pole-rod","7":"product_cat-aluminum-prism-pole","9":"first","10":"instock","11":"shipping-taxable","12":"product-type-simple"},"_links":{"self":[{"href":"https:\/\/mountlaser.com\/pl\/wp-json\/wp\/v2\/product\/3915","targetHints":{"allow":["GET"]}}],"collection":[{"href":"https:\/\/mountlaser.com\/pl\/wp-json\/wp\/v2\/product"}],"about":[{"href":"https:\/\/mountlaser.com\/pl\/wp-json\/wp\/v2\/types\/product"}],"replies":[{"embeddable":true,"href":"https:\/\/mountlaser.com\/pl\/wp-json\/wp\/v2\/comments?post=3915"}],"wp:featuredmedia":[{"embeddable":true,"href":"https:\/\/mountlaser.com\/pl\/wp-json\/wp\/v2\/media\/3916"}],"wp:attachment":[{"href":"https:\/\/mountlaser.com\/pl\/wp-json\/wp\/v2\/media?parent=3915"}],"wp:term":[{"taxonomy":"product_brand","embeddable":true,"href":"https:\/\/mountlaser.com\/pl\/wp-json\/wp\/v2\/product_brand?post=3915"},{"taxonomy":"product_cat","embeddable":true,"href":"https:\/\/mountlaser.com\/pl\/wp-json\/wp\/v2\/product_cat?post=3915"},{"taxonomy":"product_tag","embeddable":true,"href":"https:\/\/mountlaser.com\/pl\/wp-json\/wp\/v2\/product_tag?post=3915"}],"curies":[{"name":"wp","href":"https:\/\/api.w.org\/{rel}","templated":true}]}}