{"id":3904,"date":"2025-11-10T09:15:46","date_gmt":"2025-11-10T09:15:46","guid":{"rendered":"https:\/\/mountlaser.com\/?post_type=product&#038;p=3904"},"modified":"2025-11-27T07:00:10","modified_gmt":"2025-11-27T07:00:10","slug":"dz260-aluminum-prism-pole","status":"publish","type":"product","link":"https:\/\/mountlaser.com\/pl\/produkt\/dz260-aluminum-prism-pole\/","title":{"rendered":"DZ260 Aluminiowy s\u0142up pryzmatyczny"},"content":{"rendered":"<p>Osi\u0105gnij niezr\u00f3wnan\u0105 stabilno\u015b\u0107 i wydajno\u015b\u0107 w swoich projektach geodezyjnych dzi\u0119ki laserowi monta\u017cowemu<a href=\"https:\/\/mountlaser.com\/pl\/\"><strong> DZ260 Aluminiowy s\u0142up pryzmatyczny<\/strong><\/a>. Zaprojektowany dla profesjonalist\u00f3w, kt\u00f3rzy oczekuj\u0105 zar\u00f3wno precyzji, jak i trwa\u0142o\u015bci, ten kij wykonany jest z wytrzyma\u0142ego aluminium, oferuj\u0105c idealne po\u0142\u0105czenie lekkiej ramy i solidnej konstrukcji, co umo\u017cliwia ca\u0142odzienne u\u017cytkowanie w terenie.<\/p>\n<p>Podstaw\u0105 niezawodno\u015bci DZ260 jest innowacyjny aluminiowy mechanizm mocowania pryzmatu Compression-Lock. Ten zaawansowany system blokowania zapewnia wyj\u0105tkowo bezpieczne i sztywne mocowanie przy dowolnym wysuni\u0119ciu, skutecznie zapobiegaj\u0105c po\u015blizgowi i gwarantuj\u0105c, \u017ce pryzmat pozostanie idealnie stabilny, co pozwoli na dok\u0142adne pomiary.<\/p>\n<p>Opr\u00f3cz zaawansowanego mechanizmu blokuj\u0105cego, DZ260 jest wyposa\u017cony w okr\u0105g\u0142\u0105 libell\u0119 o \u015brednicy 9 metr\u00f3w (30 st\u00f3p) u\u0142atwiaj\u0105c\u0105 instalacj\u0119 oraz d\u0119tk\u0119 z czyteln\u0105 skal\u0105 metryczn\u0105 do natychmiastowego odczytu wysoko\u015bci. Dzi\u0119ki licznym adapterom do monta\u017cu pryzmatu i opcjonalnej gumowej os\u0142onie antypo\u015blizgowej dla pewniejszego chwytu, ten dr\u0105\u017cek zosta\u0142 zaprojektowany z my\u015bl\u0105 o wszechstronno\u015bci i komforcie u\u017cytkownika. Wybieraj\u0105c uchwyt laserowy DZ260, otrzymujesz nie tylko narz\u0119dzie, ale tak\u017ce inwestujesz w ostateczny produkt. <a href=\"https:\/\/mountlaser.com\/pl\/products\/\"><strong>Aluminiowy s\u0142up pryzmatyczny z blokad\u0105 kompresyjn\u0105<\/strong><\/a> rozwi\u0105zanie zbudowane z my\u015bl\u0105 o dok\u0142adno\u015bci i trwa\u0142o\u015bci.<\/p>\n<p>&nbsp;<\/p>\n<p><img fetchpriority=\"high\" decoding=\"async\" class=\"aligncenter wp-image-3910\" src=\"https:\/\/mountlaser.com\/wp-content\/uploads\/2025\/11\/DZ260GP3.webp\" alt=\"Aluminum Compression-Lock Prism Pole\" width=\"500\" height=\"500\" srcset=\"https:\/\/mountlaser.com\/wp-content\/uploads\/2025\/11\/DZ260GP3.webp 1000w, https:\/\/mountlaser.com\/wp-content\/uploads\/2025\/11\/DZ260GP3-300x300.webp 300w, https:\/\/mountlaser.com\/wp-content\/uploads\/2025\/11\/DZ260GP3-400x400.webp 400w, https:\/\/mountlaser.com\/wp-content\/uploads\/2025\/11\/DZ260GP3-800x800.webp 800w, https:\/\/mountlaser.com\/wp-content\/uploads\/2025\/11\/DZ260GP3-600x600.webp 600w, https:\/\/mountlaser.com\/wp-content\/uploads\/2025\/11\/DZ260GP3-150x150.webp 150w, https:\/\/mountlaser.com\/wp-content\/uploads\/2025\/11\/DZ260GP3-768x768.webp 768w, https:\/\/mountlaser.com\/wp-content\/uploads\/2025\/11\/DZ260GP3-12x12.webp 12w\" sizes=\"(max-width: 500px) 100vw, 500px\" \/><\/p>\n<p><a href=\"https:\/\/mountlaser.com\/pl\/contact-us\/\">DZ260 Aluminiowy s\u0142up pryzmatyczny<\/a> Opcje blokady: Dost\u0119pne s\u0105 cztery opcje: blokada obrotowa, blokada szybkiego zwalniania, blokada typu GPS i blokada kompresyjna.<\/p>\n<p><strong>Specyfikacja aluminiowego s\u0142upa pryzmatycznego DZ260<\/strong><\/p>\n<table style=\"border-collapse: collapse; width: 741.77pt;\" border=\"0\" width=\"989\" cellspacing=\"0\" cellpadding=\"0\">\n<tbody>\n<tr style=\"height: 14.25pt;\">\n<td class=\"et2\" style=\"height: 14.25pt; width: 142.50pt;\" width=\"190\" height=\"19\">NUMER<\/td>\n<td class=\"et2\" style=\"width: 127.50pt;\" width=\"170\">D\u0141UGO\u015a\u0106<\/td>\n<td class=\"et2\" style=\"width: 126.00pt;\" width=\"168\">TWORZYWO<\/td>\n<td class=\"et2\" style=\"width: 135.00pt;\" width=\"180\">ABSOLWENCI<\/td>\n<td class=\"et2\" style=\"width: 124.50pt;\" width=\"166\">OPCJA BLOKADY<\/td>\n<td class=\"et2\" style=\"width: 86.25pt;\" width=\"115\">\u015aREDNICA<\/td>\n<\/tr>\n<tr style=\"height: 14.25pt;\">\n<td class=\"et3\" style=\"height: 14.25pt;\" height=\"19\">DZ260<\/td>\n<td class=\"et4\">260 cm<\/td>\n<td class=\"et3\">Aluminium<\/td>\n<td class=\"et3\">Metr<\/td>\n<td class=\"et3\">TL\/ QL\/ GP\/ CL<\/td>\n<td class=\"et3\">25\/30 mm<\/td>\n<\/tr>\n<\/tbody>\n<\/table>","protected":false},"excerpt":{"rendered":"<ul>\n<li>Bezpiecze\u0144stwo Compression-Lock: Posiada niezawodny aluminiowy mechanizm blokuj\u0105cy Compression-Lock umo\u017cliwiaj\u0105cy szybkie, bezpieczne i antypo\u015blizgowe rozk\u0142adanie.<\/li>\n<li>Zintegrowane narz\u0119dzia precyzyjne: W zestawie znajduje si\u0119 okr\u0105g\u0142a fiolka o \u015brednicy 30 st\u00f3p oraz skala miernika w rurce wewn\u0119trznej umo\u017cliwiaj\u0105ca dok\u0142adne ustawienie i odczyt wysoko\u015bci.<\/li>\n<li>Wszechstronna kompatybilno\u015b\u0107: Dost\u0119pne s\u0105 adaptery umo\u017cliwiaj\u0105ce monta\u017c szerokiej gamy pryzmat\u00f3w.<\/li>\n<\/ul>","protected":false},"featured_media":3913,"comment_status":"open","ping_status":"closed","template":"","meta":[],"product_brand":[],"product_cat":[89,117],"product_tag":[],"class_list":{"0":"post-3904","1":"product","2":"type-product","3":"status-publish","4":"has-post-thumbnail","6":"product_cat-surveying-pole-rod","7":"product_cat-aluminum-prism-pole","9":"first","10":"instock","11":"shipping-taxable","12":"product-type-simple"},"_links":{"self":[{"href":"https:\/\/mountlaser.com\/pl\/wp-json\/wp\/v2\/product\/3904","targetHints":{"allow":["GET"]}}],"collection":[{"href":"https:\/\/mountlaser.com\/pl\/wp-json\/wp\/v2\/product"}],"about":[{"href":"https:\/\/mountlaser.com\/pl\/wp-json\/wp\/v2\/types\/product"}],"replies":[{"embeddable":true,"href":"https:\/\/mountlaser.com\/pl\/wp-json\/wp\/v2\/comments?post=3904"}],"wp:featuredmedia":[{"embeddable":true,"href":"https:\/\/mountlaser.com\/pl\/wp-json\/wp\/v2\/media\/3913"}],"wp:attachment":[{"href":"https:\/\/mountlaser.com\/pl\/wp-json\/wp\/v2\/media?parent=3904"}],"wp:term":[{"taxonomy":"product_brand","embeddable":true,"href":"https:\/\/mountlaser.com\/pl\/wp-json\/wp\/v2\/product_brand?post=3904"},{"taxonomy":"product_cat","embeddable":true,"href":"https:\/\/mountlaser.com\/pl\/wp-json\/wp\/v2\/product_cat?post=3904"},{"taxonomy":"product_tag","embeddable":true,"href":"https:\/\/mountlaser.com\/pl\/wp-json\/wp\/v2\/product_tag?post=3904"}],"curies":[{"name":"wp","href":"https:\/\/api.w.org\/{rel}","templated":true}]}}