{"id":3897,"date":"2025-11-10T08:59:20","date_gmt":"2025-11-10T08:59:20","guid":{"rendered":"https:\/\/mountlaser.com\/?post_type=product&#038;p=3897"},"modified":"2025-11-27T06:46:46","modified_gmt":"2025-11-27T06:46:46","slug":"dz215-aluminum-prism-pole","status":"publish","type":"product","link":"https:\/\/mountlaser.com\/pl\/produkt\/dz215-aluminum-prism-pole\/","title":{"rendered":"DZ215 Aluminiowy s\u0142up pryzmatyczny"},"content":{"rendered":"<p>Zwi\u0119ksz efektywno\u015b\u0107 swojej pracy geodezyjnej dzi\u0119ki <a href=\"https:\/\/mountlaser.com\/pl\/\"><strong>Mocowanie lasera DZ215 do aluminiowego s\u0142upa pryzmatycznego<\/strong><\/a>, Zaprojektowany dla profesjonalist\u00f3w, kt\u00f3rzy nie id\u0105 na kompromis w kwestii szybko\u015bci, trwa\u0142o\u015bci i precyzji. Wykonany z wysokowytrzyma\u0142ego aluminium, ten s\u0142upek \u0142\u0105czy w sobie idealn\u0105 r\u00f3wnowag\u0119 mi\u0119dzy lekko\u015bci\u0105 a niewiarygodn\u0105 wytrzyma\u0142o\u015bci\u0105, dzi\u0119ki czemu wytrzyma trudy codziennego u\u017cytkowania na ka\u017cdym placu budowy.<\/p>\n<p>Kluczow\u0105 cech\u0105 wyr\u00f3\u017cniaj\u0105c\u0105 DZ215 jest dost\u0119pno\u015b\u0107 aluminiowego mechanizmu blokowania pryzmatu z szybkim zwalnianiem. Ta innowacyjna opcja umo\u017cliwia szybk\u0105 regulacj\u0119 wysoko\u015bci i bezpieczne blokowanie w kilka sekund, radykalnie skracaj\u0105c czas konfiguracji i zwi\u0119kszaj\u0105c og\u00f3ln\u0105 wydajno\u015b\u0107. Niezale\u017cnie od tego, czy pracujesz na dynamicznych budowach, czy na szczeg\u00f3\u0142owych pomiarach topograficznych, wydajno\u015b\u0107\u2026 <a href=\"https:\/\/mountlaser.com\/pl\/kategoria-produktu\/surveying-pole-rod\/aluminum-prism-pole\/\"><strong>Szybkoz\u0142\u0105czka aluminiowa do pryzmatu<\/strong><\/a> jest niezr\u00f3wnany.<\/p>\n<p>Model DZ215 zosta\u0142 starannie wyposa\u017cony w okr\u0105g\u0142\u0105 libell\u0119 o \u015brednicy 9 metr\u00f3w (30 st\u00f3p) do \u0142atwego pozycjonowania w pionie oraz rur\u0119 wewn\u0119trzn\u0105 z czyteln\u0105 skal\u0105 metryczn\u0105 do szybkiego odczytu wysoko\u015bci. Dla zapewnienia maksymalnej wszechstronno\u015bci i przysz\u0142o\u015bciowej konfiguracji, oferuje on wiele opcji adapter\u00f3w do monta\u017cu pryzmatu. Gumowa, antypo\u015blizgowa os\u0142ona zapewnia pewny i wygodny chwyt w ka\u017cdych warunkach. Wybieraj\u0105c DZ215 z aluminiow\u0105 blokad\u0105 tyczek pryzmatycznych Quick Release, nie kupujesz tylko narz\u0119dzia; inwestujesz w usprawniony proces pracy.<\/p>\n<p><a href=\"https:\/\/mountlaser.com\/pl\/contact-us\/\">DZ215 Aluminiowy s\u0142up pryzmatyczny<\/a> Opcja blokady: Dost\u0119pna w trzech typach:<br \/>\nBlokada skr\u0119tna<br \/>\nSzybkoz\u0142\u0105czka<br \/>\nBlokada w stylu GPS<\/p>\n<p><img fetchpriority=\"high\" decoding=\"async\" class=\"aligncenter wp-image-3899\" src=\"https:\/\/mountlaser.com\/wp-content\/uploads\/2025\/11\/DZ215GP-5.webp\" alt=\"Quick Release Aluminum Prism Pole\" width=\"500\" height=\"500\" srcset=\"https:\/\/mountlaser.com\/wp-content\/uploads\/2025\/11\/DZ215GP-5.webp 1000w, https:\/\/mountlaser.com\/wp-content\/uploads\/2025\/11\/DZ215GP-5-300x300.webp 300w, https:\/\/mountlaser.com\/wp-content\/uploads\/2025\/11\/DZ215GP-5-400x400.webp 400w, https:\/\/mountlaser.com\/wp-content\/uploads\/2025\/11\/DZ215GP-5-800x800.webp 800w, https:\/\/mountlaser.com\/wp-content\/uploads\/2025\/11\/DZ215GP-5-600x600.webp 600w, https:\/\/mountlaser.com\/wp-content\/uploads\/2025\/11\/DZ215GP-5-150x150.webp 150w, https:\/\/mountlaser.com\/wp-content\/uploads\/2025\/11\/DZ215GP-5-768x768.webp 768w, https:\/\/mountlaser.com\/wp-content\/uploads\/2025\/11\/DZ215GP-5-12x12.webp 12w\" sizes=\"(max-width: 500px) 100vw, 500px\" \/><\/p>\n<p><strong>Specyfikacja aluminiowego s\u0142upa pryzmatycznego DZ215:<\/strong><\/p>\n<table style=\"border-collapse: collapse; width: 741.77pt;\" border=\"0\" width=\"989\" cellspacing=\"0\" cellpadding=\"0\">\n<tbody>\n<tr style=\"height: 14.25pt;\">\n<td class=\"et2\" style=\"height: 14.25pt; width: 142.50pt;\" width=\"190\" height=\"19\">NUMER<\/td>\n<td class=\"et2\" style=\"width: 127.50pt;\" width=\"170\">D\u0141UGO\u015a\u0106<\/td>\n<td class=\"et2\" style=\"width: 126.00pt;\" width=\"168\">TWORZYWO<\/td>\n<td class=\"et2\" style=\"width: 135.00pt;\" width=\"180\">ABSOLWENCI<\/td>\n<td class=\"et2\" style=\"width: 124.50pt;\" width=\"166\">OPCJA BLOKADY<\/td>\n<td class=\"et2\" style=\"width: 86.25pt;\" width=\"115\">\u015aREDNICA<\/td>\n<\/tr>\n<tr style=\"height: 14.25pt;\">\n<td class=\"et3\" style=\"height: 14.25pt;\" height=\"19\">DZ215<\/td>\n<td class=\"et4\">215 cm<\/td>\n<td class=\"et3\">Aluminium<\/td>\n<td class=\"et3\">Metr<\/td>\n<td class=\"et3\">TL\/QL\/GP<\/td>\n<td class=\"et3\">25\/30 mm<\/td>\n<\/tr>\n<\/tbody>\n<\/table>","protected":false},"excerpt":{"rendered":"<ul>\n<li>Wykonane z wytrzyma\u0142ego aluminium, co pozwala na ca\u0142odzienne u\u017cytkowanie bez uczucia zm\u0119czenia.<\/li>\n<li>Wbudowana precyzja: Posiada okr\u0105g\u0142\u0105 libelk\u0119 o \u015brednicy 30 st\u00f3p i \u0142atw\u0105 do odczytania wewn\u0119trzn\u0105 skal\u0119 miernika, co zapewnia dok\u0142adn\u0105 konfiguracj\u0119.<\/li>\n<li>Kompatybilny z r\u00f3\u017cnymi adapterami pryzmatycznymi, aby dopasowa\u0107 go do konkretnego sprz\u0119tu.<\/li>\n<\/ul>","protected":false},"featured_media":3898,"comment_status":"open","ping_status":"closed","template":"","meta":[],"product_brand":[],"product_cat":[89,117],"product_tag":[],"class_list":{"0":"post-3897","1":"product","2":"type-product","3":"status-publish","4":"has-post-thumbnail","6":"product_cat-surveying-pole-rod","7":"product_cat-aluminum-prism-pole","9":"first","10":"instock","11":"shipping-taxable","12":"product-type-simple"},"_links":{"self":[{"href":"https:\/\/mountlaser.com\/pl\/wp-json\/wp\/v2\/product\/3897","targetHints":{"allow":["GET"]}}],"collection":[{"href":"https:\/\/mountlaser.com\/pl\/wp-json\/wp\/v2\/product"}],"about":[{"href":"https:\/\/mountlaser.com\/pl\/wp-json\/wp\/v2\/types\/product"}],"replies":[{"embeddable":true,"href":"https:\/\/mountlaser.com\/pl\/wp-json\/wp\/v2\/comments?post=3897"}],"wp:featuredmedia":[{"embeddable":true,"href":"https:\/\/mountlaser.com\/pl\/wp-json\/wp\/v2\/media\/3898"}],"wp:attachment":[{"href":"https:\/\/mountlaser.com\/pl\/wp-json\/wp\/v2\/media?parent=3897"}],"wp:term":[{"taxonomy":"product_brand","embeddable":true,"href":"https:\/\/mountlaser.com\/pl\/wp-json\/wp\/v2\/product_brand?post=3897"},{"taxonomy":"product_cat","embeddable":true,"href":"https:\/\/mountlaser.com\/pl\/wp-json\/wp\/v2\/product_cat?post=3897"},{"taxonomy":"product_tag","embeddable":true,"href":"https:\/\/mountlaser.com\/pl\/wp-json\/wp\/v2\/product_tag?post=3897"}],"curies":[{"name":"wp","href":"https:\/\/api.w.org\/{rel}","templated":true}]}}