{"id":3894,"date":"2025-11-10T09:08:51","date_gmt":"2025-11-10T09:08:51","guid":{"rendered":"https:\/\/mountlaser.com\/?post_type=product&#038;p=3894"},"modified":"2025-11-27T06:25:09","modified_gmt":"2025-11-27T06:25:09","slug":"tmm01-magnetic-mount","status":"publish","type":"product","link":"https:\/\/mountlaser.com\/pl\/produkt\/tmm01-magnetic-mount\/","title":{"rendered":"Uchwyt magnetyczny TMM01"},"content":{"rendered":"<p>Ten <a href=\"https:\/\/mountlaser.com\/pl\/\"><strong>Mocowanie potr\u00f3jnego magazynka<\/strong><\/a> to wysokiej jako\u015bci akcesorium GNSS, zaprojektowane z my\u015bl\u0105 o zapewnieniu doskona\u0142ej stabilno\u015bci i precyzji podczas pomiar\u00f3w geodezyjnych na ma\u0142ej wysoko\u015bci. Wykonany z wytrzyma\u0142ego aluminium i stali, ten uchwyt magnetyczny zapewnia solidn\u0105 i bezpieczn\u0105 podstaw\u0119 dla pryzmat\u00f3w, dzi\u0119ki czemu idealnie nadaje si\u0119 zar\u00f3wno do zastosowa\u0144 wewn\u0119trznych, jak i zewn\u0119trznych.<\/p>\n<p>Dzi\u0119ki potr\u00f3jnej podstawie magnetycznej o \u015brednicy 100 mm, mocowanie Triple Mag Mount oferuje wyj\u0105tkow\u0105 si\u0142\u0119 mocowania na ka\u017cdej powierzchni ferromagnetycznej, gwarantuj\u0105c stabilno\u015b\u0107 pryzmatu lub odbiornika GNSS nawet w trudnych warunkach. Dwie regulowane \u015bruby stopowe umo\u017cliwiaj\u0105 szybkie i precyzyjne poziomowanie, co czyni je sprawdzonym rozwi\u0105zaniem dla profesjonalist\u00f3w, kt\u00f3rzy wymagaj\u0105 dok\u0142adno\u015bci i wydajno\u015bci przy ka\u017cdym pomiarze.<\/p>\n<p><img fetchpriority=\"high\" decoding=\"async\" class=\"aligncenter wp-image-3886\" src=\"https:\/\/mountlaser.com\/wp-content\/uploads\/2025\/11\/TMM013.webp\" alt=\"TMM01 Triple Mag Mount\" width=\"500\" height=\"500\" srcset=\"https:\/\/mountlaser.com\/wp-content\/uploads\/2025\/11\/TMM013.webp 1000w, https:\/\/mountlaser.com\/wp-content\/uploads\/2025\/11\/TMM013-300x300.webp 300w, https:\/\/mountlaser.com\/wp-content\/uploads\/2025\/11\/TMM013-400x400.webp 400w, https:\/\/mountlaser.com\/wp-content\/uploads\/2025\/11\/TMM013-800x800.webp 800w, https:\/\/mountlaser.com\/wp-content\/uploads\/2025\/11\/TMM013-600x600.webp 600w, https:\/\/mountlaser.com\/wp-content\/uploads\/2025\/11\/TMM013-150x150.webp 150w, https:\/\/mountlaser.com\/wp-content\/uploads\/2025\/11\/TMM013-768x768.webp 768w, https:\/\/mountlaser.com\/wp-content\/uploads\/2025\/11\/TMM013-12x12.webp 12w\" sizes=\"(max-width: 500px) 100vw, 500px\" \/><\/p>\n<p>Ten <a href=\"https:\/\/mountlaser.com\/pl\/products\/\"><strong>Mocowanie magnetyczne<\/strong><\/a> \u0141atwy w monta\u017cu, demonta\u017cu i zmianie po\u0142o\u017cenia, zapewnia elastyczno\u015b\u0107 bez utraty stabilno\u015bci. Niezale\u017cnie od tego, czy jest u\u017cywany do planowania budowy, monitorowania deformacji, czy pomiar\u00f3w in\u017cynieryjnych, ten uchwyt Triple Mag gwarantuje niezawodno\u015b\u0107, powtarzalno\u015b\u0107 i solidn\u0105 wydajno\u015b\u0107.<\/p>","protected":false},"excerpt":{"rendered":"<ul>\n<li>Trwa\u0142a konstrukcja aluminiowo-stalowa<\/li>\n<li>Wyposa\u017cone w potr\u00f3jne magnesy zapewniaj\u0105ce doskona\u0142\u0105 si\u0142\u0119 trzymania<\/li>\n<li>Dwie regulowane \u015bruby stopowe do precyzyjnego poziomowania<\/li>\n<li>Kompatybilny z konfiguracjami pryzmatu i GNSS<\/li>\n<li>Idealny do pomiar\u00f3w na ma\u0142ej wysoko\u015bci lub z bliskiej odleg\u0142o\u015bci<\/li>\n<\/ul>","protected":false},"featured_media":3886,"comment_status":"open","ping_status":"closed","template":"","meta":[],"product_brand":[],"product_cat":[84,120],"product_tag":[],"class_list":{"0":"post-3894","1":"product","2":"type-product","3":"status-publish","4":"has-post-thumbnail","6":"product_cat-gnss-accessory","7":"product_cat-magnetic-mount","9":"first","10":"instock","11":"shipping-taxable","12":"product-type-simple"},"_links":{"self":[{"href":"https:\/\/mountlaser.com\/pl\/wp-json\/wp\/v2\/product\/3894","targetHints":{"allow":["GET"]}}],"collection":[{"href":"https:\/\/mountlaser.com\/pl\/wp-json\/wp\/v2\/product"}],"about":[{"href":"https:\/\/mountlaser.com\/pl\/wp-json\/wp\/v2\/types\/product"}],"replies":[{"embeddable":true,"href":"https:\/\/mountlaser.com\/pl\/wp-json\/wp\/v2\/comments?post=3894"}],"wp:featuredmedia":[{"embeddable":true,"href":"https:\/\/mountlaser.com\/pl\/wp-json\/wp\/v2\/media\/3886"}],"wp:attachment":[{"href":"https:\/\/mountlaser.com\/pl\/wp-json\/wp\/v2\/media?parent=3894"}],"wp:term":[{"taxonomy":"product_brand","embeddable":true,"href":"https:\/\/mountlaser.com\/pl\/wp-json\/wp\/v2\/product_brand?post=3894"},{"taxonomy":"product_cat","embeddable":true,"href":"https:\/\/mountlaser.com\/pl\/wp-json\/wp\/v2\/product_cat?post=3894"},{"taxonomy":"product_tag","embeddable":true,"href":"https:\/\/mountlaser.com\/pl\/wp-json\/wp\/v2\/product_tag?post=3894"}],"curies":[{"name":"wp","href":"https:\/\/api.w.org\/{rel}","templated":true}]}}