{"id":3852,"date":"2025-11-10T07:55:06","date_gmt":"2025-11-10T07:55:06","guid":{"rendered":"https:\/\/mountlaser.com\/?post_type=product&#038;p=3852"},"modified":"2025-11-27T06:43:52","modified_gmt":"2025-11-27T06:43:52","slug":"plastic-scanner-sphere","status":"publish","type":"product","link":"https:\/\/mountlaser.com\/pl\/produkt\/plastic-scanner-sphere\/","title":{"rendered":"Plastikowa kula skanera"},"content":{"rendered":"<p>Ten <a href=\"https:\/\/mountlaser.com\/pl\/\"><strong>Sfera referencyjna skanera laserowego<\/strong> <\/a>to lekki, precyzyjny celownik przeznaczony do precyzyjnego skanowania 3D i zastosowa\u0144 w osiowaniu. Zaprojektowany z my\u015bl\u0105 o profesjonalnych pracach geodezyjnych, in\u017cynieryjnych i budowlanych, <a href=\"https:\/\/mountlaser.com\/pl\/products\/\"><strong>plastikowe kule skanera<\/strong><\/a> zapewni\u0107 niezawodne punkty odniesienia w \u015brodowiskach skanowania laserowego, w kt\u00f3rych dok\u0142adno\u015b\u0107 i stabilno\u015b\u0107 maj\u0105 kluczowe znaczenie.<\/p>\n<p>Seria skaner\u00f3w laserowych Reference Sphere obejmuje dwa modele \u2014 N66203 i N66901 \u2014 oba precyzyjnie zaprojektowane z my\u015bl\u0105 o wyj\u0105tkowej wydajno\u015bci i wygodzie u\u017cytkownika. Model N66203, wykonany z wytrzyma\u0142ego tworzywa sztucznego, oferuje dopuszczalne odchylenie mniejsze ni\u017c 1,5 mm i wyposa\u017cony jest w dwa gwintowane mocowania M8, co zapewnia elastyczne opcje instalacji w r\u00f3\u017cnych konfiguracjach skanowania. Model N66901 jest wyposa\u017cony w kompaktow\u0105 podstaw\u0119 magnetyczn\u0105 o \u015brednicy 20 mm (0,8 cala), umo\u017cliwiaj\u0105c\u0105 szybkie i stabilne mocowanie do powierzchni metalowych, co przek\u0142ada si\u0119 na wydajno\u015b\u0107 pracy w terenie.<\/p>\n<p><img fetchpriority=\"high\" decoding=\"async\" class=\"aligncenter wp-image-3875\" src=\"https:\/\/mountlaser.com\/wp-content\/uploads\/2025\/11\/Scanner-Spheres5.webp\" alt=\"Laser Scanner Reference Sphere\" width=\"500\" height=\"500\" srcset=\"https:\/\/mountlaser.com\/wp-content\/uploads\/2025\/11\/Scanner-Spheres5.webp 1000w, https:\/\/mountlaser.com\/wp-content\/uploads\/2025\/11\/Scanner-Spheres5-300x300.webp 300w, https:\/\/mountlaser.com\/wp-content\/uploads\/2025\/11\/Scanner-Spheres5-400x400.webp 400w, https:\/\/mountlaser.com\/wp-content\/uploads\/2025\/11\/Scanner-Spheres5-800x800.webp 800w, https:\/\/mountlaser.com\/wp-content\/uploads\/2025\/11\/Scanner-Spheres5-600x600.webp 600w, https:\/\/mountlaser.com\/wp-content\/uploads\/2025\/11\/Scanner-Spheres5-150x150.webp 150w, https:\/\/mountlaser.com\/wp-content\/uploads\/2025\/11\/Scanner-Spheres5-768x768.webp 768w, https:\/\/mountlaser.com\/wp-content\/uploads\/2025\/11\/Scanner-Spheres5-12x12.webp 12w\" sizes=\"(max-width: 500px) 100vw, 500px\" \/><\/p>\n<p>Te <a href=\"https:\/\/mountlaser.com\/pl\/contact-us\/\">Sfery referencyjne skanera laserowego<\/a> Idealnie nadaj\u0105 si\u0119 do zada\u0144 zwi\u0105zanych z referencj\u0105, rejestracj\u0105 i wyr\u00f3wnywaniem w projektach skanowania laserowego. Ich lekka konstrukcja i precyzyjne tolerancje sprawiaj\u0105, \u017ce doskonale sprawdzaj\u0105 si\u0119 w zastosowaniach mobilnego mapowania, modelowania informacji o budynkach (BIM) oraz inspekcji przemys\u0142owej.<\/p>","protected":false},"excerpt":{"rendered":"<ul>\n<li>Wysoka dok\u0142adno\u015b\u0107: precyzyjne pomiary referencyjne<\/li>\n<li>Lekki i trwa\u0142y: Wykonany z wysokiej jako\u015bci tworzywa sztucznego, co u\u0142atwia przenoszenie i transport<\/li>\n<li>Elastyczna instalacja: Dwa gwintowane uchwyty M8 (N66203) lub podstawa magnetyczna (N66901) zapewniaj\u0105 wiele opcji monta\u017cu<\/li>\n<li>Stabilny punkt odniesienia: idealny do stosowania ze skanerami laserowymi naziemnymi i systemami obrazowania 3D<\/li>\n<\/ul>","protected":false},"featured_media":3873,"comment_status":"open","ping_status":"closed","template":"","meta":[],"product_brand":[],"product_cat":[80,119],"product_tag":[],"class_list":{"0":"post-3852","1":"product","2":"type-product","3":"status-publish","4":"has-post-thumbnail","6":"product_cat-scanner-sphere-target-laser-scanning","7":"product_cat-scanner-sphere-with-integrated-prism","9":"first","10":"instock","11":"shipping-taxable","12":"product-type-simple"},"_links":{"self":[{"href":"https:\/\/mountlaser.com\/pl\/wp-json\/wp\/v2\/product\/3852","targetHints":{"allow":["GET"]}}],"collection":[{"href":"https:\/\/mountlaser.com\/pl\/wp-json\/wp\/v2\/product"}],"about":[{"href":"https:\/\/mountlaser.com\/pl\/wp-json\/wp\/v2\/types\/product"}],"replies":[{"embeddable":true,"href":"https:\/\/mountlaser.com\/pl\/wp-json\/wp\/v2\/comments?post=3852"}],"wp:featuredmedia":[{"embeddable":true,"href":"https:\/\/mountlaser.com\/pl\/wp-json\/wp\/v2\/media\/3873"}],"wp:attachment":[{"href":"https:\/\/mountlaser.com\/pl\/wp-json\/wp\/v2\/media?parent=3852"}],"wp:term":[{"taxonomy":"product_brand","embeddable":true,"href":"https:\/\/mountlaser.com\/pl\/wp-json\/wp\/v2\/product_brand?post=3852"},{"taxonomy":"product_cat","embeddable":true,"href":"https:\/\/mountlaser.com\/pl\/wp-json\/wp\/v2\/product_cat?post=3852"},{"taxonomy":"product_tag","embeddable":true,"href":"https:\/\/mountlaser.com\/pl\/wp-json\/wp\/v2\/product_tag?post=3852"}],"curies":[{"name":"wp","href":"https:\/\/api.w.org\/{rel}","templated":true}]}}