{"id":3851,"date":"2025-11-10T07:21:43","date_gmt":"2025-11-10T07:21:43","guid":{"rendered":"https:\/\/mountlaser.com\/?post_type=product&#038;p=3851"},"modified":"2025-11-27T06:53:31","modified_gmt":"2025-11-27T06:53:31","slug":"bp004-scanner-sphere","status":"publish","type":"product","link":"https:\/\/mountlaser.com\/pl\/produkt\/bp004-scanner-sphere\/","title":{"rendered":"BP004 Sfera skanera"},"content":{"rendered":"<p>Ten <a href=\"https:\/\/mountlaser.com\/pl\/\"><strong>Skanuj\u0105ca kula z pryzmatem<\/strong><\/a> to profesjonalny celownik geodezyjny i do skanowania 3D, zaprojektowany z my\u015bl\u0105 o niezr\u00f3wnanej dok\u0142adno\u015bci i wszechstronno\u015bci. Zaprojektowany do u\u017cytku dwufunkcyjnego,<a href=\"https:\/\/mountlaser.com\/pl\/about-us\/\"><strong> Sfera skanuj\u0105ca ze zintegrowanym pryzmatem<\/strong><\/a> umo\u017cliwia bezproblemow\u0105 wsp\u00f3\u0142prac\u0119 zar\u00f3wno ze skanerami laserowymi, jak i tachimetrami, gwarantuj\u0105c idealne ustawienie i precyzj\u0119 w ka\u017cdym zadaniu pomiarowym.<\/p>\n<p>Ta 100-milimetrowa (3,94 cala) sfera skanuj\u0105ca z pryzmatem posiada precyzyjnie wycentrowany pryzmat odblaskowy o \u015brednicy 64,5 mm, gwarantuj\u0105cy dok\u0142adne wyr\u00f3wnanie geometrycznego \u015brodka kuli ze \u015brodkiem optycznym pryzmatu. Ta zintegrowana konstrukcja zapewnia niezawodne odniesienie z dowolnego kierunku skanowania, zapewniaj\u0105c sp\u00f3jne wyniki w precyzyjnych zastosowaniach geodezyjnych i in\u017cynieryjnych.<\/p>\n<p><img fetchpriority=\"high\" decoding=\"async\" class=\"aligncenter wp-image-3844 size-medium\" src=\"https:\/\/mountlaser.com\/wp-content\/uploads\/2025\/11\/3-10BP0043-300x300.webp\" alt=\"BP004 scanning sphere with prism\" width=\"300\" height=\"300\" srcset=\"https:\/\/mountlaser.com\/wp-content\/uploads\/2025\/11\/3-10BP0043-300x300.webp 300w, https:\/\/mountlaser.com\/wp-content\/uploads\/2025\/11\/3-10BP0043-400x400.webp 400w, https:\/\/mountlaser.com\/wp-content\/uploads\/2025\/11\/3-10BP0043-800x800.webp 800w, https:\/\/mountlaser.com\/wp-content\/uploads\/2025\/11\/3-10BP0043-600x600.webp 600w, https:\/\/mountlaser.com\/wp-content\/uploads\/2025\/11\/3-10BP0043-150x150.webp 150w, https:\/\/mountlaser.com\/wp-content\/uploads\/2025\/11\/3-10BP0043-768x768.webp 768w, https:\/\/mountlaser.com\/wp-content\/uploads\/2025\/11\/3-10BP0043-12x12.webp 12w, https:\/\/mountlaser.com\/wp-content\/uploads\/2025\/11\/3-10BP0043.webp 1000w\" sizes=\"(max-width: 300px) 100vw, 300px\" \/><\/p>\n<p>Wykonana z wytrzyma\u0142ego tworzywa sztucznego o idealnie kulistej powierzchni, sfera skanuj\u0105ca z pryzmatem zapewnia precyzyjne zbieranie danych 3D pod dowolnym k\u0105tem. Dost\u0119pna w dw\u00f3ch wersjach \u2014 <a href=\"https:\/\/mountlaser.com\/pl\/contact-us\/\">BP004A<\/a> (z blokad\u0105 na adapter szybkiego zwalniania typu szwajcarskiego) i BP004B (z blokad\u0105 szybkiego zwalniania) \u2014 idealnie wpasowuje si\u0119 w profesjonalne konfiguracje skanowania.<\/p>","protected":false},"excerpt":{"rendered":"<ul>\n<li>Konstrukcja o podw\u00f3jnej funkcji: \u0142\u0105czy odbijaj\u0105c\u0105 kul\u0119 i wy\u015brodkowany pryzmat o \u015brednicy 64,5 mm, zapewniaj\u0105c kompatybilno\u015b\u0107 ze skanerem laserowym i stacj\u0105 tachimetryczn\u0105<\/li>\n<li>Precyzyjne wyr\u00f3wnanie: pryzmat jest idealnie wyr\u00f3wnany wzgl\u0119dem geometrycznego \u015brodka kuli, co zapewnia wyj\u0105tkow\u0105 dok\u0142adno\u015b\u0107<\/li>\n<li>Wysoka dok\u0142adno\u015b\u0107 pod ka\u017cdym k\u0105tem: umo\u017cliwia skanowanie i pomiary 3D przy minimalnym b\u0142\u0119dzie konfiguracji<\/li>\n<li>Trwa\u0142a konstrukcja: Wykonana z najwy\u017cszej jako\u015bci tworzywa sztucznego zapewniaj\u0105cego wytrzyma\u0142o\u015b\u0107 i stabilno\u015b\u0107<\/li>\n<li>Elastyczne opcje monta\u017cu: Kompatybilny z systemami szybkiego zwalniania typu szwajcarskiego (modele BP004A \/ BP004B)<\/li>\n<\/ul>","protected":false},"featured_media":3844,"comment_status":"open","ping_status":"closed","template":"","meta":[],"product_brand":[],"product_cat":[80,119],"product_tag":[],"class_list":{"0":"post-3851","1":"product","2":"type-product","3":"status-publish","4":"has-post-thumbnail","6":"product_cat-scanner-sphere-target-laser-scanning","7":"product_cat-scanner-sphere-with-integrated-prism","9":"first","10":"instock","11":"shipping-taxable","12":"product-type-simple"},"_links":{"self":[{"href":"https:\/\/mountlaser.com\/pl\/wp-json\/wp\/v2\/product\/3851","targetHints":{"allow":["GET"]}}],"collection":[{"href":"https:\/\/mountlaser.com\/pl\/wp-json\/wp\/v2\/product"}],"about":[{"href":"https:\/\/mountlaser.com\/pl\/wp-json\/wp\/v2\/types\/product"}],"replies":[{"embeddable":true,"href":"https:\/\/mountlaser.com\/pl\/wp-json\/wp\/v2\/comments?post=3851"}],"wp:featuredmedia":[{"embeddable":true,"href":"https:\/\/mountlaser.com\/pl\/wp-json\/wp\/v2\/media\/3844"}],"wp:attachment":[{"href":"https:\/\/mountlaser.com\/pl\/wp-json\/wp\/v2\/media?parent=3851"}],"wp:term":[{"taxonomy":"product_brand","embeddable":true,"href":"https:\/\/mountlaser.com\/pl\/wp-json\/wp\/v2\/product_brand?post=3851"},{"taxonomy":"product_cat","embeddable":true,"href":"https:\/\/mountlaser.com\/pl\/wp-json\/wp\/v2\/product_cat?post=3851"},{"taxonomy":"product_tag","embeddable":true,"href":"https:\/\/mountlaser.com\/pl\/wp-json\/wp\/v2\/product_tag?post=3851"}],"curies":[{"name":"wp","href":"https:\/\/api.w.org\/{rel}","templated":true}]}}