{"id":3833,"date":"2025-11-10T06:23:53","date_gmt":"2025-11-10T06:23:53","guid":{"rendered":"https:\/\/mountlaser.com\/?post_type=product&#038;p=3833"},"modified":"2025-11-27T07:07:58","modified_gmt":"2025-11-27T07:07:58","slug":"st005-laser-scanner-target","status":"publish","type":"product","link":"https:\/\/mountlaser.com\/pl\/produkt\/st005-laser-scanner-target\/","title":{"rendered":"Cel skanera laserowego ST005"},"content":{"rendered":"<p>Ten <a href=\"https:\/\/mountlaser.com\/pl\/\"><strong>Kwadratowy cel laserowy<\/strong><\/a> ST005 to precyzyjnie zaprojektowany <a href=\"https:\/\/mountlaser.com\/pl\/products\/\"><strong>czarno-bia\u0142y cel laserowy<\/strong><\/a> Zaprojektowany do profesjonalnego skanowania laserowego, pomiar\u00f3w geodezyjnych i wyznaczania osi. Wykonany z wysokiej jako\u015bci aluminium, ten cel zapewnia d\u0142ugotrwa\u0142\u0105 trwa\u0142o\u015b\u0107 i stabilno\u015b\u0107 wymiarow\u0105, nawet w trudnych warunkach \u015brodowiskowych.<\/p>\n<p>Dzi\u0119ki powierzchni 200 \u00d7 200 mm, kwadratowa tarcza laserowa zapewnia du\u017cy, kontrastowy czarno-bia\u0142y wz\u00f3r, kt\u00f3ry poprawia widoczno\u015b\u0107 i precyzj\u0119 pomiaru oraz pozycjonowania. Pow\u0142oka malowana proszkowo i sitodruk zapewniaj\u0105 wyj\u0105tkow\u0105 odporno\u015b\u0107 na zu\u017cycie, gwarantuj\u0105c sta\u0142y wsp\u00f3\u0142czynnik odbicia i niezawodn\u0105 wydajno\u015b\u0107 przez d\u0142ugi czas.<\/p>\n<p><img fetchpriority=\"high\" decoding=\"async\" class=\"aligncenter wp-image-3834\" src=\"https:\/\/mountlaser.com\/wp-content\/uploads\/2025\/11\/ST0051.webp\" alt=\"ST005 Square laser target\" width=\"500\" height=\"500\" srcset=\"https:\/\/mountlaser.com\/wp-content\/uploads\/2025\/11\/ST0051.webp 1000w, https:\/\/mountlaser.com\/wp-content\/uploads\/2025\/11\/ST0051-300x300.webp 300w, https:\/\/mountlaser.com\/wp-content\/uploads\/2025\/11\/ST0051-400x400.webp 400w, https:\/\/mountlaser.com\/wp-content\/uploads\/2025\/11\/ST0051-800x800.webp 800w, https:\/\/mountlaser.com\/wp-content\/uploads\/2025\/11\/ST0051-600x600.webp 600w, https:\/\/mountlaser.com\/wp-content\/uploads\/2025\/11\/ST0051-150x150.webp 150w, https:\/\/mountlaser.com\/wp-content\/uploads\/2025\/11\/ST0051-768x768.webp 768w, https:\/\/mountlaser.com\/wp-content\/uploads\/2025\/11\/ST0051-12x12.webp 12w\" sizes=\"(max-width: 500px) 100vw, 500px\" \/><\/p>\n<p>Laser kwadratowy <a href=\"https:\/\/mountlaser.com\/pl\/contact-us\/\">Cel ST005<\/a> wyposa\u017cony jest w adapter szybkiego monta\u017cu, umo\u017cliwiaj\u0105cy szybk\u0105 i bezpieczn\u0105 instalacj\u0119 w r\u00f3\u017cnych systemach monta\u017cowych, co czyni go wygodnym i wydajnym narz\u0119dziem dla profesjonalist\u00f3w pracuj\u0105cych w terenie.<\/p>","protected":false},"excerpt":{"rendered":"<ul>\n<li>Wykonane z trwa\u0142ego aluminium zapewniaj\u0105cego wyj\u0105tkow\u0105 trwa\u0142o\u015b\u0107<\/li>\n<li>Du\u017cy, kwadratowy kszta\u0142t o wymiarach 200 \u00d7 200 mm zapewniaj\u0105cy wi\u0119ksz\u0105 precyzj\u0119<\/li>\n<li>Malowanie proszkowe + sitodruk dla uzyskania powierzchni o wysokim kontra\u015bcie w czerni i bieli<\/li>\n<li>Szybkoz\u0142\u0105czka umo\u017cliwiaj\u0105ca szybk\u0105 i stabiln\u0105 konfiguracj\u0119<\/li>\n<li>Zoptymalizowany pod k\u0105tem skaner\u00f3w laserowych i instrument\u00f3w geodezyjnych<\/li>\n<\/ul>","protected":false},"featured_media":3834,"comment_status":"open","ping_status":"closed","template":"","meta":[],"product_brand":[],"product_cat":[80,118],"product_tag":[],"class_list":{"0":"post-3833","1":"product","2":"type-product","3":"status-publish","4":"has-post-thumbnail","6":"product_cat-scanner-sphere-target-laser-scanning","7":"product_cat-checkerboard-target","9":"first","10":"instock","11":"shipping-taxable","12":"product-type-simple"},"_links":{"self":[{"href":"https:\/\/mountlaser.com\/pl\/wp-json\/wp\/v2\/product\/3833","targetHints":{"allow":["GET"]}}],"collection":[{"href":"https:\/\/mountlaser.com\/pl\/wp-json\/wp\/v2\/product"}],"about":[{"href":"https:\/\/mountlaser.com\/pl\/wp-json\/wp\/v2\/types\/product"}],"replies":[{"embeddable":true,"href":"https:\/\/mountlaser.com\/pl\/wp-json\/wp\/v2\/comments?post=3833"}],"wp:featuredmedia":[{"embeddable":true,"href":"https:\/\/mountlaser.com\/pl\/wp-json\/wp\/v2\/media\/3834"}],"wp:attachment":[{"href":"https:\/\/mountlaser.com\/pl\/wp-json\/wp\/v2\/media?parent=3833"}],"wp:term":[{"taxonomy":"product_brand","embeddable":true,"href":"https:\/\/mountlaser.com\/pl\/wp-json\/wp\/v2\/product_brand?post=3833"},{"taxonomy":"product_cat","embeddable":true,"href":"https:\/\/mountlaser.com\/pl\/wp-json\/wp\/v2\/product_cat?post=3833"},{"taxonomy":"product_tag","embeddable":true,"href":"https:\/\/mountlaser.com\/pl\/wp-json\/wp\/v2\/product_tag?post=3833"}],"curies":[{"name":"wp","href":"https:\/\/api.w.org\/{rel}","templated":true}]}}