{"id":3816,"date":"2025-11-10T05:38:28","date_gmt":"2025-11-10T05:38:28","guid":{"rendered":"https:\/\/mountlaser.com\/?post_type=product&#038;p=3816"},"modified":"2025-11-27T07:03:13","modified_gmt":"2025-11-27T07:03:13","slug":"st002-hds-laser-scanner-target","status":"publish","type":"product","link":"https:\/\/mountlaser.com\/pl\/produkt\/st002-hds-laser-scanner-target\/","title":{"rendered":"Cel skanera laserowego ST002\/HDS"},"content":{"rendered":"<p>Ten<a href=\"https:\/\/mountlaser.com\/pl\/\"><strong> Przechylany cel<\/strong> <\/a>Czarno-bia\u0142e tarcze pomiarowe ST002 i HDS to precyzyjnie zaprojektowane narz\u0119dzia przeznaczone do profesjonalnego skanowania laserowego 3D i pomiar\u00f3w geodezyjnych. Oba modele zapewniaj\u0105 precyzyjn\u0105 rejestracj\u0119 punkt\u00f3w i ich wsp\u00f3\u0142osiowo\u015b\u0107 w z\u0142o\u017conych \u015brodowiskach skanowania.<\/p>\n<p>Tarcza uchylna ST002 ma aluminiow\u0105 obudow\u0119 o \u015brednicy 152 mm (6 cali) z pow\u0142ok\u0105 odblaskow\u0105 3M, zapewniaj\u0105c\u0105 wysok\u0105 widoczno\u015b\u0107 i precyzyjne odbicie, co przek\u0142ada si\u0119 na zwi\u0119kszon\u0105 dok\u0142adno\u015b\u0107 skanowania. Gwint \u017ce\u0144ski 5\/8\u2033-11 i magnetyczna podstawa u\u0142atwiaj\u0105 bezpieczny monta\u017c na powierzchniach metalowych lub statywach, umo\u017cliwiaj\u0105c elastyczne pozycjonowanie podczas prac w terenie.<\/p>\n<p>HDS <a href=\"https:\/\/mountlaser.com\/pl\/products\/\"><strong>Czarno-bia\u0142y cel<\/strong> <\/a>Posiada t\u0119 sam\u0105 aluminiow\u0105 konstrukcj\u0119 o d\u0142ugo\u015bci 152 mm, ale posiada pow\u0142ok\u0119 proszkow\u0105 i sitodruk, co zapewnia kontrastowy wz\u00f3r, poprawiaj\u0105cy wykrywanie cel\u00f3w i stabilno\u015b\u0107. Obie wersje z przechylanym celem idealnie nadaj\u0105 si\u0119 do skanowania wymagaj\u0105cego niezawodnych, powtarzalnych i dobrze widocznych punkt\u00f3w odniesienia.<\/p>\n<p><strong><a href=\"https:\/\/mountlaser.com\/pl\/contact-us\/\">Cel skanera laserowego ST002\/HDS<\/a> Specyfikacje<\/strong><\/p>\n<table width=\"587\">\n<tbody>\n<tr>\n<td width=\"72\">Model<\/td>\n<td width=\"254\">Zdj\u0119cie<\/td>\n<td width=\"261\">Parametry<\/td>\n<\/tr>\n<tr>\n<td>ST002<\/td>\n<td><img fetchpriority=\"high\" decoding=\"async\" class=\"alignnone wp-image-3817 size-medium\" src=\"https:\/\/mountlaser.com\/wp-content\/uploads\/2025\/11\/ST0021-300x300.webp\" alt=\"ST002 Tilting Target\" width=\"300\" height=\"300\" srcset=\"https:\/\/mountlaser.com\/wp-content\/uploads\/2025\/11\/ST0021-300x300.webp 300w, https:\/\/mountlaser.com\/wp-content\/uploads\/2025\/11\/ST0021-400x400.webp 400w, https:\/\/mountlaser.com\/wp-content\/uploads\/2025\/11\/ST0021-800x800.webp 800w, https:\/\/mountlaser.com\/wp-content\/uploads\/2025\/11\/ST0021-600x600.webp 600w, https:\/\/mountlaser.com\/wp-content\/uploads\/2025\/11\/ST0021-150x150.webp 150w, https:\/\/mountlaser.com\/wp-content\/uploads\/2025\/11\/ST0021-768x768.webp 768w, https:\/\/mountlaser.com\/wp-content\/uploads\/2025\/11\/ST0021-12x12.webp 12w, https:\/\/mountlaser.com\/wp-content\/uploads\/2025\/11\/ST0021.webp 1000w\" sizes=\"(max-width: 300px) 100vw, 300px\" \/><\/td>\n<td width=\"261\">MATERIA\u0141: aluminium<br \/>\nROZMIAR DOCELOWY: OD152 mm (6,0 cala)<br \/>\nOBR\u00d3BKA POWIERZCHNI: Arkusz odblaskowy 3M<br \/>\nADAPTER: \u017ce\u0144ski gwint 5\/8\u2033-11, podstawa magnetyczna<\/td>\n<\/tr>\n<tr>\n<td>HDS<\/td>\n<td><img decoding=\"async\" class=\"alignnone wp-image-3828 size-medium\" src=\"https:\/\/mountlaser.com\/wp-content\/uploads\/2025\/11\/HDS-Sanning-Target\uff084\uff09-300x300.webp\" alt=\"HDS Tilting Target \" width=\"300\" height=\"300\" srcset=\"https:\/\/mountlaser.com\/wp-content\/uploads\/2025\/11\/HDS-Sanning-Target\uff084\uff09-300x300.webp 300w, https:\/\/mountlaser.com\/wp-content\/uploads\/2025\/11\/HDS-Sanning-Target\uff084\uff09-400x400.webp 400w, https:\/\/mountlaser.com\/wp-content\/uploads\/2025\/11\/HDS-Sanning-Target\uff084\uff09-800x800.webp 800w, https:\/\/mountlaser.com\/wp-content\/uploads\/2025\/11\/HDS-Sanning-Target\uff084\uff09-600x600.webp 600w, https:\/\/mountlaser.com\/wp-content\/uploads\/2025\/11\/HDS-Sanning-Target\uff084\uff09-150x150.webp 150w, https:\/\/mountlaser.com\/wp-content\/uploads\/2025\/11\/HDS-Sanning-Target\uff084\uff09-768x768.webp 768w, https:\/\/mountlaser.com\/wp-content\/uploads\/2025\/11\/HDS-Sanning-Target\uff084\uff09-12x12.webp 12w, https:\/\/mountlaser.com\/wp-content\/uploads\/2025\/11\/HDS-Sanning-Target\uff084\uff09.webp 1000w\" sizes=\"(max-width: 300px) 100vw, 300px\" \/><\/td>\n<td width=\"261\">MATERIA\u0141: aluminium<br \/>\nROZMIAR DOCELOWY: OD152 mm (6,0 cala)<br \/>\nOBR\u00d3BKA POWIERZCHNI: Malowanie proszkowe + Sitodruk<br \/>\nADAPTER: \u017ce\u0144ski gwint 5\/8\u2033-11, podstawa magnetyczna<\/td>\n<\/tr>\n<\/tbody>\n<\/table>","protected":false},"excerpt":{"rendered":"<ul>\n<li>Konstrukcja tarczy przechylnej o wysokiej dok\u0142adno\u015bci do profesjonalnych zastosowa\u0144 skanowania laserowego<\/li>\n<li>Trwa\u0142a obudowa aluminiowa o doskona\u0142ej stabilno\u015bci wymiarowej<\/li>\n<li>ST002: Powierzchnia odblaskowa 3M zapewniaj\u0105ca lepszy powr\u00f3t sygna\u0142u<\/li>\n<li>HDS: Cel malowany proszkowo na czarno i bia\u0142o, zapewniaj\u0105cy wyra\u017an\u0105 widoczno\u015b\u0107<\/li>\n<li>Podstawa magnetyczna i gwint \u017ce\u0144ski 5\/8\u2033-11 umo\u017cliwiaj\u0105cy elastyczny monta\u017c<\/li>\n<li>Rozmiar docelowy 152 mm (6,0 cala) zapewnia sp\u00f3jn\u0105 wydajno\u015b\u0107<\/li>\n<\/ul>","protected":false},"featured_media":3828,"comment_status":"open","ping_status":"closed","template":"","meta":[],"product_brand":[],"product_cat":[72,118,80],"product_tag":[],"class_list":{"0":"post-3816","1":"product","2":"type-product","3":"status-publish","4":"has-post-thumbnail","6":"product_cat-reflective-target-prism","7":"product_cat-checkerboard-target","8":"product_cat-scanner-sphere-target-laser-scanning","10":"first","11":"instock","12":"shipping-taxable","13":"product-type-simple"},"_links":{"self":[{"href":"https:\/\/mountlaser.com\/pl\/wp-json\/wp\/v2\/product\/3816","targetHints":{"allow":["GET"]}}],"collection":[{"href":"https:\/\/mountlaser.com\/pl\/wp-json\/wp\/v2\/product"}],"about":[{"href":"https:\/\/mountlaser.com\/pl\/wp-json\/wp\/v2\/types\/product"}],"replies":[{"embeddable":true,"href":"https:\/\/mountlaser.com\/pl\/wp-json\/wp\/v2\/comments?post=3816"}],"wp:featuredmedia":[{"embeddable":true,"href":"https:\/\/mountlaser.com\/pl\/wp-json\/wp\/v2\/media\/3828"}],"wp:attachment":[{"href":"https:\/\/mountlaser.com\/pl\/wp-json\/wp\/v2\/media?parent=3816"}],"wp:term":[{"taxonomy":"product_brand","embeddable":true,"href":"https:\/\/mountlaser.com\/pl\/wp-json\/wp\/v2\/product_brand?post=3816"},{"taxonomy":"product_cat","embeddable":true,"href":"https:\/\/mountlaser.com\/pl\/wp-json\/wp\/v2\/product_cat?post=3816"},{"taxonomy":"product_tag","embeddable":true,"href":"https:\/\/mountlaser.com\/pl\/wp-json\/wp\/v2\/product_tag?post=3816"}],"curies":[{"name":"wp","href":"https:\/\/api.w.org\/{rel}","templated":true}]}}