{"id":3806,"date":"2025-11-10T04:50:10","date_gmt":"2025-11-10T04:50:10","guid":{"rendered":"https:\/\/mountlaser.com\/?post_type=product&#038;p=3806"},"modified":"2025-11-27T07:44:16","modified_gmt":"2025-11-27T07:44:16","slug":"st001-gzt21-laser-scanner-target","status":"publish","type":"product","link":"https:\/\/mountlaser.com\/pl\/produkt\/st001-gzt21-laser-scanner-target\/","title":{"rendered":"Cel skanera laserowego ST001\/GZT21"},"content":{"rendered":"<p>Ten<a href=\"https:\/\/mountlaser.com\/pl\/\"><strong> Cel skanowania ST001<\/strong><\/a> i GZT21 s\u0105 wysoce precyzyjne <a href=\"https:\/\/mountlaser.com\/pl\/products\/\"><strong>Okr\u0105g\u0142e tarcze szachownicowe<\/strong><\/a> Zaprojektowane do skanowania laserowego 3D, osiowania i referencji. Zaprojektowane dla profesjonalist\u00f3w wymagaj\u0105cych dok\u0142adno\u015bci i wytrzyma\u0142o\u015bci, oba modele zapewniaj\u0105 wyj\u0105tkow\u0105 wydajno\u015b\u0107 w terenie i wewn\u0105trz pomieszcze\u0144.<\/p>\n<p>Tarcza skanuj\u0105ca ST001 ma kompaktow\u0105 aluminiow\u0105 obudow\u0119 o \u015brednicy zewn\u0119trznej 80 mm (3,1 cala), natomiast tarcza GZT21 ma wi\u0119ksz\u0105 obudow\u0119 o \u015brednicy zewn\u0119trznej 115 mm (4,5 cala), co zapewnia lepsz\u0105 widoczno\u015b\u0107. Ka\u017cda okr\u0105g\u0142a tarcza szachownicowa jest wykonana z wysokiej jako\u015bci aluminium, co gwarantuje doskona\u0142\u0105 stabilno\u015b\u0107 i d\u0142ugotrwa\u0142e u\u017cytkowanie. Powierzchnia jest wyko\u0144czona pow\u0142ok\u0105 proszkow\u0105 i sitodrukiem, co zapewnia doskona\u0142y kontrast oraz odporno\u015b\u0107 na zu\u017cycie i czynniki \u015brodowiskowe.<\/p>\n<p>Oba <a href=\"https:\/\/mountlaser.com\/pl\/contact-us\/\">Cel skanowania ST001<\/a> i Round Checkerboard Target GZT21 s\u0105 kompatybilne z adapterami szybkiego monta\u017cu typu Swiss-Style, co umo\u017cliwia szybk\u0105 konfiguracj\u0119 i bezpieczn\u0105 instalacj\u0119 podczas skanowania.<\/p>\n<p><strong>Specyfikacja celu skanera laserowego ST001\/GZT21<\/strong><\/p>\n<table width=\"587\">\n<tbody>\n<tr>\n<td width=\"72\">Model<\/td>\n<td width=\"254\">Zdj\u0119cie<\/td>\n<td width=\"261\">Parametry<\/td>\n<\/tr>\n<tr>\n<td>ST001<\/td>\n<td><img fetchpriority=\"high\" decoding=\"async\" class=\"alignnone wp-image-3799 size-medium\" src=\"https:\/\/mountlaser.com\/wp-content\/uploads\/2025\/11\/ST0012-300x300.webp\" alt=\"Scanning Target ST001\" width=\"300\" height=\"300\" srcset=\"https:\/\/mountlaser.com\/wp-content\/uploads\/2025\/11\/ST0012-300x300.webp 300w, https:\/\/mountlaser.com\/wp-content\/uploads\/2025\/11\/ST0012-400x400.webp 400w, https:\/\/mountlaser.com\/wp-content\/uploads\/2025\/11\/ST0012-800x800.webp 800w, https:\/\/mountlaser.com\/wp-content\/uploads\/2025\/11\/ST0012-600x600.webp 600w, https:\/\/mountlaser.com\/wp-content\/uploads\/2025\/11\/ST0012-150x150.webp 150w, https:\/\/mountlaser.com\/wp-content\/uploads\/2025\/11\/ST0012-768x768.webp 768w, https:\/\/mountlaser.com\/wp-content\/uploads\/2025\/11\/ST0012-12x12.webp 12w, https:\/\/mountlaser.com\/wp-content\/uploads\/2025\/11\/ST0012.webp 1000w\" sizes=\"(max-width: 300px) 100vw, 300px\" \/><\/td>\n<td width=\"261\">MATERIA\u0141: aluminium<br \/>\nROZMIAR DOCELOWY: OD80 mm (3,1 cala)<br \/>\nOBR\u00d3BKA POWIERZCHNI: Malowanie proszkowe + Sitodruk<br \/>\nADAPTER: Pasuje do adaptera szybkoz\u0142\u0105czki typu szwajcarskiego<\/td>\n<\/tr>\n<tr>\n<td>GZT21<\/td>\n<td><img decoding=\"async\" class=\"alignnone size-medium wp-image-3808\" src=\"https:\/\/mountlaser.com\/wp-content\/uploads\/2025\/11\/GZT212-300x300.webp\" alt=\"\" width=\"300\" height=\"300\" srcset=\"https:\/\/mountlaser.com\/wp-content\/uploads\/2025\/11\/GZT212-300x300.webp 300w, https:\/\/mountlaser.com\/wp-content\/uploads\/2025\/11\/GZT212-400x400.webp 400w, https:\/\/mountlaser.com\/wp-content\/uploads\/2025\/11\/GZT212-800x800.webp 800w, https:\/\/mountlaser.com\/wp-content\/uploads\/2025\/11\/GZT212-600x600.webp 600w, https:\/\/mountlaser.com\/wp-content\/uploads\/2025\/11\/GZT212-150x150.webp 150w, https:\/\/mountlaser.com\/wp-content\/uploads\/2025\/11\/GZT212-768x768.webp 768w, https:\/\/mountlaser.com\/wp-content\/uploads\/2025\/11\/GZT212-12x12.webp 12w, https:\/\/mountlaser.com\/wp-content\/uploads\/2025\/11\/GZT212.webp 1000w\" sizes=\"(max-width: 300px) 100vw, 300px\" \/><\/td>\n<td width=\"261\">MATERIA\u0141: aluminium<br \/>\nROZMIAR DOCELOWY: OD115 mm (4,5 cala)<br \/>\nOBR\u00d3BKA POWIERZCHNI: Malowanie proszkowe + Sitodruk<br \/>\nADAPTER: Pasuje do adaptera szybkoz\u0142\u0105czki typu szwajcarskiego<\/td>\n<\/tr>\n<\/tbody>\n<\/table>","protected":false},"excerpt":{"rendered":"<ul>\n<li>Bardzo precyzyjny okr\u0105g\u0142y cel szachownicy do skanowania laserowego 3D i pomiar\u00f3w geodezyjnych<\/li>\n<li>Trwa\u0142a aluminiowa konstrukcja gwarantuje stabilno\u015b\u0107 i d\u0142ug\u0105 \u017cywotno\u015b\u0107<\/li>\n<li>Powierzchnia malowana proszkowo i zadrukowana metod\u0105 sitodruku dla lepszej widoczno\u015bci i kontrastu<\/li>\n<li>Kompatybilny z adapterami szybkiego monta\u017cu typu Swiss, zapewniaj\u0105cymi szybki i niezawodny monta\u017c<\/li>\n<\/ul>","protected":false},"featured_media":3798,"comment_status":"open","ping_status":"closed","template":"","meta":[],"product_brand":[],"product_cat":[80,118],"product_tag":[],"class_list":{"0":"post-3806","1":"product","2":"type-product","3":"status-publish","4":"has-post-thumbnail","6":"product_cat-scanner-sphere-target-laser-scanning","7":"product_cat-checkerboard-target","9":"first","10":"instock","11":"shipping-taxable","12":"product-type-simple"},"_links":{"self":[{"href":"https:\/\/mountlaser.com\/pl\/wp-json\/wp\/v2\/product\/3806","targetHints":{"allow":["GET"]}}],"collection":[{"href":"https:\/\/mountlaser.com\/pl\/wp-json\/wp\/v2\/product"}],"about":[{"href":"https:\/\/mountlaser.com\/pl\/wp-json\/wp\/v2\/types\/product"}],"replies":[{"embeddable":true,"href":"https:\/\/mountlaser.com\/pl\/wp-json\/wp\/v2\/comments?post=3806"}],"wp:featuredmedia":[{"embeddable":true,"href":"https:\/\/mountlaser.com\/pl\/wp-json\/wp\/v2\/media\/3798"}],"wp:attachment":[{"href":"https:\/\/mountlaser.com\/pl\/wp-json\/wp\/v2\/media?parent=3806"}],"wp:term":[{"taxonomy":"product_brand","embeddable":true,"href":"https:\/\/mountlaser.com\/pl\/wp-json\/wp\/v2\/product_brand?post=3806"},{"taxonomy":"product_cat","embeddable":true,"href":"https:\/\/mountlaser.com\/pl\/wp-json\/wp\/v2\/product_cat?post=3806"},{"taxonomy":"product_tag","embeddable":true,"href":"https:\/\/mountlaser.com\/pl\/wp-json\/wp\/v2\/product_tag?post=3806"}],"curies":[{"name":"wp","href":"https:\/\/api.w.org\/{rel}","templated":true}]}}