{"id":3781,"date":"2025-11-10T01:23:07","date_gmt":"2025-11-10T01:23:07","guid":{"rendered":"https:\/\/mountlaser.com\/?post_type=product&#038;p=3781"},"modified":"2025-11-27T07:49:16","modified_gmt":"2025-11-27T07:49:16","slug":"american-style-360prism","status":"publish","type":"product","link":"https:\/\/mountlaser.com\/pl\/produkt\/american-style-360prism\/","title":{"rendered":"Pryzmat 360\u00b0 TR360 w stylu ameryka\u0144skim"},"content":{"rendered":"<p>PRYZMAT 360\u00b0 W STYLU AMERYKA\u0143SKIM \u2013 Niezawodny pryzmat 360\u00b0 w stylu Trimble do precyzyjnych pomiar\u00f3w geodezyjnych<\/p>\n<p>PRISM 360\u00b0 STYLU AMERYKA\u0143SKIEGO to produkt klasy profesjonalnej <a href=\"https:\/\/mountlaser.com\/pl\/\"><strong>Pryzmat 360\u00b0 w stylu Trimble<\/strong><\/a> Zaprojektowane, aby zapewni\u0107 wyj\u0105tkow\u0105 precyzj\u0119 i trwa\u0142o\u015b\u0107 w wymagaj\u0105cych pracach terenowych. Zaprojektowane, aby dzia\u0142a\u0107 bezproblemowo jako <a href=\"https:\/\/mountlaser.com\/pl\/products\/\"><strong>Pryzmat 360 dla Trimble<\/strong><\/a> tachimetr\u00f3w, model ten zapewnia sp\u00f3jne i stabilne odbicie sygna\u0142u ze wszystkich kierunk\u00f3w.<\/p>\n<p>Zbudowany z siedmiu posrebrzanych pryzmat\u00f3w, pryzmat 360\u00b0 w stylu Trimble oferuje doskona\u0142\u0105 refleksyjno\u015b\u0107 i niezawodno\u015b\u0107 pomiaru. Dzi\u0119ki sta\u0142ej pryzmatu +2 mm i dok\u0142adno\u015bci centrowania \u00b12,0 mm, gwarantuje wysok\u0105 precyzj\u0119 w zr\u00f3\u017cnicowanych warunkach pomiarowych. Wbudowana libella p\u0119cherzykowa o \u015brednicy 20 st\u00f3p (6 m) u\u0142atwia ustawienie w pionie, a gwint monta\u017cowy 5\/8\u201d-11 zapewnia uniwersaln\u0105 kompatybilno\u015b\u0107 z szerok\u0105 gam\u0105 tyczkami i spodarkami geodezyjnymi.<\/p>\n<p><img fetchpriority=\"high\" decoding=\"async\" class=\"aligncenter wp-image-3784\" src=\"https:\/\/mountlaser.com\/wp-content\/uploads\/2025\/11\/TR360A3.webp\" alt=\"TR360 Trimble-style 360\u00b0 prism\" width=\"500\" height=\"500\" srcset=\"https:\/\/mountlaser.com\/wp-content\/uploads\/2025\/11\/TR360A3.webp 1000w, https:\/\/mountlaser.com\/wp-content\/uploads\/2025\/11\/TR360A3-300x300.webp 300w, https:\/\/mountlaser.com\/wp-content\/uploads\/2025\/11\/TR360A3-400x400.webp 400w, https:\/\/mountlaser.com\/wp-content\/uploads\/2025\/11\/TR360A3-800x800.webp 800w, https:\/\/mountlaser.com\/wp-content\/uploads\/2025\/11\/TR360A3-600x600.webp 600w, https:\/\/mountlaser.com\/wp-content\/uploads\/2025\/11\/TR360A3-150x150.webp 150w, https:\/\/mountlaser.com\/wp-content\/uploads\/2025\/11\/TR360A3-768x768.webp 768w, https:\/\/mountlaser.com\/wp-content\/uploads\/2025\/11\/TR360A3-12x12.webp 12w\" sizes=\"(max-width: 500px) 100vw, 500px\" \/><\/p>\n<p>Ten <a href=\"https:\/\/mountlaser.com\/pl\/contact-us\/\">Pryzmat 360 dla Trimble<\/a> Zosta\u0142 zaprojektowany z my\u015bl\u0105 o profesjonalistach pracuj\u0105cych w terenie, kt\u00f3rzy wymagaj\u0105 precyzji, stabilno\u015bci i wydajno\u015bci. Wytrzyma\u0142a metalowa konstrukcja wyd\u0142u\u017ca \u017cywotno\u015b\u0107, dzi\u0119ki czemu pryzmat 360\u00b0 w stylu Trimble jest idealnym rozwi\u0105zaniem do zastosowa\u0144 topograficznych, in\u017cynieryjnych i budowlanych.<\/p>","protected":false},"excerpt":{"rendered":"<ul>\n<li>Wyposa\u017cony w siedem pryzmat\u00f3w pokrytych srebrem, zapewniaj\u0105cych lepsze odbicie \u015bwiat\u0142a<\/li>\n<li>Zapewnij najwy\u017csz\u0105 precyzj\u0119 pomiaru<\/li>\n<li>Do uniwersalnego mocowania i stabilno\u015bci<\/li>\n<\/ul>","protected":false},"featured_media":3784,"comment_status":"open","ping_status":"closed","template":"","meta":[],"product_brand":[],"product_cat":[72,115],"product_tag":[],"class_list":{"0":"post-3781","1":"product","2":"type-product","3":"status-publish","4":"has-post-thumbnail","6":"product_cat-reflective-target-prism","7":"product_cat-wide-angle-prism","9":"first","10":"instock","11":"shipping-taxable","12":"product-type-simple"},"_links":{"self":[{"href":"https:\/\/mountlaser.com\/pl\/wp-json\/wp\/v2\/product\/3781","targetHints":{"allow":["GET"]}}],"collection":[{"href":"https:\/\/mountlaser.com\/pl\/wp-json\/wp\/v2\/product"}],"about":[{"href":"https:\/\/mountlaser.com\/pl\/wp-json\/wp\/v2\/types\/product"}],"replies":[{"embeddable":true,"href":"https:\/\/mountlaser.com\/pl\/wp-json\/wp\/v2\/comments?post=3781"}],"wp:featuredmedia":[{"embeddable":true,"href":"https:\/\/mountlaser.com\/pl\/wp-json\/wp\/v2\/media\/3784"}],"wp:attachment":[{"href":"https:\/\/mountlaser.com\/pl\/wp-json\/wp\/v2\/media?parent=3781"}],"wp:term":[{"taxonomy":"product_brand","embeddable":true,"href":"https:\/\/mountlaser.com\/pl\/wp-json\/wp\/v2\/product_brand?post=3781"},{"taxonomy":"product_cat","embeddable":true,"href":"https:\/\/mountlaser.com\/pl\/wp-json\/wp\/v2\/product_cat?post=3781"},{"taxonomy":"product_tag","embeddable":true,"href":"https:\/\/mountlaser.com\/pl\/wp-json\/wp\/v2\/product_tag?post=3781"}],"curies":[{"name":"wp","href":"https:\/\/api.w.org\/{rel}","templated":true}]}}