{"id":3776,"date":"2025-11-07T09:18:43","date_gmt":"2025-11-07T09:18:43","guid":{"rendered":"https:\/\/mountlaser.com\/?post_type=product&#038;p=3776"},"modified":"2025-11-27T07:54:09","modified_gmt":"2025-11-27T07:54:09","slug":"dz060-125-aluminum-prism-pole","status":"publish","type":"product","link":"https:\/\/mountlaser.com\/pl\/produkt\/dz060-125-aluminum-prism-pole\/","title":{"rendered":"DZ060\/125 Aluminiowy s\u0142up pryzmatyczny"},"content":{"rendered":"<p>Ten <a href=\"https:\/\/mountlaser.com\/pl\/\"><strong>Pryzmatyczny s\u0142up aluminiowy DZ<\/strong><\/a> Wyznacza nowy standard precyzji i wytrzyma\u0142o\u015bci w geodezji terenowej. Wykonany z wysokiej jako\u015bci stopu aluminium, ten maszt oferuje idealne po\u0142\u0105czenie lekko\u015bci i wyj\u0105tkowej wytrzyma\u0142o\u015bci, co czyni go niezast\u0105pionym narz\u0119dziem dla geodet\u00f3w pracuj\u0105cych w trudnych warunkach na placu budowy.<\/p>\n<p>Tym, co naprawd\u0119 wyr\u00f3\u017cnia pryzmat aluminiowy DZ, jest solidny, aluminiowy mechanizm blokuj\u0105cy, kt\u00f3ry zapewnia doskona\u0142\u0105 wytrzyma\u0142o\u015b\u0107 i gwarantuje d\u0142ugotrwa\u0142\u0105 niezawodno\u015b\u0107 przy ka\u017cdym u\u017cyciu. Wyposa\u017cony w precyzyjn\u0105 libell\u0119 okr\u0105g\u0142\u0105 o \u015brednicy 30 st\u00f3p (9,1 m), umo\u017cliwia szybkie i dok\u0142adne pomiary bezb\u0142\u0119dne. Rura wewn\u0119trzna posiada czyteln\u0105 skal\u0119 pomiarow\u0105 do bezpo\u015bredniego odczytu, a dost\u0119pne adaptery oferuj\u0105 wszechstronne mo\u017cliwo\u015bci monta\u017cu pryzmatu.<\/p>\n<p><a href=\"https:\/\/mountlaser.com\/pl\/products\/\">Pryzmatyczny s\u0142up aluminiowy DZ<\/a>:<br \/>\nDZ060 Aluminiowy s\u0142upek pryzmatyczny o d\u0142ugo\u015bci 60 cm<br \/>\nDZ0125 Aluminiowy s\u0142upek pryzmatyczny o d\u0142ugo\u015bci 125 cm<\/p>\n<p>Dzi\u0119ki mo\u017cliwo\u015bci wyboru pomi\u0119dzy niezawodn\u0105 blokad\u0105 Twist Lock i szybk\u0105 blokad\u0105 Quick Release Lock, a tak\u017ce opcjonalnej gumowej os\u0142ony antypo\u015blizgowej zapewniaj\u0105cej bezpieczne przenoszenie, <a href=\"https:\/\/mountlaser.com\/pl\/contact-us\/\"><strong>Pryzmatyczny s\u0142up aluminiowy DZ<\/strong><\/a> ma na celu zwi\u0119kszenie produktywno\u015bci i dok\u0142adno\u015bci w ka\u017cdym scenariuszu prac geodezyjnych.<\/p>\n<p><strong>Specyfikacja aluminiowego s\u0142upa pryzmatycznego DZ060\/125<\/strong><\/p>\n<table style=\"border-collapse: collapse; width: 846.77pt;\" border=\"0\" width=\"1129\" cellspacing=\"0\" cellpadding=\"0\">\n<tbody>\n<tr style=\"height: 14.25pt;\">\n<td class=\"et2\" style=\"height: 14.25pt; width: 142.50pt;\" width=\"190\" height=\"19\">NUMER<\/td>\n<td class=\"et2\" style=\"width: 127.50pt;\" width=\"170\">D\u0141UGO\u015a\u0106<\/td>\n<td class=\"et2\" style=\"width: 126.00pt;\" width=\"168\">TWORZYWO<\/td>\n<td class=\"et2\" style=\"width: 135.00pt;\" width=\"180\">ABSOLWENCI<\/td>\n<td class=\"et2\" style=\"width: 124.50pt;\" width=\"166\">OPCJA BLOKADY<\/td>\n<td class=\"et2\" style=\"width: 86.25pt;\" width=\"115\">\u015aREDNICA<\/td>\n<td style=\"width: 105.00pt;\" width=\"140\">zdj\u0119cie<\/td>\n<\/tr>\n<tr style=\"height: 14.25pt;\">\n<td class=\"et2\" style=\"height: 14.25pt;\" height=\"19\">DZ060<\/td>\n<td class=\"et3\">60 cm<\/td>\n<td class=\"et2\">Aluminium<\/td>\n<td class=\"et2\">Metr<\/td>\n<td class=\"et2\">TL\/QL<\/td>\n<td class=\"et2\">18\/25 mm<\/td>\n<td><img fetchpriority=\"high\" decoding=\"async\" class=\"alignnone wp-image-3769 size-medium\" src=\"https:\/\/mountlaser.com\/wp-content\/uploads\/2025\/11\/DZ060-2-300x300.webp\" alt=\"DZ Aluminum Prism Pole\" width=\"300\" height=\"300\" srcset=\"https:\/\/mountlaser.com\/wp-content\/uploads\/2025\/11\/DZ060-2-300x300.webp 300w, https:\/\/mountlaser.com\/wp-content\/uploads\/2025\/11\/DZ060-2-400x400.webp 400w, https:\/\/mountlaser.com\/wp-content\/uploads\/2025\/11\/DZ060-2-800x800.webp 800w, https:\/\/mountlaser.com\/wp-content\/uploads\/2025\/11\/DZ060-2-600x600.webp 600w, https:\/\/mountlaser.com\/wp-content\/uploads\/2025\/11\/DZ060-2-150x150.webp 150w, https:\/\/mountlaser.com\/wp-content\/uploads\/2025\/11\/DZ060-2-768x768.webp 768w, https:\/\/mountlaser.com\/wp-content\/uploads\/2025\/11\/DZ060-2-12x12.webp 12w, https:\/\/mountlaser.com\/wp-content\/uploads\/2025\/11\/DZ060-2.webp 1000w\" sizes=\"(max-width: 300px) 100vw, 300px\" \/><\/td>\n<\/tr>\n<tr style=\"height: 14.25pt;\">\n<td class=\"et2\" style=\"height: 14.25pt;\" height=\"19\">DZ125<\/td>\n<td class=\"et3\">125 cm<\/td>\n<td class=\"et2\">Aluminium<\/td>\n<td class=\"et2\">Metr<\/td>\n<td class=\"et2\">TL\/QL<\/td>\n<td class=\"et2\">18\/25 mm<\/td>\n<td><img decoding=\"async\" class=\"alignnone wp-image-3778 size-medium\" src=\"https:\/\/mountlaser.com\/wp-content\/uploads\/2025\/11\/DZ120-4-300x300.webp\" alt=\"DZ Aluminum Prism Pole\" width=\"300\" height=\"300\" srcset=\"https:\/\/mountlaser.com\/wp-content\/uploads\/2025\/11\/DZ120-4-300x300.webp 300w, https:\/\/mountlaser.com\/wp-content\/uploads\/2025\/11\/DZ120-4-400x400.webp 400w, https:\/\/mountlaser.com\/wp-content\/uploads\/2025\/11\/DZ120-4-800x800.webp 800w, https:\/\/mountlaser.com\/wp-content\/uploads\/2025\/11\/DZ120-4-600x600.webp 600w, https:\/\/mountlaser.com\/wp-content\/uploads\/2025\/11\/DZ120-4-150x150.webp 150w, https:\/\/mountlaser.com\/wp-content\/uploads\/2025\/11\/DZ120-4-768x768.webp 768w, https:\/\/mountlaser.com\/wp-content\/uploads\/2025\/11\/DZ120-4-12x12.webp 12w, https:\/\/mountlaser.com\/wp-content\/uploads\/2025\/11\/DZ120-4.webp 1000w\" sizes=\"(max-width: 300px) 100vw, 300px\" \/><\/td>\n<\/tr>\n<\/tbody>\n<\/table>","protected":false},"excerpt":{"rendered":"<ul>\n<li>Lekki i wytrzyma\u0142y: Wykonany z wysokiej jako\u015bci aluminium, co zapewnia \u0142atw\u0105 przeno\u015bno\u015b\u0107 i trwa\u0142o\u015b\u0107.<\/li>\n<li>Aluminiowy system blokowania: zapewnia doskona\u0142\u0105 wytrzyma\u0142o\u015b\u0107 i d\u0142u\u017csz\u0105 \u017cywotno\u015b\u0107.<\/li>\n<li>Zintegrowana skala miernika: Rurka wewn\u0119trzna z wyra\u017an\u0105 skal\u0105 umo\u017cliwiaj\u0105c\u0105 bezpo\u015bredni odczyt pomiaru.<\/li>\n<\/ul>","protected":false},"featured_media":3771,"comment_status":"open","ping_status":"closed","template":"","meta":[],"product_brand":[],"product_cat":[117,89],"product_tag":[],"class_list":{"0":"post-3776","1":"product","2":"type-product","3":"status-publish","4":"has-post-thumbnail","6":"product_cat-aluminum-prism-pole","7":"product_cat-surveying-pole-rod","9":"first","10":"instock","11":"shipping-taxable","12":"product-type-simple"},"_links":{"self":[{"href":"https:\/\/mountlaser.com\/pl\/wp-json\/wp\/v2\/product\/3776","targetHints":{"allow":["GET"]}}],"collection":[{"href":"https:\/\/mountlaser.com\/pl\/wp-json\/wp\/v2\/product"}],"about":[{"href":"https:\/\/mountlaser.com\/pl\/wp-json\/wp\/v2\/types\/product"}],"replies":[{"embeddable":true,"href":"https:\/\/mountlaser.com\/pl\/wp-json\/wp\/v2\/comments?post=3776"}],"wp:featuredmedia":[{"embeddable":true,"href":"https:\/\/mountlaser.com\/pl\/wp-json\/wp\/v2\/media\/3771"}],"wp:attachment":[{"href":"https:\/\/mountlaser.com\/pl\/wp-json\/wp\/v2\/media?parent=3776"}],"wp:term":[{"taxonomy":"product_brand","embeddable":true,"href":"https:\/\/mountlaser.com\/pl\/wp-json\/wp\/v2\/product_brand?post=3776"},{"taxonomy":"product_cat","embeddable":true,"href":"https:\/\/mountlaser.com\/pl\/wp-json\/wp\/v2\/product_cat?post=3776"},{"taxonomy":"product_tag","embeddable":true,"href":"https:\/\/mountlaser.com\/pl\/wp-json\/wp\/v2\/product_tag?post=3776"}],"curies":[{"name":"wp","href":"https:\/\/api.w.org\/{rel}","templated":true}]}}