{"id":3758,"date":"2025-11-07T08:59:51","date_gmt":"2025-11-07T08:59:51","guid":{"rendered":"https:\/\/mountlaser.com\/?post_type=product&#038;p=3758"},"modified":"2025-11-27T07:57:05","modified_gmt":"2025-11-27T07:57:05","slug":"atp2s-360prism-with-pole","status":"publish","type":"product","link":"https:\/\/mountlaser.com\/pl\/produkt\/atp2s-360prism-with-pole\/","title":{"rendered":"Pryzmat ATP2S 360\u00b0 z tyczk\u0105"},"content":{"rendered":"<p>Ten <a href=\"https:\/\/mountlaser.com\/pl\/\"><strong>Pryzmat ATP2S 360\u00b0 z tyczk\u0105<\/strong><\/a> jest wysoce precyzyjny <a href=\"https:\/\/mountlaser.com\/pl\/products\/\"><strong>Stylowy, przesuwny, 360-stopniowy pryzmat robota<\/strong><\/a> Zaprojektowany do profesjonalnych zastosowa\u0144 geodezyjnych i zrobotyzowanych tachimetr\u00f3w. Zaprojektowany z my\u015bl\u0105 o dok\u0142adno\u015bci, wytrzyma\u0142o\u015bci i \u0142atwo\u015bci u\u017cytkowania, ten pryzmat ATP2S 360\u00b0 z tyczk\u0105 zapewnia stabiln\u0105 prac\u0119 w wymagaj\u0105cych warunkach terenowych.<\/p>\n<p>Zbudowany z sze\u015bciu precyzyjnie ustawionych pryzmat\u00f3w, pryzmat Style Sliding 360 Robotic Prism zapewnia 360-stopniowy wsp\u00f3\u0142czynnik odbicia, zapewniaj\u0105c niezawodny sygna\u0142 zwrotny ze wszystkich kierunk\u00f3w. Sta\u0142a pryzmatu -7 mm i dok\u0142adno\u015b\u0107 centrowania \u00b12,0 mm gwarantuj\u0105 wyj\u0105tkow\u0105 precyzj\u0119 pomiaru. Pryzmat ATP2S 360\u00b0 z tyczk\u0105 posiada 20-calowy tyczk\u0119 ze stali nierdzewnej i wbudowan\u0105 okr\u0105g\u0142\u0105 poziomnic\u0119 p\u0119cherzykow\u0105, co umo\u017cliwia \u0142atw\u0105 konfiguracj\u0119 i dok\u0142adne ustawienie w pionie.<\/p>\n<p><img fetchpriority=\"high\" decoding=\"async\" class=\"aligncenter wp-image-3763\" src=\"https:\/\/mountlaser.com\/wp-content\/uploads\/2025\/11\/ATP2S5.webp\" alt=\"ATP2S 360\u00b0prism with pole\" width=\"500\" height=\"500\" srcset=\"https:\/\/mountlaser.com\/wp-content\/uploads\/2025\/11\/ATP2S5.webp 1000w, https:\/\/mountlaser.com\/wp-content\/uploads\/2025\/11\/ATP2S5-300x300.webp 300w, https:\/\/mountlaser.com\/wp-content\/uploads\/2025\/11\/ATP2S5-400x400.webp 400w, https:\/\/mountlaser.com\/wp-content\/uploads\/2025\/11\/ATP2S5-800x800.webp 800w, https:\/\/mountlaser.com\/wp-content\/uploads\/2025\/11\/ATP2S5-600x600.webp 600w, https:\/\/mountlaser.com\/wp-content\/uploads\/2025\/11\/ATP2S5-150x150.webp 150w, https:\/\/mountlaser.com\/wp-content\/uploads\/2025\/11\/ATP2S5-768x768.webp 768w, https:\/\/mountlaser.com\/wp-content\/uploads\/2025\/11\/ATP2S5-12x12.webp 12w\" sizes=\"(max-width: 500px) 100vw, 500px\" \/><\/p>\n<p>Zesp\u00f3\u0142 pryzmatu obejmuje wytrzyma\u0142\u0105 gumowan\u0105 obudow\u0119 zapewniaj\u0105c\u0105 lepsz\u0105 ochron\u0119 przed uderzeniami w terenie oraz \u0142atwy w u\u017cyciu mechanizm zwalniania i przytrzymywania umo\u017cliwiaj\u0105cy szybki monta\u017c i demonta\u017c, dzi\u0119ki czemu <a href=\"https:\/\/mountlaser.com\/pl\/contact-us\/\">Stylowy, przesuwny, 360-stopniowy pryzmat robota<\/a> idealny wyb\u00f3r do pomiar\u00f3w topograficznych, projekt\u00f3w monitoringowych i prac zwi\u0105zanych z rozplanowaniem budowy.<\/p>","protected":false},"excerpt":{"rendered":"<ul>\n<li>Pryzmat ATP2S 360\u00b0 z tyczk\u0105 do profesjonalnych tachimetr\u00f3w i pomiar\u00f3w robotycznych<\/li>\n<li>Z sze\u015bcioma precyzyjnymi pryzmatami pokrytymi srebrem<\/li>\n<li>Wytrzyma\u0142a, gumowana obudowa z przyciskiem szybkiego zwalniania dla wygody<\/li>\n<\/ul>","protected":false},"featured_media":3761,"comment_status":"open","ping_status":"closed","template":"","meta":[],"product_brand":[],"product_cat":[72,115],"product_tag":[],"class_list":{"0":"post-3758","1":"product","2":"type-product","3":"status-publish","4":"has-post-thumbnail","6":"product_cat-reflective-target-prism","7":"product_cat-wide-angle-prism","9":"first","10":"instock","11":"shipping-taxable","12":"product-type-simple"},"_links":{"self":[{"href":"https:\/\/mountlaser.com\/pl\/wp-json\/wp\/v2\/product\/3758","targetHints":{"allow":["GET"]}}],"collection":[{"href":"https:\/\/mountlaser.com\/pl\/wp-json\/wp\/v2\/product"}],"about":[{"href":"https:\/\/mountlaser.com\/pl\/wp-json\/wp\/v2\/types\/product"}],"replies":[{"embeddable":true,"href":"https:\/\/mountlaser.com\/pl\/wp-json\/wp\/v2\/comments?post=3758"}],"wp:featuredmedia":[{"embeddable":true,"href":"https:\/\/mountlaser.com\/pl\/wp-json\/wp\/v2\/media\/3761"}],"wp:attachment":[{"href":"https:\/\/mountlaser.com\/pl\/wp-json\/wp\/v2\/media?parent=3758"}],"wp:term":[{"taxonomy":"product_brand","embeddable":true,"href":"https:\/\/mountlaser.com\/pl\/wp-json\/wp\/v2\/product_brand?post=3758"},{"taxonomy":"product_cat","embeddable":true,"href":"https:\/\/mountlaser.com\/pl\/wp-json\/wp\/v2\/product_cat?post=3758"},{"taxonomy":"product_tag","embeddable":true,"href":"https:\/\/mountlaser.com\/pl\/wp-json\/wp\/v2\/product_tag?post=3758"}],"curies":[{"name":"wp","href":"https:\/\/api.w.org\/{rel}","templated":true}]}}